{"id":700,"date":"2021-03-11T13:14:04","date_gmt":"2021-03-11T13:14:04","guid":{"rendered":"http:\/\/localhost:8888\/duodecim\/?page_id=700"},"modified":"2025-04-03T05:34:32","modified_gmt":"2025-04-03T05:34:32","slug":"laakariseuran-logo","status":"publish","type":"page","link":"https:\/\/www.duodecim.fi\/visuaalinenohjeisto\/laakariseuran-logo\/","title":{"rendered":"L\u00e4\u00e4k\u00e4riseuran logo"},"content":{"rendered":"","protected":false},"excerpt":{"rendered":"","protected":false},"author":31,"featured_media":0,"parent":0,"menu_order":0,"comment_status":"closed","ping_status":"closed","template":"page-logo.php","meta":{"_acf_changed":false,"inline_featured_image":false,"footnotes":""},"class_list":["post-700","page","type-page","status-publish","hentry"],"acf":[],"_links":{"self":[{"href":"https:\/\/www.duodecim.fi\/visuaalinenohjeisto\/wp-json\/wp\/v2\/pages\/700","targetHints":{"allow":["GET"]}}],"collection":[{"href":"https:\/\/www.duodecim.fi\/visuaalinenohjeisto\/wp-json\/wp\/v2\/pages"}],"about":[{"href":"https:\/\/www.duodecim.fi\/visuaalinenohjeisto\/wp-json\/wp\/v2\/types\/page"}],"author":[{"embeddable":true,"href":"https:\/\/www.duodecim.fi\/visuaalinenohjeisto\/wp-json\/wp\/v2\/users\/31"}],"replies":[{"embeddable":true,"href":"https:\/\/www.duodecim.fi\/visuaalinenohjeisto\/wp-json\/wp\/v2\/comments?post=700"}],"version-history":[{"count":28,"href":"https:\/\/www.duodecim.fi\/visuaalinenohjeisto\/wp-json\/wp\/v2\/pages\/700\/revisions"}],"predecessor-version":[{"id":1426,"href":"https:\/\/www.duodecim.fi\/visuaalinenohjeisto\/wp-json\/wp\/v2\/pages\/700\/revisions\/1426"}],"wp:attachment":[{"href":"https:\/\/www.duodecim.fi\/visuaalinenohjeisto\/wp-json\/wp\/v2\/media?parent=700"}],"curies":[{"name":"wp","href":"https:\/\/api.w.org\/{rel}","templated":true}]}}