{"id":608,"date":"2021-03-11T13:08:23","date_gmt":"2021-03-11T11:08:23","guid":{"rendered":"http:\/\/www.duodecim.fi\/vaalit\/?page_id=608"},"modified":"2022-02-25T12:51:03","modified_gmt":"2022-02-25T10:51:03","slug":"vaalitulos","status":"publish","type":"page","link":"https:\/\/www.duodecim.fi\/vaalit\/vaalitulos\/","title":{"rendered":"Vaalien tulos 2022"},"content":{"rendered":"","protected":false},"excerpt":{"rendered":"<p>Uusi valtuuskunta kaudelle 2022\u20132025 on valittu. L\u00e4mpim\u00e4t onnittelut uusille luottamushenkil\u00f6ille ja kiitokset kaikille ehdokkaille sek\u00e4 \u00e4\u00e4nest\u00e4jille!<\/p>\n","protected":false},"author":1597,"featured_media":0,"parent":0,"menu_order":0,"comment_status":"closed","ping_status":"closed","template":"template-tulokset.php","meta":{"_acf_changed":false,"footnotes":""},"class_list":["post-608","page","type-page","status-publish","hentry"],"acf":[],"_links":{"self":[{"href":"https:\/\/www.duodecim.fi\/vaalit\/wp-json\/wp\/v2\/pages\/608","targetHints":{"allow":["GET"]}}],"collection":[{"href":"https:\/\/www.duodecim.fi\/vaalit\/wp-json\/wp\/v2\/pages"}],"about":[{"href":"https:\/\/www.duodecim.fi\/vaalit\/wp-json\/wp\/v2\/types\/page"}],"author":[{"embeddable":true,"href":"https:\/\/www.duodecim.fi\/vaalit\/wp-json\/wp\/v2\/users\/1597"}],"replies":[{"embeddable":true,"href":"https:\/\/www.duodecim.fi\/vaalit\/wp-json\/wp\/v2\/comments?post=608"}],"version-history":[{"count":26,"href":"https:\/\/www.duodecim.fi\/vaalit\/wp-json\/wp\/v2\/pages\/608\/revisions"}],"predecessor-version":[{"id":1010,"href":"https:\/\/www.duodecim.fi\/vaalit\/wp-json\/wp\/v2\/pages\/608\/revisions\/1010"}],"wp:attachment":[{"href":"https:\/\/www.duodecim.fi\/vaalit\/wp-json\/wp\/v2\/media?parent=608"}],"curies":[{"name":"wp","href":"https:\/\/api.w.org\/{rel}","templated":true}]}}