{"id":903,"date":"2020-06-12T12:09:16","date_gmt":"2020-06-12T09:09:16","guid":{"rendered":"http:\/\/www.duodecim.fi\/svenska\/?page_id=903"},"modified":"2023-12-18T10:29:35","modified_gmt":"2023-12-18T08:29:35","slug":"duodecim-symptombedomningar","status":"publish","type":"page","link":"https:\/\/www.duodecim.fi\/svenska\/for-medicinska-yrkesutovare\/duodecim-symptombedomningar\/","title":{"rendered":"Duodecim Symptombed\u00f6mningar"},"content":{"rendered":"\n<p><strong>Duodecim Symptombed\u00f6mningar \u00e4r fr\u00e5geblanketter som \u00e4r avsedda f\u00f6r bed\u00f6mning av ett enskilt h\u00e4lsoproblem eller symptom och med vilka man bed\u00f6mer v\u00e5rdbehovet och dess br\u00e5dskande karakt\u00e4r, ger \u00e5tg\u00e4rdsrekommendationer samt med hj\u00e4lp av regional servicestyrning automatiskt h\u00e4nvisar personen till \u00e4ndam\u00e5lsenlig hj\u00e4lp.<\/strong><\/p>\n\n\n\n<p>Duodecim Symptombed\u00f6mningar anv\u00e4nds som en del av tj\u00e4nsten Omaolo i Finland. Omaolo \u00e4r en webbtj\u00e4nst som utvecklats till st\u00f6d f\u00f6r att utr\u00e4tta \u00e4renden inom social- och h\u00e4lsov\u00e5rden. Genom tj\u00e4nsten kan man bed\u00f6ma sitt behov av v\u00e5rd och tj\u00e4nster.\u00a0 Duodecim har i tj\u00e4nsten producerat verktyg som baserar sig p\u00e5 senaste forskningsr\u00f6n f\u00f6r bed\u00f6mning av sjukdomssymptom och den behandling som dessa kr\u00e4ver.<\/p>\n\n\n\n<p>DigiFinland Ab ansvarar f\u00f6r tj\u00e4nsten Omaolo. Mer information om Omaolo och ibruktagandet av den: <a href=\"https:\/\/digifinland.fi\/sv\/etusivu-svenska\/\">DigiFinland Ab.<\/a><\/p>\n\n\n\n<p>Mer information om Duodecim symptombed\u00f6mningar: <a href=\"mailto:ebmeds.fi\">Ta kontakt<\/a>.<\/p>\n\n\n\n<div class=\"wp-block-media-text is-stacked-on-mobile\" style=\"grid-template-columns:15% auto\"><figure class=\"wp-block-media-text__media\"><img loading=\"lazy\" decoding=\"async\" width=\"294\" height=\"222\" src=\"https:\/\/www.duodecim.fi\/svenska\/wp-content\/uploads\/sites\/10\/2023\/12\/CE-0598.png\" alt=\"\" class=\"wp-image-1104 size-full\" \/><\/figure><div class=\"wp-block-media-text__content\">\n<p><\/p>\n<\/div><\/div>\n","protected":false},"excerpt":{"rendered":"<p>Duodecim Symptombed\u00f6mningar \u00e4r fr\u00e5geblanketter som \u00e4r avsedda f\u00f6r bed\u00f6mning av ett enskilt h\u00e4lsoproblem eller symptom och med vilka man bed\u00f6mer v\u00e5rdbehovet och dess br\u00e5dskande karakt\u00e4r, ger \u00e5tg\u00e4rdsrekommendationer samt med hj\u00e4lp av regional servicestyrning automatiskt h\u00e4nvisar personen till \u00e4ndam\u00e5lsenlig hj\u00e4lp. Duodecim Symptombed\u00f6mningar anv\u00e4nds som en del av tj\u00e4nsten Omaolo i Finland. Omaolo \u00e4r en webbtj\u00e4nst som [&hellip;]<\/p>\n","protected":false},"author":30,"featured_media":883,"parent":433,"menu_order":0,"comment_status":"closed","ping_status":"closed","template":"","meta":{"_acf_changed":false,"footnotes":""},"tags":[],"page_categories":[3,10],"class_list":["post-903","page","type-page","status-publish","has-post-thumbnail","hentry","page_categories-producter","page_categories-tuotteet"],"acf":[],"_links":{"self":[{"href":"https:\/\/www.duodecim.fi\/svenska\/wp-json\/wp\/v2\/pages\/903","targetHints":{"allow":["GET"]}}],"collection":[{"href":"https:\/\/www.duodecim.fi\/svenska\/wp-json\/wp\/v2\/pages"}],"about":[{"href":"https:\/\/www.duodecim.fi\/svenska\/wp-json\/wp\/v2\/types\/page"}],"author":[{"embeddable":true,"href":"https:\/\/www.duodecim.fi\/svenska\/wp-json\/wp\/v2\/users\/30"}],"replies":[{"embeddable":true,"href":"https:\/\/www.duodecim.fi\/svenska\/wp-json\/wp\/v2\/comments?post=903"}],"version-history":[{"count":10,"href":"https:\/\/www.duodecim.fi\/svenska\/wp-json\/wp\/v2\/pages\/903\/revisions"}],"predecessor-version":[{"id":1112,"href":"https:\/\/www.duodecim.fi\/svenska\/wp-json\/wp\/v2\/pages\/903\/revisions\/1112"}],"up":[{"embeddable":true,"href":"https:\/\/www.duodecim.fi\/svenska\/wp-json\/wp\/v2\/pages\/433"}],"wp:featuredmedia":[{"embeddable":true,"href":"https:\/\/www.duodecim.fi\/svenska\/wp-json\/wp\/v2\/media\/883"}],"wp:attachment":[{"href":"https:\/\/www.duodecim.fi\/svenska\/wp-json\/wp\/v2\/media?parent=903"}],"wp:term":[{"taxonomy":"post_tag","embeddable":true,"href":"https:\/\/www.duodecim.fi\/svenska\/wp-json\/wp\/v2\/tags?post=903"},{"taxonomy":"page_categories","embeddable":true,"href":"https:\/\/www.duodecim.fi\/svenska\/wp-json\/wp\/v2\/page_categories?post=903"}],"curies":[{"name":"wp","href":"https:\/\/api.w.org\/{rel}","templated":true}]}}