{"id":901,"date":"2020-06-12T12:05:43","date_gmt":"2020-06-12T09:05:43","guid":{"rendered":"http:\/\/www.duodecim.fi\/svenska\/?page_id=901"},"modified":"2020-06-12T12:05:43","modified_gmt":"2020-06-12T09:05:43","slug":"duodecim-egenvard-omahoito","status":"publish","type":"page","link":"https:\/\/www.duodecim.fi\/svenska\/for-medicinska-yrkesutovare\/duodecim-egenvard-omahoito\/","title":{"rendered":"Duodecim Egenv\u00e5rd (Omahoito)"},"content":{"rendered":"\n<p><strong>Duodecim Egenv\u00e5rd ger medborgare konkret information om genomf\u00f6randet av v\u00e5rden och uppf\u00f6ljningen av egen l\u00e5ngvarig sjukdom \u2013 ocks\u00e5 f\u00f6r anh\u00f6rigas och n\u00e4ras anv\u00e4ndning.<\/strong><\/p>\n\n\n\n<p>Tj\u00e4nsten Egenv\u00e5rd \u00e4r en databank f\u00f6r patienter med l\u00e5ngvariga sjukdomar. Den st\u00f6der och kompletterar handledningen av egenv\u00e5rden som h\u00e4lsov\u00e5rdens personal ger p\u00e5 mottagningar. Videor, n\u00e4tkurser och artiklar inneh\u00e5ller v\u00e4sentliga uppgifter om sjukdomen och speciellt dess egenv\u00e5rd genom att ocks\u00e5 ge m\u00e5nga praktiska r\u00e5d.<\/p>\n\n\n\n<p>Tj\u00e4nsten baserar sig huvudsakligen p\u00e5 Duodecims, Terveyskirjastos, Terveysporttis och God medicinsk praxis databas genom att speciellt beakta patientens egenmakt.&nbsp;Inneh\u00e5llet kompletteras kontinuerligt, s\u00e4rskilt produktionen av n\u00e4tkurser och videor \u00f6kas.<\/p>\n\n\n\n<p>Tj\u00e4nsten Egenv\u00e5rd \u00e4r en effektiv del av kommunernas elektroniska h\u00e4lsotj\u00e4nster, den anv\u00e4nds redan av tv\u00e5 miljoner finl\u00e4ndare.<\/p>\n\n\n\n<p>Fr\u00e5gor omahoito(at)duodecim.fi.<\/p>\n\n\n\n<p>Duodecim Egenv\u00e5rd publiceras av Kustannus Oy Duodecim.<\/p>\n","protected":false},"excerpt":{"rendered":"<p>Duodecim Egenv\u00e5rd ger medborgare konkret information om genomf\u00f6randet av v\u00e5rden och uppf\u00f6ljningen av egen l\u00e5ngvarig sjukdom \u2013 ocks\u00e5 f\u00f6r anh\u00f6rigas och n\u00e4ras anv\u00e4ndning. Tj\u00e4nsten Egenv\u00e5rd \u00e4r en databank f\u00f6r patienter med l\u00e5ngvariga sjukdomar. Den st\u00f6der och kompletterar handledningen av egenv\u00e5rden som h\u00e4lsov\u00e5rdens personal ger p\u00e5 mottagningar. Videor, n\u00e4tkurser och artiklar inneh\u00e5ller v\u00e4sentliga uppgifter om sjukdomen [&hellip;]<\/p>\n","protected":false},"author":30,"featured_media":884,"parent":433,"menu_order":0,"comment_status":"closed","ping_status":"closed","template":"template-tuote.php","meta":{"_acf_changed":false,"footnotes":""},"tags":[],"page_categories":[3,10],"class_list":["post-901","page","type-page","status-publish","has-post-thumbnail","hentry","page_categories-producter","page_categories-tuotteet"],"acf":[],"_links":{"self":[{"href":"https:\/\/www.duodecim.fi\/svenska\/wp-json\/wp\/v2\/pages\/901","targetHints":{"allow":["GET"]}}],"collection":[{"href":"https:\/\/www.duodecim.fi\/svenska\/wp-json\/wp\/v2\/pages"}],"about":[{"href":"https:\/\/www.duodecim.fi\/svenska\/wp-json\/wp\/v2\/types\/page"}],"author":[{"embeddable":true,"href":"https:\/\/www.duodecim.fi\/svenska\/wp-json\/wp\/v2\/users\/30"}],"replies":[{"embeddable":true,"href":"https:\/\/www.duodecim.fi\/svenska\/wp-json\/wp\/v2\/comments?post=901"}],"version-history":[{"count":1,"href":"https:\/\/www.duodecim.fi\/svenska\/wp-json\/wp\/v2\/pages\/901\/revisions"}],"predecessor-version":[{"id":902,"href":"https:\/\/www.duodecim.fi\/svenska\/wp-json\/wp\/v2\/pages\/901\/revisions\/902"}],"up":[{"embeddable":true,"href":"https:\/\/www.duodecim.fi\/svenska\/wp-json\/wp\/v2\/pages\/433"}],"wp:featuredmedia":[{"embeddable":true,"href":"https:\/\/www.duodecim.fi\/svenska\/wp-json\/wp\/v2\/media\/884"}],"wp:attachment":[{"href":"https:\/\/www.duodecim.fi\/svenska\/wp-json\/wp\/v2\/media?parent=901"}],"wp:term":[{"taxonomy":"post_tag","embeddable":true,"href":"https:\/\/www.duodecim.fi\/svenska\/wp-json\/wp\/v2\/tags?post=901"},{"taxonomy":"page_categories","embeddable":true,"href":"https:\/\/www.duodecim.fi\/svenska\/wp-json\/wp\/v2\/page_categories?post=901"}],"curies":[{"name":"wp","href":"https:\/\/api.w.org\/{rel}","templated":true}]}}