{"id":899,"date":"2020-06-12T12:02:54","date_gmt":"2020-06-12T09:02:54","guid":{"rendered":"http:\/\/www.duodecim.fi\/svenska\/?page_id=899"},"modified":"2020-06-30T10:22:55","modified_gmt":"2020-06-30T07:22:55","slug":"duodecims-halsoundersokning-och-traning-duodecim-star","status":"publish","type":"page","link":"https:\/\/www.duodecim.fi\/svenska\/for-medicinska-yrkesutovare\/duodecims-halsoundersokning-och-traning-duodecim-star\/","title":{"rendered":"Duodecims H\u00e4lsounders\u00f6kning och -tr\u00e4ning \/ Duodecim STAR"},"content":{"rendered":"<h6>Duodecims h\u00e4lsounders\u00f6kning och -tr\u00e4ning ger en \u00f6vergripande bed\u00f6mning av v\u00e4lm\u00e5ende och verktyg f\u00f6r att genomf\u00f6ra f\u00f6r\u00e4ndringen.<\/h6>\n<p>En rapport om h\u00e4lsounders\u00f6kning som baserar sig p\u00e5 cirka fyrtio fr\u00e5gor ger ber\u00e4kningen av den f\u00f6rv\u00e4ntade livsl\u00e4ngden och vanligaste sjukdomsrisker samt en sammanfattning av de levnadss\u00e4tt som p\u00e5verkar h\u00e4lsan och s\u00e4tt att p\u00e5verka dem. H\u00e4lsotr\u00e4ningens veckomeddelanden uppmuntrar och handleder anv\u00e4ndaren via e-post mot ett \u00e4nnu&nbsp;b\u00e4ttre liv. Man kan v\u00e4lja mellan tr\u00e4ningar inom viktiga livsomr\u00e5den: viktkontroll, motion, mat, s\u00f6mn, kunskaper f\u00f6r ett lyckligt liv, f\u00f6rb\u00e4ttring av f\u00f6rh\u00e5llandet mellan partnerna, m\u00e5ttlig konsumtion av alkohol och att sluta r\u00f6ka.<\/p>\n<p>Duodecims h\u00e4lsounders\u00f6kning och -tr\u00e4ning \u00e4r en effektiv del av kommunernas elektroniska h\u00e4lsotj\u00e4nster, den anv\u00e4nds redan av tv\u00e5 miljoner finl\u00e4ndare.<\/p>\n<p>Fr\u00e5gor star(at)duodecim.fi.<\/p>\n<p>Programmet produceras av Kustannus Oy Duodecim.<\/p>\n\n\n<figure class=\"wp-block-image size-large is-resized\"><a href=\"https:\/\/www.sgs.com\/en\/certified-clients-and-products\"><img loading=\"lazy\" decoding=\"async\" src=\"https:\/\/www.duodecim.fi\/svenska\/wp-content\/uploads\/sites\/10\/2020\/06\/SGS_ISO_13485_round_TCL_HR.jpg\" alt=\"\" class=\"wp-image-913\" width=\"275\" height=\"268\" srcset=\"https:\/\/www.duodecim.fi\/svenska\/wp-content\/uploads\/sites\/10\/2020\/06\/SGS_ISO_13485_round_TCL_HR.jpg 629w, https:\/\/www.duodecim.fi\/svenska\/wp-content\/uploads\/sites\/10\/2020\/06\/SGS_ISO_13485_round_TCL_HR-300x293.jpg 300w, https:\/\/www.duodecim.fi\/svenska\/wp-content\/uploads\/sites\/10\/2020\/06\/SGS_ISO_13485_round_TCL_HR-360x351.jpg 360w\" sizes=\"auto, (max-width: 275px) 100vw, 275px\" \/><\/a><\/figure>\n\n\n\n<p><\/p>\n","protected":false},"excerpt":{"rendered":"<p>Duodecims h\u00e4lsounders\u00f6kning och -tr\u00e4ning ger en \u00f6vergripande bed\u00f6mning av v\u00e4lm\u00e5ende och verktyg f\u00f6r att genomf\u00f6ra f\u00f6r\u00e4ndringen. En rapport om h\u00e4lsounders\u00f6kning som baserar sig p\u00e5 cirka fyrtio fr\u00e5gor ger ber\u00e4kningen av den f\u00f6rv\u00e4ntade livsl\u00e4ngden och vanligaste sjukdomsrisker samt en sammanfattning av de levnadss\u00e4tt som p\u00e5verkar h\u00e4lsan och s\u00e4tt att p\u00e5verka dem. H\u00e4lsotr\u00e4ningens veckomeddelanden uppmuntrar och handleder [&hellip;]<\/p>\n","protected":false},"author":30,"featured_media":539,"parent":433,"menu_order":0,"comment_status":"closed","ping_status":"closed","template":"template-tuote.php","meta":{"_acf_changed":false,"footnotes":""},"tags":[],"page_categories":[3,10],"class_list":["post-899","page","type-page","status-publish","has-post-thumbnail","hentry","page_categories-producter","page_categories-tuotteet"],"acf":[],"_links":{"self":[{"href":"https:\/\/www.duodecim.fi\/svenska\/wp-json\/wp\/v2\/pages\/899","targetHints":{"allow":["GET"]}}],"collection":[{"href":"https:\/\/www.duodecim.fi\/svenska\/wp-json\/wp\/v2\/pages"}],"about":[{"href":"https:\/\/www.duodecim.fi\/svenska\/wp-json\/wp\/v2\/types\/page"}],"author":[{"embeddable":true,"href":"https:\/\/www.duodecim.fi\/svenska\/wp-json\/wp\/v2\/users\/30"}],"replies":[{"embeddable":true,"href":"https:\/\/www.duodecim.fi\/svenska\/wp-json\/wp\/v2\/comments?post=899"}],"version-history":[{"count":2,"href":"https:\/\/www.duodecim.fi\/svenska\/wp-json\/wp\/v2\/pages\/899\/revisions"}],"predecessor-version":[{"id":918,"href":"https:\/\/www.duodecim.fi\/svenska\/wp-json\/wp\/v2\/pages\/899\/revisions\/918"}],"up":[{"embeddable":true,"href":"https:\/\/www.duodecim.fi\/svenska\/wp-json\/wp\/v2\/pages\/433"}],"wp:featuredmedia":[{"embeddable":true,"href":"https:\/\/www.duodecim.fi\/svenska\/wp-json\/wp\/v2\/media\/539"}],"wp:attachment":[{"href":"https:\/\/www.duodecim.fi\/svenska\/wp-json\/wp\/v2\/media?parent=899"}],"wp:term":[{"taxonomy":"post_tag","embeddable":true,"href":"https:\/\/www.duodecim.fi\/svenska\/wp-json\/wp\/v2\/tags?post=899"},{"taxonomy":"page_categories","embeddable":true,"href":"https:\/\/www.duodecim.fi\/svenska\/wp-json\/wp\/v2\/page_categories?post=899"}],"curies":[{"name":"wp","href":"https:\/\/api.w.org\/{rel}","templated":true}]}}