{"id":895,"date":"2020-06-12T11:48:28","date_gmt":"2020-06-12T08:48:28","guid":{"rendered":"http:\/\/www.duodecim.fi\/svenska\/?page_id=895"},"modified":"2020-06-30T10:21:12","modified_gmt":"2020-06-30T07:21:12","slug":"helhetsbedomning-av-medicinering-ebmeds","status":"publish","type":"page","link":"https:\/\/www.duodecim.fi\/svenska\/for-medicinska-yrkesutovare\/helhetsbedomning-av-medicinering-ebmeds\/","title":{"rendered":"Helhetsbed\u00f6mning av medicinering EBMEDS"},"content":{"rendered":"<h6>Endast var tredje \u00e4ldre person eller multisjuk patient f\u00e5r idag r\u00e4tt medicinering. Kustannus Oy Duodecim samt PRIMA-eDS-konsortium finansierat av EU har utvecklat en ny egenskap f\u00f6r det kliniska beslutsst\u00f6det: helhetsbed\u00f6mningen av medicineringen som hj\u00e4lper att utv\u00e4rdera medicineringens helhetssituation.<\/h6>\n<p><strong>Helhetsbed\u00f6mningen av medicineringen inneh\u00e5ller<\/strong><\/p>\n<ul>\n<li>medicineringen i samband med njursvikt<\/li>\n<li>allvarliga l\u00e4kemedel-l\u00e4kemedelsinteraktioner<\/li>\n<li>indikationer och kontraindikationer relaterade till medicineringen<\/li>\n<li>skadeverkningar orsakade av medicineringen<\/li>\n<li>laboratorieunders\u00f6kningar.<\/li>\n<\/ul>\n<p><strong>Med hj\u00e4lp av helhetsbed\u00f6mningen av medicineringen kan man ocks\u00e5<\/strong><\/p>\n<ul>\n<li>fr\u00e4mja s\u00e4kerheten i l\u00e4kemedelsbehandlingen med automatiska p\u00e5minnelser och varningar<\/li>\n<li>hj\u00e4lpa vid anv\u00e4ndningen av alternativa och s\u00e4krare l\u00e4kemedel.<\/li>\n<\/ul>\n<p>Tj\u00e4nsten produceras av Kustannus Oy Duodecim.<\/p>\n\n\n<figure class=\"wp-block-image size-large is-resized\"><a href=\"https:\/\/www.sgs.com\/en\/certified-clients-and-products\"><img loading=\"lazy\" decoding=\"async\" src=\"https:\/\/www.duodecim.fi\/svenska\/wp-content\/uploads\/sites\/10\/2020\/06\/SGS_ISO_13485_round_TCL_HR.jpg\" alt=\"\" class=\"wp-image-913\" width=\"236\" height=\"230\" srcset=\"https:\/\/www.duodecim.fi\/svenska\/wp-content\/uploads\/sites\/10\/2020\/06\/SGS_ISO_13485_round_TCL_HR.jpg 629w, https:\/\/www.duodecim.fi\/svenska\/wp-content\/uploads\/sites\/10\/2020\/06\/SGS_ISO_13485_round_TCL_HR-300x293.jpg 300w, https:\/\/www.duodecim.fi\/svenska\/wp-content\/uploads\/sites\/10\/2020\/06\/SGS_ISO_13485_round_TCL_HR-360x351.jpg 360w\" sizes=\"auto, (max-width: 236px) 100vw, 236px\" \/><\/a><\/figure>\n","protected":false},"excerpt":{"rendered":"<p>Endast var tredje \u00e4ldre person eller multisjuk patient f\u00e5r idag r\u00e4tt medicinering. Kustannus Oy Duodecim samt PRIMA-eDS-konsortium finansierat av EU har utvecklat en ny egenskap f\u00f6r det kliniska beslutsst\u00f6det: helhetsbed\u00f6mningen av medicineringen som hj\u00e4lper att utv\u00e4rdera medicineringens helhetssituation. Helhetsbed\u00f6mningen av medicineringen inneh\u00e5ller medicineringen i samband med njursvikt allvarliga l\u00e4kemedel-l\u00e4kemedelsinteraktioner indikationer och kontraindikationer relaterade till medicineringen [&hellip;]<\/p>\n","protected":false},"author":30,"featured_media":887,"parent":433,"menu_order":0,"comment_status":"closed","ping_status":"closed","template":"template-tuote.php","meta":{"_acf_changed":false,"footnotes":""},"tags":[],"page_categories":[3,10],"class_list":["post-895","page","type-page","status-publish","has-post-thumbnail","hentry","page_categories-producter","page_categories-tuotteet"],"acf":[],"_links":{"self":[{"href":"https:\/\/www.duodecim.fi\/svenska\/wp-json\/wp\/v2\/pages\/895","targetHints":{"allow":["GET"]}}],"collection":[{"href":"https:\/\/www.duodecim.fi\/svenska\/wp-json\/wp\/v2\/pages"}],"about":[{"href":"https:\/\/www.duodecim.fi\/svenska\/wp-json\/wp\/v2\/types\/page"}],"author":[{"embeddable":true,"href":"https:\/\/www.duodecim.fi\/svenska\/wp-json\/wp\/v2\/users\/30"}],"replies":[{"embeddable":true,"href":"https:\/\/www.duodecim.fi\/svenska\/wp-json\/wp\/v2\/comments?post=895"}],"version-history":[{"count":3,"href":"https:\/\/www.duodecim.fi\/svenska\/wp-json\/wp\/v2\/pages\/895\/revisions"}],"predecessor-version":[{"id":916,"href":"https:\/\/www.duodecim.fi\/svenska\/wp-json\/wp\/v2\/pages\/895\/revisions\/916"}],"up":[{"embeddable":true,"href":"https:\/\/www.duodecim.fi\/svenska\/wp-json\/wp\/v2\/pages\/433"}],"wp:featuredmedia":[{"embeddable":true,"href":"https:\/\/www.duodecim.fi\/svenska\/wp-json\/wp\/v2\/media\/887"}],"wp:attachment":[{"href":"https:\/\/www.duodecim.fi\/svenska\/wp-json\/wp\/v2\/media?parent=895"}],"wp:term":[{"taxonomy":"post_tag","embeddable":true,"href":"https:\/\/www.duodecim.fi\/svenska\/wp-json\/wp\/v2\/tags?post=895"},{"taxonomy":"page_categories","embeddable":true,"href":"https:\/\/www.duodecim.fi\/svenska\/wp-json\/wp\/v2\/page_categories?post=895"}],"curies":[{"name":"wp","href":"https:\/\/api.w.org\/{rel}","templated":true}]}}