{"id":881,"date":"2020-06-12T11:39:26","date_gmt":"2020-06-12T08:39:26","guid":{"rendered":"http:\/\/www.duodecim.fi\/svenska\/?page_id=881"},"modified":"2020-06-30T09:57:40","modified_gmt":"2020-06-30T06:57:40","slug":"beslutsstodet-ebmeds","status":"publish","type":"page","link":"https:\/\/www.duodecim.fi\/svenska\/for-medicinska-yrkesutovare\/beslutsstodet-ebmeds\/","title":{"rendered":"Beslutsst\u00f6det EBMEDS"},"content":{"rendered":"<h6>Duodecims beslutsst\u00f6d EBMEDS sammanf\u00f6r uppgifter, som beskriver patientens tillst\u00e5nd och \u00e4r lagrade i en elektronisk patientjournal, och medicinska uppgifter samt ger sin anv\u00e4ndare patientspecifikt skr\u00e4ddarsydda handlingsinstruktioner. Namnet EBMEDS kommer fr\u00e5n termen \u201devidensbaserade medicinska elektroniska beslutsst\u00f6d\u201d (Evidence-Based Medicine Electronic Decision Support).<\/h6>\n<p>Fr\u00e5n patientjournalen f\u00e5r EBMEDS-tj\u00e4nsten uppgifter som beskriver patienten och ger varningar och p\u00e5minnelser, f\u00f6resl\u00e5r v\u00e5rd och erbjuder l\u00e4nkar till v\u00e5rdrekommendationer. P\u00e5minnelser genereras automatiskt ocks\u00e5 fr\u00e5n l\u00e4kemedelsinteraktions-, kontraindikations- och indikationsdatabaser som \u00e4r kopplade till beslutsst\u00f6det. Med hj\u00e4lp av beslutsst\u00f6det blir ocks\u00e5 ifyllandet av elektroniska blanketter och hj\u00e4lpprogram snabbare n\u00e4r uppgifterna kan h\u00e4mtas automatiskt fr\u00e5n patientjournalen.<\/p>\n<p>Ut\u00f6ver beslutsst\u00f6det i realtid kan EBMEDS anv\u00e4ndas f\u00f6r att l\u00f6sa patientgruppers v\u00e5rdproblem.<\/p>\n<p>EBMEDS-tj\u00e4nsten kan f\u00f6renas med alla elektroniska patientjournalsystem som inneh\u00e5ller strukturerad patientinformation. EBMEDS-teknologi \u00e4r enkel men effektiv. Den \u00e4r l\u00e4tt att installera och uppdatera.<\/p>\n<p>Duodecim har ett t\u00e4tt samarbete med Cochrane-gemenskap, GRADE-forskningsgemenskap, den internationella organisationen f\u00f6r v\u00e5rdrekommendationer (G-I-N) samt&nbsp;Ebsco Health-bokf\u00f6rlag.<\/p>\n\n\n<figure class=\"wp-block-image size-large is-resized\"><a href=\"https:\/\/www.sgs.com\/en\/certified-clients-and-products\"><img loading=\"lazy\" decoding=\"async\" src=\"https:\/\/www.duodecim.fi\/svenska\/wp-content\/uploads\/sites\/10\/2020\/06\/SGS_ISO_13485_round_TCL_HR.jpg\" alt=\"\" class=\"wp-image-913\" width=\"214\" height=\"209\" srcset=\"https:\/\/www.duodecim.fi\/svenska\/wp-content\/uploads\/sites\/10\/2020\/06\/SGS_ISO_13485_round_TCL_HR.jpg 629w, https:\/\/www.duodecim.fi\/svenska\/wp-content\/uploads\/sites\/10\/2020\/06\/SGS_ISO_13485_round_TCL_HR-300x293.jpg 300w, https:\/\/www.duodecim.fi\/svenska\/wp-content\/uploads\/sites\/10\/2020\/06\/SGS_ISO_13485_round_TCL_HR-360x351.jpg 360w\" sizes=\"auto, (max-width: 214px) 100vw, 214px\" \/><\/a><\/figure>\n","protected":false},"excerpt":{"rendered":"<p>Duodecims beslutsst\u00f6d EBMEDS sammanf\u00f6r uppgifter, som beskriver patientens tillst\u00e5nd och \u00e4r lagrade i en elektronisk patientjournal, och medicinska uppgifter samt ger sin anv\u00e4ndare patientspecifikt skr\u00e4ddarsydda handlingsinstruktioner. Namnet EBMEDS kommer fr\u00e5n termen \u201devidensbaserade medicinska elektroniska beslutsst\u00f6d\u201d (Evidence-Based Medicine Electronic Decision Support). Fr\u00e5n patientjournalen f\u00e5r EBMEDS-tj\u00e4nsten uppgifter som beskriver patienten och ger varningar och p\u00e5minnelser, f\u00f6resl\u00e5r v\u00e5rd [&hellip;]<\/p>\n","protected":false},"author":30,"featured_media":885,"parent":433,"menu_order":0,"comment_status":"closed","ping_status":"closed","template":"template-tuote.php","meta":{"_acf_changed":false,"footnotes":""},"tags":[],"page_categories":[3,10],"class_list":["post-881","page","type-page","status-publish","has-post-thumbnail","hentry","page_categories-producter","page_categories-tuotteet"],"acf":[],"_links":{"self":[{"href":"https:\/\/www.duodecim.fi\/svenska\/wp-json\/wp\/v2\/pages\/881","targetHints":{"allow":["GET"]}}],"collection":[{"href":"https:\/\/www.duodecim.fi\/svenska\/wp-json\/wp\/v2\/pages"}],"about":[{"href":"https:\/\/www.duodecim.fi\/svenska\/wp-json\/wp\/v2\/types\/page"}],"author":[{"embeddable":true,"href":"https:\/\/www.duodecim.fi\/svenska\/wp-json\/wp\/v2\/users\/30"}],"replies":[{"embeddable":true,"href":"https:\/\/www.duodecim.fi\/svenska\/wp-json\/wp\/v2\/comments?post=881"}],"version-history":[{"count":4,"href":"https:\/\/www.duodecim.fi\/svenska\/wp-json\/wp\/v2\/pages\/881\/revisions"}],"predecessor-version":[{"id":914,"href":"https:\/\/www.duodecim.fi\/svenska\/wp-json\/wp\/v2\/pages\/881\/revisions\/914"}],"up":[{"embeddable":true,"href":"https:\/\/www.duodecim.fi\/svenska\/wp-json\/wp\/v2\/pages\/433"}],"wp:featuredmedia":[{"embeddable":true,"href":"https:\/\/www.duodecim.fi\/svenska\/wp-json\/wp\/v2\/media\/885"}],"wp:attachment":[{"href":"https:\/\/www.duodecim.fi\/svenska\/wp-json\/wp\/v2\/media?parent=881"}],"wp:term":[{"taxonomy":"post_tag","embeddable":true,"href":"https:\/\/www.duodecim.fi\/svenska\/wp-json\/wp\/v2\/tags?post=881"},{"taxonomy":"page_categories","embeddable":true,"href":"https:\/\/www.duodecim.fi\/svenska\/wp-json\/wp\/v2\/page_categories?post=881"}],"curies":[{"name":"wp","href":"https:\/\/api.w.org\/{rel}","templated":true}]}}