{"id":871,"date":"2020-05-27T15:07:07","date_gmt":"2020-05-27T12:07:07","guid":{"rendered":"http:\/\/www.duodecim.fi\/svenska\/?page_id=871"},"modified":"2020-05-27T15:07:07","modified_gmt":"2020-05-27T12:07:07","slug":"symptombedomningar","status":"publish","type":"page","link":"https:\/\/www.duodecim.fi\/svenska\/kontakt\/symptombedomningar\/","title":{"rendered":"Symptombed\u00f6mningar"},"content":{"rendered":"<p>Duodecims Symptombed\u00f6mningar finns tillg\u00e4ngliga via tj\u00e4nsten Omaolo.<\/p>\n<p>E-postadresserna har formen av fornamn.efternamn@duodecim.fi<\/p>\n","protected":false},"excerpt":{"rendered":"<p>Duodecims Symptombed\u00f6mningar finns tillg\u00e4ngliga via tj\u00e4nsten Omaolo. E-postadresserna har formen av fornamn.efternamn@duodecim.fi<\/p>\n","protected":false},"author":30,"featured_media":0,"parent":439,"menu_order":0,"comment_status":"closed","ping_status":"closed","template":"template-yhteystiedot.php","meta":{"_acf_changed":false,"footnotes":""},"tags":[],"page_categories":[6],"class_list":["post-871","page","type-page","status-publish","hentry","page_categories-kontakt"],"acf":[],"_links":{"self":[{"href":"https:\/\/www.duodecim.fi\/svenska\/wp-json\/wp\/v2\/pages\/871","targetHints":{"allow":["GET"]}}],"collection":[{"href":"https:\/\/www.duodecim.fi\/svenska\/wp-json\/wp\/v2\/pages"}],"about":[{"href":"https:\/\/www.duodecim.fi\/svenska\/wp-json\/wp\/v2\/types\/page"}],"author":[{"embeddable":true,"href":"https:\/\/www.duodecim.fi\/svenska\/wp-json\/wp\/v2\/users\/30"}],"replies":[{"embeddable":true,"href":"https:\/\/www.duodecim.fi\/svenska\/wp-json\/wp\/v2\/comments?post=871"}],"version-history":[{"count":3,"href":"https:\/\/www.duodecim.fi\/svenska\/wp-json\/wp\/v2\/pages\/871\/revisions"}],"predecessor-version":[{"id":878,"href":"https:\/\/www.duodecim.fi\/svenska\/wp-json\/wp\/v2\/pages\/871\/revisions\/878"}],"up":[{"embeddable":true,"href":"https:\/\/www.duodecim.fi\/svenska\/wp-json\/wp\/v2\/pages\/439"}],"wp:attachment":[{"href":"https:\/\/www.duodecim.fi\/svenska\/wp-json\/wp\/v2\/media?parent=871"}],"wp:term":[{"taxonomy":"post_tag","embeddable":true,"href":"https:\/\/www.duodecim.fi\/svenska\/wp-json\/wp\/v2\/tags?post=871"},{"taxonomy":"page_categories","embeddable":true,"href":"https:\/\/www.duodecim.fi\/svenska\/wp-json\/wp\/v2\/page_categories?post=871"}],"curies":[{"name":"wp","href":"https:\/\/api.w.org\/{rel}","templated":true}]}}