{"id":633,"date":"2016-01-05T11:01:45","date_gmt":"2016-01-05T09:01:45","guid":{"rendered":"http:\/\/c20102plsrv24.duodecim.fi\/svenska\/?page_id=633"},"modified":"2020-05-15T11:14:31","modified_gmt":"2020-05-15T08:14:31","slug":"ta-kontakt-med-forelaget","status":"publish","type":"page","link":"https:\/\/www.duodecim.fi\/svenska\/kontakt\/ta-kontakt-med-forelaget\/","title":{"rendered":"Ta kontakt med f\u00f6rlaget"},"content":{"rendered":"<p><strong>F<\/strong>aktureringsinformation:<\/p>\n<p>Pappersfakturor: F\u00f6rlags Ab Duodecim, PB 874, 00101 Helsingfors<br \/>\nElektroniska fakturor: Ovt-kod 003705582871, operat\u00f6r Basware<br \/>\nFO-nummer 0558287-1<\/p>\n<p><strong><a href=\"https:\/\/verkkokauppa.duodecim.fi\/?snb_adname=kotisivut_sve_ta_kontakt_netbutik\/\">N\u00e4tbutiken <\/a><span style=\"color: #0066cc\">&nbsp;<\/span><span style=\"color: #0066cc\">\u00bb<\/span><\/strong><\/p>\n<p>&nbsp;<\/p>\n","protected":false},"excerpt":{"rendered":"<p>Faktureringsinformation: Pappersfakturor: F\u00f6rlags Ab Duodecim, PB 874, 00101 Helsingfors Elektroniska fakturor: Ovt-kod 003705582871, operat\u00f6r Basware FO-nummer 0558287-1 N\u00e4tbutiken &nbsp;\u00bb &nbsp;<\/p>\n","protected":false},"author":30,"featured_media":0,"parent":439,"menu_order":0,"comment_status":"closed","ping_status":"closed","template":"template-yhteystiedot.php","meta":{"_acf_changed":false,"footnotes":""},"tags":[],"page_categories":[6],"class_list":["post-633","page","type-page","status-publish","hentry","page_categories-kontakt"],"acf":[],"_links":{"self":[{"href":"https:\/\/www.duodecim.fi\/svenska\/wp-json\/wp\/v2\/pages\/633","targetHints":{"allow":["GET"]}}],"collection":[{"href":"https:\/\/www.duodecim.fi\/svenska\/wp-json\/wp\/v2\/pages"}],"about":[{"href":"https:\/\/www.duodecim.fi\/svenska\/wp-json\/wp\/v2\/types\/page"}],"author":[{"embeddable":true,"href":"https:\/\/www.duodecim.fi\/svenska\/wp-json\/wp\/v2\/users\/30"}],"replies":[{"embeddable":true,"href":"https:\/\/www.duodecim.fi\/svenska\/wp-json\/wp\/v2\/comments?post=633"}],"version-history":[{"count":17,"href":"https:\/\/www.duodecim.fi\/svenska\/wp-json\/wp\/v2\/pages\/633\/revisions"}],"predecessor-version":[{"id":853,"href":"https:\/\/www.duodecim.fi\/svenska\/wp-json\/wp\/v2\/pages\/633\/revisions\/853"}],"up":[{"embeddable":true,"href":"https:\/\/www.duodecim.fi\/svenska\/wp-json\/wp\/v2\/pages\/439"}],"wp:attachment":[{"href":"https:\/\/www.duodecim.fi\/svenska\/wp-json\/wp\/v2\/media?parent=633"}],"wp:term":[{"taxonomy":"post_tag","embeddable":true,"href":"https:\/\/www.duodecim.fi\/svenska\/wp-json\/wp\/v2\/tags?post=633"},{"taxonomy":"page_categories","embeddable":true,"href":"https:\/\/www.duodecim.fi\/svenska\/wp-json\/wp\/v2\/page_categories?post=633"}],"curies":[{"name":"wp","href":"https:\/\/api.w.org\/{rel}","templated":true}]}}