{"id":630,"date":"2016-01-05T10:56:48","date_gmt":"2016-01-05T08:56:48","guid":{"rendered":"http:\/\/c20102plsrv24.duodecim.fi\/svenska\/?page_id=630"},"modified":"2022-08-09T15:17:14","modified_gmt":"2022-08-09T12:17:14","slug":"ta-kontakt-med-lakarforeningen","status":"publish","type":"page","link":"https:\/\/www.duodecim.fi\/svenska\/kontakt\/ta-kontakt-med-lakarforeningen\/","title":{"rendered":"Ta kontakt med L\u00e4karf\u00f6reningen"},"content":{"rendered":"<p>Faktureringsinformation:<\/p>\n<p>Pappersfakturor: Finska L\u00e4karf\u00f6reningen Duodecim, PB 713, 00101 Helsingfors<br \/>\nElektroniska fakturor: Ovt-kod 003702020857, operat\u00f6r Basware<\/p>\n<p>E-posten f\u00f6rnamn.efternamn@duodecim.fi<\/p>\n","protected":false},"excerpt":{"rendered":"<p>Faktureringsinformation: Pappersfakturor: Finska L\u00e4karf\u00f6reningen Duodecim, PB 713, 00101 Helsingfors Elektroniska fakturor: Ovt-kod 003702020857, operat\u00f6r Basware E-posten f\u00f6rnamn.efternamn@duodecim.fi<\/p>\n","protected":false},"author":30,"featured_media":0,"parent":439,"menu_order":0,"comment_status":"closed","ping_status":"closed","template":"template-yhteystiedot.php","meta":{"_acf_changed":false,"footnotes":""},"tags":[],"page_categories":[6],"class_list":["post-630","page","type-page","status-publish","hentry","page_categories-kontakt"],"acf":[],"_links":{"self":[{"href":"https:\/\/www.duodecim.fi\/svenska\/wp-json\/wp\/v2\/pages\/630","targetHints":{"allow":["GET"]}}],"collection":[{"href":"https:\/\/www.duodecim.fi\/svenska\/wp-json\/wp\/v2\/pages"}],"about":[{"href":"https:\/\/www.duodecim.fi\/svenska\/wp-json\/wp\/v2\/types\/page"}],"author":[{"embeddable":true,"href":"https:\/\/www.duodecim.fi\/svenska\/wp-json\/wp\/v2\/users\/30"}],"replies":[{"embeddable":true,"href":"https:\/\/www.duodecim.fi\/svenska\/wp-json\/wp\/v2\/comments?post=630"}],"version-history":[{"count":18,"href":"https:\/\/www.duodecim.fi\/svenska\/wp-json\/wp\/v2\/pages\/630\/revisions"}],"predecessor-version":[{"id":950,"href":"https:\/\/www.duodecim.fi\/svenska\/wp-json\/wp\/v2\/pages\/630\/revisions\/950"}],"up":[{"embeddable":true,"href":"https:\/\/www.duodecim.fi\/svenska\/wp-json\/wp\/v2\/pages\/439"}],"wp:attachment":[{"href":"https:\/\/www.duodecim.fi\/svenska\/wp-json\/wp\/v2\/media?parent=630"}],"wp:term":[{"taxonomy":"post_tag","embeddable":true,"href":"https:\/\/www.duodecim.fi\/svenska\/wp-json\/wp\/v2\/tags?post=630"},{"taxonomy":"page_categories","embeddable":true,"href":"https:\/\/www.duodecim.fi\/svenska\/wp-json\/wp\/v2\/page_categories?post=630"}],"curies":[{"name":"wp","href":"https:\/\/api.w.org\/{rel}","templated":true}]}}