{"id":551,"date":"2015-12-28T12:29:44","date_gmt":"2015-12-28T10:29:44","guid":{"rendered":"http:\/\/c20102plsrv24.duodecim.fi\/svenska\/?page_id=551"},"modified":"2019-06-24T11:03:57","modified_gmt":"2019-06-24T08:03:57","slug":"forlaget-kustannus-oy-duodecim","status":"publish","type":"page","link":"https:\/\/www.duodecim.fi\/svenska\/duodecim\/forlaget-kustannus-oy-duodecim\/","title":{"rendered":"F\u00f6rlags Ab Duodecim"},"content":{"rendered":"<p>F\u00f6rlags Ab Duodecim publicerar informationsinneh\u00e5ll riktat till yrkesut\u00f6vare inom medicin och h\u00e4lsov\u00e5rd b\u00e5de som traditionella trycksaker och elektroniska databaser, med h\u00e4lsov\u00e5rdens system integrerade l\u00f6sningar och webbinl\u00e4rningsmilj\u00f6er till st\u00f6d f\u00f6r fortbildning och bevarandet av yrkeskunskap.<\/p>\n<p>Vi producerar dessutom till medborgarna riktad verifierad information i anknytning till h\u00e4lsa och sjukdomar genom s\u00e5v\u00e4l faktab\u00f6cker som till\u00e4mpningar utvecklade till st\u00f6d f\u00f6r egenv\u00e5rd och Terveyskirjasto.fi-tj\u00e4nsten i det \u00f6ppna n\u00e4tet.<\/p>\n<p>F\u00f6retagets verksamhet styrs av Duodecims \u00f6ver 135-\u00e5riga tradition som f\u00f6rl\u00e4ggare av tillf\u00f6rlitlig och f\u00f6rst\u00e5bar medicinsk information. V\u00e5rt inneh\u00e5ll skapas i samarbete med v\u00e5rt lands b\u00e4sta sakkunniga inom medicin.<\/p>\n","protected":false},"excerpt":{"rendered":"<p>F\u00f6rlags Ab Duodecim publicerar informationsinneh\u00e5ll riktat till yrkesut\u00f6vare inom medicin och h\u00e4lsov\u00e5rd b\u00e5de som traditionella trycksaker och elektroniska databaser, med h\u00e4lsov\u00e5rdens system integrerade l\u00f6sningar och webbinl\u00e4rningsmilj\u00f6er till st\u00f6d f\u00f6r fortbildning och bevarandet av yrkeskunskap. Vi producerar dessutom till medborgarna riktad verifierad information i anknytning till h\u00e4lsa och sjukdomar genom s\u00e5v\u00e4l faktab\u00f6cker som till\u00e4mpningar utvecklade till [&hellip;]<\/p>\n","protected":false},"author":30,"featured_media":552,"parent":437,"menu_order":0,"comment_status":"closed","ping_status":"closed","template":"","meta":{"_acf_changed":false,"footnotes":""},"tags":[],"page_categories":[5],"class_list":["post-551","page","type-page","status-publish","has-post-thumbnail","hentry","page_categories-duodecim"],"acf":[],"_links":{"self":[{"href":"https:\/\/www.duodecim.fi\/svenska\/wp-json\/wp\/v2\/pages\/551","targetHints":{"allow":["GET"]}}],"collection":[{"href":"https:\/\/www.duodecim.fi\/svenska\/wp-json\/wp\/v2\/pages"}],"about":[{"href":"https:\/\/www.duodecim.fi\/svenska\/wp-json\/wp\/v2\/types\/page"}],"author":[{"embeddable":true,"href":"https:\/\/www.duodecim.fi\/svenska\/wp-json\/wp\/v2\/users\/30"}],"replies":[{"embeddable":true,"href":"https:\/\/www.duodecim.fi\/svenska\/wp-json\/wp\/v2\/comments?post=551"}],"version-history":[{"count":2,"href":"https:\/\/www.duodecim.fi\/svenska\/wp-json\/wp\/v2\/pages\/551\/revisions"}],"predecessor-version":[{"id":765,"href":"https:\/\/www.duodecim.fi\/svenska\/wp-json\/wp\/v2\/pages\/551\/revisions\/765"}],"up":[{"embeddable":true,"href":"https:\/\/www.duodecim.fi\/svenska\/wp-json\/wp\/v2\/pages\/437"}],"wp:featuredmedia":[{"embeddable":true,"href":"https:\/\/www.duodecim.fi\/svenska\/wp-json\/wp\/v2\/media\/552"}],"wp:attachment":[{"href":"https:\/\/www.duodecim.fi\/svenska\/wp-json\/wp\/v2\/media?parent=551"}],"wp:term":[{"taxonomy":"post_tag","embeddable":true,"href":"https:\/\/www.duodecim.fi\/svenska\/wp-json\/wp\/v2\/tags?post=551"},{"taxonomy":"page_categories","embeddable":true,"href":"https:\/\/www.duodecim.fi\/svenska\/wp-json\/wp\/v2\/page_categories?post=551"}],"curies":[{"name":"wp","href":"https:\/\/api.w.org\/{rel}","templated":true}]}}