{"id":547,"date":"2015-12-28T12:27:21","date_gmt":"2015-12-28T10:27:21","guid":{"rendered":"http:\/\/c20102plsrv24.duodecim.fi\/svenska\/?page_id=547"},"modified":"2015-12-28T12:28:05","modified_gmt":"2015-12-28T10:28:05","slug":"finska-lakarforeningen-duodecim","status":"publish","type":"page","link":"https:\/\/www.duodecim.fi\/svenska\/duodecim\/finska-lakarforeningen-duodecim\/","title":{"rendered":"Finska L\u00e4karf\u00f6reningen Duodecim"},"content":{"rendered":"<p>Finska L\u00e4karf\u00f6reningen Duodecim \u00e4r Finlands st\u00f6rsta vetenskapliga f\u00f6rening som utvecklar l\u00e4karnas yrkeskunskap och praktiska arbete med hj\u00e4lp av kompletteringsutbildning, publikationer och stipendier. Till Duodecim-f\u00f6reningen som \u00e4r grundad 1881 h\u00f6r idag \u00f6ver 22\u00a0000 l\u00e4kare (n\u00e4stan 90 % av de finska l\u00e4karna) och medicinstuderande samt n\u00e4stan 100 medicinska f\u00f6reningar.<\/p>\n<p>F\u00f6reningen deltar aktivt i utvecklingen av h\u00e4lsov\u00e5rdssystemet genom att bland annat delta i den samh\u00e4lleliga debatten, uppr\u00e4tta nationella God medicinsk praxis-rekommendationer och genom att arrangera koncensuskonferenser. Med hj\u00e4lp av kompletteringsutbildning och publikationer st\u00f6der f\u00f6reningen medicinska yrkesut\u00f6vares professionella utveckling. Dessutom delar f\u00f6reningen \u00e5rligen ut v\u00e5rt lands mest uppskattade medicinska utm\u00e4rkelser, Matti \u00c4yr\u00e4p\u00e4\u00e4-priset och Konrad ReijoWaara-priset samt andra pris. \u00c5rligen delar man dessutom ut stipendier f\u00f6r God medicinsk praxis och undervisning.<\/p>\n","protected":false},"excerpt":{"rendered":"<p>Finska L\u00e4karf\u00f6reningen Duodecim \u00e4r Finlands st\u00f6rsta vetenskapliga f\u00f6rening som utvecklar l\u00e4karnas yrkeskunskap och praktiska arbete med hj\u00e4lp av kompletteringsutbildning, publikationer och stipendier. Till Duodecim-f\u00f6reningen som \u00e4r grundad 1881 h\u00f6r idag \u00f6ver 22\u00a0000 l\u00e4kare (n\u00e4stan 90 % av de finska l\u00e4karna) och medicinstuderande samt n\u00e4stan 100 medicinska f\u00f6reningar. F\u00f6reningen deltar aktivt i utvecklingen av h\u00e4lsov\u00e5rdssystemet genom [&hellip;]<\/p>\n","protected":false},"author":30,"featured_media":549,"parent":437,"menu_order":0,"comment_status":"closed","ping_status":"closed","template":"","meta":{"_acf_changed":false,"footnotes":""},"tags":[],"page_categories":[5],"class_list":["post-547","page","type-page","status-publish","has-post-thumbnail","hentry","page_categories-duodecim"],"acf":[],"_links":{"self":[{"href":"https:\/\/www.duodecim.fi\/svenska\/wp-json\/wp\/v2\/pages\/547","targetHints":{"allow":["GET"]}}],"collection":[{"href":"https:\/\/www.duodecim.fi\/svenska\/wp-json\/wp\/v2\/pages"}],"about":[{"href":"https:\/\/www.duodecim.fi\/svenska\/wp-json\/wp\/v2\/types\/page"}],"author":[{"embeddable":true,"href":"https:\/\/www.duodecim.fi\/svenska\/wp-json\/wp\/v2\/users\/30"}],"replies":[{"embeddable":true,"href":"https:\/\/www.duodecim.fi\/svenska\/wp-json\/wp\/v2\/comments?post=547"}],"version-history":[{"count":2,"href":"https:\/\/www.duodecim.fi\/svenska\/wp-json\/wp\/v2\/pages\/547\/revisions"}],"predecessor-version":[{"id":550,"href":"https:\/\/www.duodecim.fi\/svenska\/wp-json\/wp\/v2\/pages\/547\/revisions\/550"}],"up":[{"embeddable":true,"href":"https:\/\/www.duodecim.fi\/svenska\/wp-json\/wp\/v2\/pages\/437"}],"wp:featuredmedia":[{"embeddable":true,"href":"https:\/\/www.duodecim.fi\/svenska\/wp-json\/wp\/v2\/media\/549"}],"wp:attachment":[{"href":"https:\/\/www.duodecim.fi\/svenska\/wp-json\/wp\/v2\/media?parent=547"}],"wp:term":[{"taxonomy":"post_tag","embeddable":true,"href":"https:\/\/www.duodecim.fi\/svenska\/wp-json\/wp\/v2\/tags?post=547"},{"taxonomy":"page_categories","embeddable":true,"href":"https:\/\/www.duodecim.fi\/svenska\/wp-json\/wp\/v2\/page_categories?post=547"}],"curies":[{"name":"wp","href":"https:\/\/api.w.org\/{rel}","templated":true}]}}