{"id":537,"date":"2015-12-28T11:19:08","date_gmt":"2015-12-28T09:19:08","guid":{"rendered":"http:\/\/c20102plsrv24.duodecim.fi\/svenska\/?page_id=537"},"modified":"2019-06-24T11:07:22","modified_gmt":"2019-06-24T08:07:22","slug":"innehall-som-integreras-med-foretag-och-halsovarden","status":"publish","type":"page","link":"https:\/\/www.duodecim.fi\/svenska\/for-medicinska-yrkesutovare\/innehall-som-integreras-med-foretag-och-halsovarden\/","title":{"rendered":"Inneh\u00e5ll som integreras med f\u00f6retag och h\u00e4lsov\u00e5rden"},"content":{"rendered":"<p>F\u00f6rlags Ab Duodecim har utvecklat webbaserade program och tj\u00e4nster vars m\u00e5l \u00e4r att fr\u00e4mja medborgarnas h\u00e4lsa och egenv\u00e5rd av sjukdomar. Kommuner, f\u00f6retag och samfund kan skaffa sig nyttjander\u00e4tt till dem och d\u00e5 finns de tillg\u00e4ngliga p\u00e5 de akt\u00f6rers webbplatser som best\u00e4llt tj\u00e4nsterna.<\/p>\n","protected":false},"excerpt":{"rendered":"<p>F\u00f6rlags Ab Duodecim har utvecklat webbaserade program och tj\u00e4nster vars m\u00e5l \u00e4r att fr\u00e4mja medborgarnas h\u00e4lsa och egenv\u00e5rd av sjukdomar. Kommuner, f\u00f6retag och samfund kan skaffa sig nyttjander\u00e4tt till dem och d\u00e5 finns de tillg\u00e4ngliga p\u00e5 de akt\u00f6rers webbplatser som best\u00e4llt tj\u00e4nsterna.<\/p>\n","protected":false},"author":30,"featured_media":539,"parent":433,"menu_order":0,"comment_status":"closed","ping_status":"closed","template":"template-tuote.php","meta":{"_acf_changed":false,"footnotes":""},"tags":[],"page_categories":[3,10],"class_list":["post-537","page","type-page","status-publish","has-post-thumbnail","hentry","page_categories-producter","page_categories-tuotteet"],"acf":[],"_links":{"self":[{"href":"https:\/\/www.duodecim.fi\/svenska\/wp-json\/wp\/v2\/pages\/537","targetHints":{"allow":["GET"]}}],"collection":[{"href":"https:\/\/www.duodecim.fi\/svenska\/wp-json\/wp\/v2\/pages"}],"about":[{"href":"https:\/\/www.duodecim.fi\/svenska\/wp-json\/wp\/v2\/types\/page"}],"author":[{"embeddable":true,"href":"https:\/\/www.duodecim.fi\/svenska\/wp-json\/wp\/v2\/users\/30"}],"replies":[{"embeddable":true,"href":"https:\/\/www.duodecim.fi\/svenska\/wp-json\/wp\/v2\/comments?post=537"}],"version-history":[{"count":5,"href":"https:\/\/www.duodecim.fi\/svenska\/wp-json\/wp\/v2\/pages\/537\/revisions"}],"predecessor-version":[{"id":768,"href":"https:\/\/www.duodecim.fi\/svenska\/wp-json\/wp\/v2\/pages\/537\/revisions\/768"}],"up":[{"embeddable":true,"href":"https:\/\/www.duodecim.fi\/svenska\/wp-json\/wp\/v2\/pages\/433"}],"wp:featuredmedia":[{"embeddable":true,"href":"https:\/\/www.duodecim.fi\/svenska\/wp-json\/wp\/v2\/media\/539"}],"wp:attachment":[{"href":"https:\/\/www.duodecim.fi\/svenska\/wp-json\/wp\/v2\/media?parent=537"}],"wp:term":[{"taxonomy":"post_tag","embeddable":true,"href":"https:\/\/www.duodecim.fi\/svenska\/wp-json\/wp\/v2\/tags?post=537"},{"taxonomy":"page_categories","embeddable":true,"href":"https:\/\/www.duodecim.fi\/svenska\/wp-json\/wp\/v2\/page_categories?post=537"}],"curies":[{"name":"wp","href":"https:\/\/api.w.org\/{rel}","templated":true}]}}