{"id":529,"date":"2015-12-28T11:08:49","date_gmt":"2015-12-28T09:08:49","guid":{"rendered":"http:\/\/c20102plsrv24.duodecim.fi\/svenska\/?page_id=529"},"modified":"2019-06-24T11:15:46","modified_gmt":"2019-06-24T08:15:46","slug":"terveyskirjasto","status":"publish","type":"page","link":"https:\/\/www.duodecim.fi\/svenska\/for-medicinska-yrkesutovare\/terveyskirjasto\/","title":{"rendered":"Terveyskirjasto"},"content":{"rendered":"<p>Terveyskirjasto.fi \u00e4r Duodecims mest omfattande tj\u00e4nsten. Den st\u00f6der medborgare i sk\u00f6tseln av egen h\u00e4lsa och ger baskunskap om sjukdomar och v\u00e5rds\u00f6kning.<\/p>\n<p>Artiklar och anvisningar i Terveyskirjasto \u00e4r skrivna av professionella och de utg\u00e5r fr\u00e5n de nationella God medicin praxis \u2013 rekommendationer och fr\u00e5n F\u00f6rlags Ab Duodecim -publicerade l\u00e4karnas hand- och l\u00e4r\u00f6b\u00f6cker. Inneh\u00e5llet i Terveyskirjasto kompletteras och utvecklas j\u00e4mnt med nya uppdateringar. Artiklar p\u00e5 sidor \u00f6ppnas \u00f6ver 50 miljoner g\u00e5nger per \u00e5r.<\/p>\n","protected":false},"excerpt":{"rendered":"<p>Terveyskirjasto.fi \u00e4r Duodecims mest omfattande tj\u00e4nsten. Den st\u00f6der medborgare i sk\u00f6tseln av egen h\u00e4lsa och ger baskunskap om sjukdomar och v\u00e5rds\u00f6kning. Artiklar och anvisningar i Terveyskirjasto \u00e4r skrivna av professionella och de utg\u00e5r fr\u00e5n de nationella God medicin praxis \u2013 rekommendationer och fr\u00e5n F\u00f6rlags Ab Duodecim -publicerade l\u00e4karnas hand- och l\u00e4r\u00f6b\u00f6cker. Inneh\u00e5llet i Terveyskirjasto kompletteras [&hellip;]<\/p>\n","protected":false},"author":30,"featured_media":530,"parent":433,"menu_order":0,"comment_status":"closed","ping_status":"closed","template":"template-tuote.php","meta":{"_acf_changed":false,"footnotes":""},"tags":[],"page_categories":[3,10],"class_list":["post-529","page","type-page","status-publish","has-post-thumbnail","hentry","page_categories-producter","page_categories-tuotteet"],"acf":[],"_links":{"self":[{"href":"https:\/\/www.duodecim.fi\/svenska\/wp-json\/wp\/v2\/pages\/529","targetHints":{"allow":["GET"]}}],"collection":[{"href":"https:\/\/www.duodecim.fi\/svenska\/wp-json\/wp\/v2\/pages"}],"about":[{"href":"https:\/\/www.duodecim.fi\/svenska\/wp-json\/wp\/v2\/types\/page"}],"author":[{"embeddable":true,"href":"https:\/\/www.duodecim.fi\/svenska\/wp-json\/wp\/v2\/users\/30"}],"replies":[{"embeddable":true,"href":"https:\/\/www.duodecim.fi\/svenska\/wp-json\/wp\/v2\/comments?post=529"}],"version-history":[{"count":7,"href":"https:\/\/www.duodecim.fi\/svenska\/wp-json\/wp\/v2\/pages\/529\/revisions"}],"predecessor-version":[{"id":772,"href":"https:\/\/www.duodecim.fi\/svenska\/wp-json\/wp\/v2\/pages\/529\/revisions\/772"}],"up":[{"embeddable":true,"href":"https:\/\/www.duodecim.fi\/svenska\/wp-json\/wp\/v2\/pages\/433"}],"wp:featuredmedia":[{"embeddable":true,"href":"https:\/\/www.duodecim.fi\/svenska\/wp-json\/wp\/v2\/media\/530"}],"wp:attachment":[{"href":"https:\/\/www.duodecim.fi\/svenska\/wp-json\/wp\/v2\/media?parent=529"}],"wp:term":[{"taxonomy":"post_tag","embeddable":true,"href":"https:\/\/www.duodecim.fi\/svenska\/wp-json\/wp\/v2\/tags?post=529"},{"taxonomy":"page_categories","embeddable":true,"href":"https:\/\/www.duodecim.fi\/svenska\/wp-json\/wp\/v2\/page_categories?post=529"}],"curies":[{"name":"wp","href":"https:\/\/api.w.org\/{rel}","templated":true}]}}