{"id":516,"date":"2015-12-28T11:02:50","date_gmt":"2015-12-28T09:02:50","guid":{"rendered":"http:\/\/c20102plsrv24.duodecim.fi\/svenska\/?page_id=516"},"modified":"2019-06-24T11:16:13","modified_gmt":"2019-06-24T08:16:13","slug":"yrkeslitteratur","status":"publish","type":"page","link":"https:\/\/www.duodecim.fi\/svenska\/for-medicinska-yrkesutovare\/yrkeslitteratur\/","title":{"rendered":"Yrkeslitteratur"},"content":{"rendered":"<p>F\u00f6rlags Ab Duodecim publicerar medicinska l\u00e4rob\u00f6cker, guider och handb\u00f6cker i s\u00e5v\u00e4l tryckt som i elektronisk form. L\u00e4rob\u00f6cker erbjuder baskunskap inom medicinska specialomr\u00e5den och de \u00e4r riktade till en bred l\u00e4sekrets fr\u00e5n studerande till specialist. Handb\u00f6ckerna och guiderna utarbetade till st\u00f6d f\u00f6r det praktiska arbetet tj\u00e4nar f\u00f6r sin del b\u00e5de l\u00e4kare och andra yrkesut\u00f6vare inom h\u00e4lsov\u00e5rden.<\/p>\n","protected":false},"excerpt":{"rendered":"<p>F\u00f6rlags Ab Duodecim publicerar medicinska l\u00e4rob\u00f6cker, guider och handb\u00f6cker i s\u00e5v\u00e4l tryckt som i elektronisk form. L\u00e4rob\u00f6cker erbjuder baskunskap inom medicinska specialomr\u00e5den och de \u00e4r riktade till en bred l\u00e4sekrets fr\u00e5n studerande till specialist. Handb\u00f6ckerna och guiderna utarbetade till st\u00f6d f\u00f6r det praktiska arbetet tj\u00e4nar f\u00f6r sin del b\u00e5de l\u00e4kare och andra yrkesut\u00f6vare inom h\u00e4lsov\u00e5rden.<\/p>\n","protected":false},"author":30,"featured_media":517,"parent":433,"menu_order":0,"comment_status":"closed","ping_status":"closed","template":"template-tuote.php","meta":{"_acf_changed":false,"footnotes":""},"tags":[],"page_categories":[3,10],"class_list":["post-516","page","type-page","status-publish","has-post-thumbnail","hentry","page_categories-producter","page_categories-tuotteet"],"acf":[],"_links":{"self":[{"href":"https:\/\/www.duodecim.fi\/svenska\/wp-json\/wp\/v2\/pages\/516","targetHints":{"allow":["GET"]}}],"collection":[{"href":"https:\/\/www.duodecim.fi\/svenska\/wp-json\/wp\/v2\/pages"}],"about":[{"href":"https:\/\/www.duodecim.fi\/svenska\/wp-json\/wp\/v2\/types\/page"}],"author":[{"embeddable":true,"href":"https:\/\/www.duodecim.fi\/svenska\/wp-json\/wp\/v2\/users\/30"}],"replies":[{"embeddable":true,"href":"https:\/\/www.duodecim.fi\/svenska\/wp-json\/wp\/v2\/comments?post=516"}],"version-history":[{"count":7,"href":"https:\/\/www.duodecim.fi\/svenska\/wp-json\/wp\/v2\/pages\/516\/revisions"}],"predecessor-version":[{"id":773,"href":"https:\/\/www.duodecim.fi\/svenska\/wp-json\/wp\/v2\/pages\/516\/revisions\/773"}],"up":[{"embeddable":true,"href":"https:\/\/www.duodecim.fi\/svenska\/wp-json\/wp\/v2\/pages\/433"}],"wp:featuredmedia":[{"embeddable":true,"href":"https:\/\/www.duodecim.fi\/svenska\/wp-json\/wp\/v2\/media\/517"}],"wp:attachment":[{"href":"https:\/\/www.duodecim.fi\/svenska\/wp-json\/wp\/v2\/media?parent=516"}],"wp:term":[{"taxonomy":"post_tag","embeddable":true,"href":"https:\/\/www.duodecim.fi\/svenska\/wp-json\/wp\/v2\/tags?post=516"},{"taxonomy":"page_categories","embeddable":true,"href":"https:\/\/www.duodecim.fi\/svenska\/wp-json\/wp\/v2\/page_categories?post=516"}],"curies":[{"name":"wp","href":"https:\/\/api.w.org\/{rel}","templated":true}]}}