{"id":512,"date":"2015-12-28T11:01:23","date_gmt":"2015-12-28T09:01:23","guid":{"rendered":"http:\/\/c20102plsrv24.duodecim.fi\/svenska\/?page_id=512"},"modified":"2019-06-24T11:10:10","modified_gmt":"2019-06-24T08:10:10","slug":"terveysportti","status":"publish","type":"page","link":"https:\/\/www.duodecim.fi\/svenska\/for-medicinska-yrkesutovare\/terveysportti\/","title":{"rendered":"Terveysportti"},"content":{"rendered":"<p>Terveysportti &#8221;H\u00e4lsoporten&#8221; samlar ihop information som \u00e4r n\u00f6dv\u00e4ndig f\u00f6r det praktiska arbetet f\u00f6r yrkesut\u00f6vare inom h\u00e4lsov\u00e5rden. D\u00e4r hittar man till exempel uppdaterade v\u00e5rdrekommendationer, medicinsk information och otaliga till\u00e4mpningar som underl\u00e4ttar det praktiska arbetet. Tj\u00e4nsten anv\u00e4nds inom h\u00e4lsov\u00e5rden \u00f6ver hela Finland och d\u00e4r g\u00f6rs cirka 50 miljoner s\u00f6kningar per \u00e5r.<\/p>\n<p>L\u00e4karens databas utg\u00f6r k\u00e4rnan f\u00f6r Terveysportti. Dess koncentrerade och praktiskt inriktade artiklar \u00e4r riktade speciellt till l\u00e4kare som arbetar inom den \u00f6ppna h\u00e4lsov\u00e5rden och i sjukhuspolikliniker. Forskningsdata bakom anvisningar \u00e4r beskrivna i samband med artiklarna.<\/p>\n<p>Terveysportti publiceras av F\u00f6rlags Ab Duodecim.<\/p>\n","protected":false},"excerpt":{"rendered":"<p>Terveysportti &#8221;H\u00e4lsoporten&#8221; samlar ihop information som \u00e4r n\u00f6dv\u00e4ndig f\u00f6r det praktiska arbetet f\u00f6r yrkesut\u00f6vare inom h\u00e4lsov\u00e5rden. D\u00e4r hittar man till exempel uppdaterade v\u00e5rdrekommendationer, medicinsk information och otaliga till\u00e4mpningar som underl\u00e4ttar det praktiska arbetet. Tj\u00e4nsten anv\u00e4nds inom h\u00e4lsov\u00e5rden \u00f6ver hela Finland och d\u00e4r g\u00f6rs cirka 50 miljoner s\u00f6kningar per \u00e5r. L\u00e4karens databas utg\u00f6r k\u00e4rnan f\u00f6r Terveysportti. [&hellip;]<\/p>\n","protected":false},"author":30,"featured_media":514,"parent":433,"menu_order":0,"comment_status":"closed","ping_status":"closed","template":"template-tuote.php","meta":{"_acf_changed":false,"footnotes":""},"tags":[],"page_categories":[3,10],"class_list":["post-512","page","type-page","status-publish","has-post-thumbnail","hentry","page_categories-producter","page_categories-tuotteet"],"acf":[],"_links":{"self":[{"href":"https:\/\/www.duodecim.fi\/svenska\/wp-json\/wp\/v2\/pages\/512","targetHints":{"allow":["GET"]}}],"collection":[{"href":"https:\/\/www.duodecim.fi\/svenska\/wp-json\/wp\/v2\/pages"}],"about":[{"href":"https:\/\/www.duodecim.fi\/svenska\/wp-json\/wp\/v2\/types\/page"}],"author":[{"embeddable":true,"href":"https:\/\/www.duodecim.fi\/svenska\/wp-json\/wp\/v2\/users\/30"}],"replies":[{"embeddable":true,"href":"https:\/\/www.duodecim.fi\/svenska\/wp-json\/wp\/v2\/comments?post=512"}],"version-history":[{"count":8,"href":"https:\/\/www.duodecim.fi\/svenska\/wp-json\/wp\/v2\/pages\/512\/revisions"}],"predecessor-version":[{"id":770,"href":"https:\/\/www.duodecim.fi\/svenska\/wp-json\/wp\/v2\/pages\/512\/revisions\/770"}],"up":[{"embeddable":true,"href":"https:\/\/www.duodecim.fi\/svenska\/wp-json\/wp\/v2\/pages\/433"}],"wp:featuredmedia":[{"embeddable":true,"href":"https:\/\/www.duodecim.fi\/svenska\/wp-json\/wp\/v2\/media\/514"}],"wp:attachment":[{"href":"https:\/\/www.duodecim.fi\/svenska\/wp-json\/wp\/v2\/media?parent=512"}],"wp:term":[{"taxonomy":"post_tag","embeddable":true,"href":"https:\/\/www.duodecim.fi\/svenska\/wp-json\/wp\/v2\/tags?post=512"},{"taxonomy":"page_categories","embeddable":true,"href":"https:\/\/www.duodecim.fi\/svenska\/wp-json\/wp\/v2\/page_categories?post=512"}],"curies":[{"name":"wp","href":"https:\/\/api.w.org\/{rel}","templated":true}]}}