{"id":507,"date":"2015-12-28T10:59:40","date_gmt":"2015-12-28T08:59:40","guid":{"rendered":"http:\/\/c20102plsrv24.duodecim.fi\/svenska\/?page_id=507"},"modified":"2021-02-23T14:15:49","modified_gmt":"2021-02-23T12:15:49","slug":"god-medicinsk-praxis","status":"publish","type":"page","link":"https:\/\/www.duodecim.fi\/svenska\/for-medicinska-yrkesutovare\/god-medicinsk-praxis\/","title":{"rendered":"God medicinsk praxis"},"content":{"rendered":"<p>S\u00e4llskapet Duodecim sammanst\u00e4ller rekommendationerna i God medicinsk praxis tillsammans med specialistl\u00e4karf\u00f6reningarna. Framst\u00e4llningen av rekommendationerna ansvaras av expertarbetsgruppen och redaktionen f\u00f6r God medicinsk praxis med hj\u00e4lp av offentlig finansiering. En del av rekommendationerna i God medicinsk praxis \u00e4r \u00f6versatta till <a href=\"https:\/\/www.kaypahoito.fi\/sv\/rekommendationer\" target=\"_blank\" rel=\"noopener noreferrer\">svenska<\/a>.<\/p>\n<p>Rekommendationerna i God medicinsk praxis \u00e4r oberoende, nationella v\u00e5rdrekommendationer som \u00e4r evidensbaserade. I dem behandlas viktiga fr\u00e5gor i anknytning till finl\u00e4ndsk h\u00e4lsa samt behandling och f\u00f6rebyggande av sjukdomar. Rekommendationerna sammanst\u00e4lls som grund f\u00f6r v\u00e5rdbeslut f\u00f6r l\u00e4kare, v\u00e5rdpersonal och f\u00f6r medborgarna.<\/p>\n<p>Koncentrerade och l\u00e4ttl\u00e4sta v\u00e5rdrekommendationer fungerar som ett st\u00f6d i l\u00e4karens praktiska arbete och som grund n\u00e4r man sammanst\u00e4ller regionala v\u00e5rdprogram. V\u00e5rdrekommendationerna kan till\u00e4mpas i finl\u00e4ndsk praxis och de kan inneh\u00e5lla motiverade st\u00e4llningstaganden \u00e4ven i s\u00e5dana betydelsefulla fr\u00e5gor inom h\u00e4lso- och sjukv\u00e5rd f\u00f6r vilka det inte finns vetenskaplig evidens eller f\u00f6r vilka detta inte \u00e4r m\u00f6jligt. Med hj\u00e4lp av rekommendationerna i God medicinsk praxis kan man f\u00f6rb\u00e4ttra v\u00e5rdens kvalitet och minska variationerna i v\u00e5rdpraxis.<\/p>\n<p><a href=\"https:\/\/www.kaypahoito.fi\/sv\/rekommendationer\" target=\"_blank\" rel=\"noopener noreferrer\">Rekommendationer som har \u00f6versatts till svenska \u00bb<\/a><br \/>\n<a href=\"https:\/\/www.kaypahoito.fi\/sv\/god-medicinsk-praxis\/kontaktuppgifter\" target=\"_blank\" rel=\"noopener noreferrer\">Kontaktuppgifter till God medicinsk praxis \u00bb<\/a><\/p>\n","protected":false},"excerpt":{"rendered":"<p>S\u00e4llskapet Duodecim sammanst\u00e4ller rekommendationerna i God medicinsk praxis tillsammans med specialistl\u00e4karf\u00f6reningarna. Framst\u00e4llningen av rekommendationerna ansvaras av expertarbetsgruppen och redaktionen f\u00f6r God medicinsk praxis med hj\u00e4lp av offentlig finansiering. En del av rekommendationerna i God medicinsk praxis \u00e4r \u00f6versatta till svenska. Rekommendationerna i God medicinsk praxis \u00e4r oberoende, nationella v\u00e5rdrekommendationer som \u00e4r evidensbaserade. I dem behandlas [&hellip;]<\/p>\n","protected":false},"author":30,"featured_media":510,"parent":433,"menu_order":0,"comment_status":"closed","ping_status":"closed","template":"template-tuote.php","meta":{"_acf_changed":false,"footnotes":""},"tags":[],"page_categories":[3,10],"class_list":["post-507","page","type-page","status-publish","has-post-thumbnail","hentry","page_categories-producter","page_categories-tuotteet"],"acf":[],"_links":{"self":[{"href":"https:\/\/www.duodecim.fi\/svenska\/wp-json\/wp\/v2\/pages\/507","targetHints":{"allow":["GET"]}}],"collection":[{"href":"https:\/\/www.duodecim.fi\/svenska\/wp-json\/wp\/v2\/pages"}],"about":[{"href":"https:\/\/www.duodecim.fi\/svenska\/wp-json\/wp\/v2\/types\/page"}],"author":[{"embeddable":true,"href":"https:\/\/www.duodecim.fi\/svenska\/wp-json\/wp\/v2\/users\/30"}],"replies":[{"embeddable":true,"href":"https:\/\/www.duodecim.fi\/svenska\/wp-json\/wp\/v2\/comments?post=507"}],"version-history":[{"count":9,"href":"https:\/\/www.duodecim.fi\/svenska\/wp-json\/wp\/v2\/pages\/507\/revisions"}],"predecessor-version":[{"id":935,"href":"https:\/\/www.duodecim.fi\/svenska\/wp-json\/wp\/v2\/pages\/507\/revisions\/935"}],"up":[{"embeddable":true,"href":"https:\/\/www.duodecim.fi\/svenska\/wp-json\/wp\/v2\/pages\/433"}],"wp:featuredmedia":[{"embeddable":true,"href":"https:\/\/www.duodecim.fi\/svenska\/wp-json\/wp\/v2\/media\/510"}],"wp:attachment":[{"href":"https:\/\/www.duodecim.fi\/svenska\/wp-json\/wp\/v2\/media?parent=507"}],"wp:term":[{"taxonomy":"post_tag","embeddable":true,"href":"https:\/\/www.duodecim.fi\/svenska\/wp-json\/wp\/v2\/tags?post=507"},{"taxonomy":"page_categories","embeddable":true,"href":"https:\/\/www.duodecim.fi\/svenska\/wp-json\/wp\/v2\/page_categories?post=507"}],"curies":[{"name":"wp","href":"https:\/\/api.w.org\/{rel}","templated":true}]}}