{"id":496,"date":"2015-12-28T10:43:48","date_gmt":"2015-12-28T08:43:48","guid":{"rendered":"http:\/\/c20102plsrv24.duodecim.fi\/svenska\/?page_id=496"},"modified":"2016-06-15T11:35:52","modified_gmt":"2016-06-15T08:35:52","slug":"tidskriften-duodecim","status":"publish","type":"page","link":"https:\/\/www.duodecim.fi\/svenska\/for-medicinska-yrkesutovare\/tidskriften-duodecim\/","title":{"rendered":"Tidskriften Duodecim"},"content":{"rendered":"<p>Tidskriften Duodecim \u00e4r en allm\u00e4nmedicinsk tidskrift vars f\u00f6rsta nummer utkom \u00e5r 1885. Tidskriften \u00e4r Duodecim-f\u00f6reningens medlemsf\u00f6rm\u00e5n som utkommer 24 g\u00e5nger per \u00e5r. Tidskriftens fr\u00e4msta uppgift \u00e4r att uppfylla och st\u00f6da vetenskaplig och yrkesm\u00e4ssig kompletteringsutbildning hos l\u00e4kare och medicinstudernade.<\/p>\n<p>F\u00f6r det medicinska inneh\u00e5llet ansvarar vid sidan av chefredakt\u00f6ren och redaktionssekreteraren tio sakkunniga i fr\u00e4msta leden, som representerar olika medicinska specialomr\u00e5den. Samtliga artiklar i tidskriften genomg\u00e5r vetenskaplig referee-praxis och spr\u00e5ket granskas f\u00f6re publicering. En av tidskriftens uppgifter sedan den grundades har s\u00e5lunda varit utveckling och preservering av det finska medicinspr\u00e5ket.<\/p>\n","protected":false},"excerpt":{"rendered":"<p>Tidskriften Duodecim \u00e4r en allm\u00e4nmedicinsk tidskrift vars f\u00f6rsta nummer utkom \u00e5r 1885. Tidskriften \u00e4r Duodecim-f\u00f6reningens medlemsf\u00f6rm\u00e5n som utkommer 24 g\u00e5nger per \u00e5r. Tidskriftens fr\u00e4msta uppgift \u00e4r att uppfylla och st\u00f6da vetenskaplig och yrkesm\u00e4ssig kompletteringsutbildning hos l\u00e4kare och medicinstudernade. F\u00f6r det medicinska inneh\u00e5llet ansvarar vid sidan av chefredakt\u00f6ren och redaktionssekreteraren tio sakkunniga i fr\u00e4msta leden, som [&hellip;]<\/p>\n","protected":false},"author":26,"featured_media":504,"parent":433,"menu_order":0,"comment_status":"closed","ping_status":"closed","template":"template-tuote.php","meta":{"_acf_changed":false,"footnotes":""},"tags":[],"page_categories":[3,10],"class_list":["post-496","page","type-page","status-publish","has-post-thumbnail","hentry","page_categories-producter","page_categories-tuotteet"],"acf":[],"_links":{"self":[{"href":"https:\/\/www.duodecim.fi\/svenska\/wp-json\/wp\/v2\/pages\/496","targetHints":{"allow":["GET"]}}],"collection":[{"href":"https:\/\/www.duodecim.fi\/svenska\/wp-json\/wp\/v2\/pages"}],"about":[{"href":"https:\/\/www.duodecim.fi\/svenska\/wp-json\/wp\/v2\/types\/page"}],"author":[{"embeddable":true,"href":"https:\/\/www.duodecim.fi\/svenska\/wp-json\/wp\/v2\/users\/26"}],"replies":[{"embeddable":true,"href":"https:\/\/www.duodecim.fi\/svenska\/wp-json\/wp\/v2\/comments?post=496"}],"version-history":[{"count":11,"href":"https:\/\/www.duodecim.fi\/svenska\/wp-json\/wp\/v2\/pages\/496\/revisions"}],"predecessor-version":[{"id":744,"href":"https:\/\/www.duodecim.fi\/svenska\/wp-json\/wp\/v2\/pages\/496\/revisions\/744"}],"up":[{"embeddable":true,"href":"https:\/\/www.duodecim.fi\/svenska\/wp-json\/wp\/v2\/pages\/433"}],"wp:featuredmedia":[{"embeddable":true,"href":"https:\/\/www.duodecim.fi\/svenska\/wp-json\/wp\/v2\/media\/504"}],"wp:attachment":[{"href":"https:\/\/www.duodecim.fi\/svenska\/wp-json\/wp\/v2\/media?parent=496"}],"wp:term":[{"taxonomy":"post_tag","embeddable":true,"href":"https:\/\/www.duodecim.fi\/svenska\/wp-json\/wp\/v2\/tags?post=496"},{"taxonomy":"page_categories","embeddable":true,"href":"https:\/\/www.duodecim.fi\/svenska\/wp-json\/wp\/v2\/page_categories?post=496"}],"curies":[{"name":"wp","href":"https:\/\/api.w.org\/{rel}","templated":true}]}}