{"id":439,"date":"2015-10-28T10:16:51","date_gmt":"2015-10-28T08:16:51","guid":{"rendered":"http:\/\/c20102plsrv24.duodecim.fi\/hemsidan\/?page_id=439"},"modified":"2022-01-17T09:35:04","modified_gmt":"2022-01-17T07:35:04","slug":"kontakt","status":"publish","type":"page","link":"https:\/\/www.duodecim.fi\/svenska\/kontakt\/","title":{"rendered":"Kontakt"},"content":{"rendered":"<p><a href=\"https:\/\/www.duodecim.fi\/svenska\/kontakt\/ta-kontakt-med-lakarforeningen\/\">Ta kontakt med L\u00e4k\u00e4rf\u00f6reningen <u><\/u><span style=\"color: #0066cc\">\u00bb<\/span><\/a><\/p>\n<p><a href=\"https:\/\/www.duodecim.fi\/svenska\/kontakt\/ta-kontakt-med-forelaget\/\">Ta kontakt med f\u00f6relaget Kustannus Oy Duodecim<span style=\"color: #0066cc\">&nbsp;\u00bb<\/span><\/a><\/p>\n<p><a href=\"https:\/\/verkkokauppa.duodecim.fi\/?snb_adname=kotisivut_sve_ta_kontakt_netbutik\">N\u00e4tbutiken<span style=\"color: #0066cc\">&nbsp;\u00bb<\/span><\/a><\/p>\n","protected":false},"excerpt":{"rendered":"<p>Ta kontakt med L\u00e4k\u00e4rf\u00f6reningen \u00bb Ta kontakt med f\u00f6relaget Kustannus Oy Duodecim&nbsp;\u00bb N\u00e4tbutiken&nbsp;\u00bb<\/p>\n","protected":false},"author":26,"featured_media":0,"parent":0,"menu_order":0,"comment_status":"closed","ping_status":"closed","template":"template-yhteystiedot.php","meta":{"_acf_changed":false,"footnotes":""},"tags":[],"page_categories":[6],"class_list":["post-439","page","type-page","status-publish","hentry","page_categories-kontakt"],"acf":[],"_links":{"self":[{"href":"https:\/\/www.duodecim.fi\/svenska\/wp-json\/wp\/v2\/pages\/439","targetHints":{"allow":["GET"]}}],"collection":[{"href":"https:\/\/www.duodecim.fi\/svenska\/wp-json\/wp\/v2\/pages"}],"about":[{"href":"https:\/\/www.duodecim.fi\/svenska\/wp-json\/wp\/v2\/types\/page"}],"author":[{"embeddable":true,"href":"https:\/\/www.duodecim.fi\/svenska\/wp-json\/wp\/v2\/users\/26"}],"replies":[{"embeddable":true,"href":"https:\/\/www.duodecim.fi\/svenska\/wp-json\/wp\/v2\/comments?post=439"}],"version-history":[{"count":38,"href":"https:\/\/www.duodecim.fi\/svenska\/wp-json\/wp\/v2\/pages\/439\/revisions"}],"predecessor-version":[{"id":945,"href":"https:\/\/www.duodecim.fi\/svenska\/wp-json\/wp\/v2\/pages\/439\/revisions\/945"}],"wp:attachment":[{"href":"https:\/\/www.duodecim.fi\/svenska\/wp-json\/wp\/v2\/media?parent=439"}],"wp:term":[{"taxonomy":"post_tag","embeddable":true,"href":"https:\/\/www.duodecim.fi\/svenska\/wp-json\/wp\/v2\/tags?post=439"},{"taxonomy":"page_categories","embeddable":true,"href":"https:\/\/www.duodecim.fi\/svenska\/wp-json\/wp\/v2\/page_categories?post=439"}],"curies":[{"name":"wp","href":"https:\/\/api.w.org\/{rel}","templated":true}]}}