{"id":435,"date":"2015-10-28T10:16:16","date_gmt":"2015-10-28T08:16:16","guid":{"rendered":"http:\/\/c20102plsrv24.duodecim.fi\/hemsidan\/?page_id=435"},"modified":"2023-05-15T16:45:43","modified_gmt":"2023-05-15T13:45:43","slug":"medlemskap","status":"publish","type":"page","link":"https:\/\/www.duodecim.fi\/svenska\/medlemskap\/","title":{"rendered":"Medlemskap"},"content":{"rendered":"<h6>Som medlemsf\u00f6rm\u00e5ner erbjuder Duodecim \u00e5t medlemmar tidskrifter, rabatter p\u00e5 Kustannus Oy Duodecims produkter och m\u00f6jlighet till att hyra semesterbost\u00e4der f\u00f6r medlemspris.<\/h6>\n<h2>Tidskriftsf\u00f6rm\u00e5ner<\/h2>\n<hr>\n<h3>Tidskriften Duodecim<\/h3>\n<p>Medlemmarna f\u00e5r Tidskriften Duodecims \u00e5rg\u00e5ng per post (till en adress i Finland) och r\u00e4ttigheter till webbtidningen. D\u00e4rtill f\u00e5r de tidskriftens nyhetsbrev till sin e-post tv\u00e5 g\u00e5nger per m\u00e5nad om de s\u00e5 \u00f6nskar.<\/p>\n<h3>Hyv\u00e4 terveys<\/h3>\n<p>Tidningen Hyv\u00e4 Terveys \u00e4r Duodecim-f\u00f6reningens medlemsf\u00f6rm\u00e5n som skickas till hemadress i Finland. Medlemmarna kan best\u00e4lla en \u00e5rg\u00e5ng av tidningen till halva priset. Tidningens f\u00f6rl\u00e4ggare \u00e4r Sanoma Magazines och den utkommer i 14 nummer per \u00e5r.<\/p>\n<h3>Medline Complete<\/h3>\n<p>Medline Complete-tidskriftsdatabasen, som fungerar via Terveysportti, ing\u00e5r ocks\u00e5 bland Duodecims medlemsf\u00f6rm\u00e5ner. Databasen finns i Terveysporttis startsida vid J\u00e4senlehdet-fliken.<\/p>\n<h2>Medlemsf\u00f6rm\u00e5ner i Terveysportti<\/h2>\n<hr>\n<p>En del av Terveysporttis inneh\u00e5ll \u00e4r tillg\u00e4ngligt f\u00f6r Duodecims medlemmar som medlemsf\u00f6rm\u00e5n. Genom att logga in i Terveysportti med Duodecim-koder f\u00e5r medlemmar tillg\u00e5ng till f\u00f6ljande helheter:<\/p>\n<ul>\n<li>Duodecim-tidskriftens n\u00e4tversion (pdf) fr\u00e5n och med \u00e5r 1885<\/li>\n<li>L\u00e4kemedlens produktsammandrag och priser<\/li>\n<li>Receptblanketter f\u00f6r l\u00e4kemedel<\/li>\n<li>EBM Guidelines<\/li>\n<li>The Cochrane Library<\/li>\n<li>ICD-10<\/li>\n<li>Medlemstidskrifter, Medline Complete<\/li>\n<li><em>Nyhetstj\u00e4nsten Duodecims <\/em>nyheter<\/li>\n<\/ul>\n<p>Inneh\u00e5llet optimerat f\u00f6r smarrttelefoner och andra mobilapparater hittar man fr\u00e5n adressen Terveysportti.mobi. Av inneh\u00e5llet ing\u00e5r f\u00f6ljande bland Duodecims medlemsf\u00f6rm\u00e5ner:<\/p>\n<ul>\n<li>ICD-10<\/li>\n<li>Duodecim-tidskriftens artiklar fr\u00e5n \u00e5r 2001<\/li>\n<li>L\u00e4kemedel och priser<\/li>\n<li><em>Nyhetstj\u00e4nsten Duodecims nyheter<\/em><\/li>\n<li>H\u00e4lsov\u00e5rdens adresser<\/li>\n<li>God medicinsk praxis-rekommendationerna<\/li>\n<li><i><em>Resen\u00e4rens h\u00e4lsoguide<\/em><\/i><\/li>\n<li>\u00c5tg\u00e4rdsklassificeringar<\/li>\n<\/ul>\n<h2>Medlemsf\u00f6rm\u00e5ner p\u00e5 Kustannus Oy Duodecims produkter<\/h2>\n<hr>\n<p>Duodecims medlemmar f\u00e5r 25 procents rabatt p\u00e5 Kustannus Oy Duodecims tryckta l\u00e4ro- och handb\u00f6cker och guider samt Oppiporttis e-b\u00f6cker, Terveysporttis databaser och Oppiporttis utbildningskomplex. Medlemsrabatterna g\u00e4ller inte allm\u00e4nna faktab\u00f6cker, b\u00f6cker i God v\u00e5rd-serien, D-pocketb\u00f6cker och b\u00f6cker som st\u00e4ndigt \u00e4r rabatterade.<\/p>\n<p>Personliga best\u00e4llningar p\u00e5 b\u00f6cker och n\u00e4ttj\u00e4nster \u00e4r m\u00f6jligt att g\u00f6ra i Duodecims n\u00e4tbutik. Medlemsf\u00f6rm\u00e5nsprodukternas pris f\u00e5r man genom att logga in i n\u00e4tbutiken med Duodecim-koder (s.k. Terveysportti-koder).<\/p>\n<p>Tryckta b\u00f6cker kan man ut\u00f6ver n\u00e4tbutiken k\u00f6pa fr\u00e5n Duodecims egen kontor, m\u00e4ssavdelningar och Suomalainen Kirjakauppa. Vid k\u00f6p b\u00f6r man presentera sitt Duodecim-medlemskort.<\/p>\n<p>Duodecims medlemmar f\u00e5r d\u00e4rtill 10 % rabatt p\u00e5 allm\u00e4nna litter\u00e4ra verk i Suomalainen Kirjakauppa (sk\u00f6nlitteratur, barn- och ungdomsb\u00f6cker, allm\u00e4nna fackb\u00f6cker och ordb\u00f6cker, inte l\u00e4rob\u00f6cker). Rabatten beviljas p\u00e5 b\u00e5de inhemska och utl\u00e4ndska b\u00f6cker som s\u00e4ljs i \u00f6ver 60 Suomalainen Kirjakauppa \u2013 bokhandlarna omkring i Finland. Rabatten g\u00e4ller inte n\u00e4tbutiksk\u00f6p i Suomalainen Kirjakauppa.<\/p>\n<h2>Viktorinranta<\/h2>\n<hr>\n<h2><\/h2>\n<p>Duodecim-f\u00f6reningen hyr ut semesterbost\u00e4der i Viktorinranta f\u00f6r fritid och konferensbruk \u00e5ret om. Semesterbost\u00e4derna ligger i Savitaipale i Syd\u00f6stra Finland vid Kuolimoj\u00e4rvi strand.<\/p>\n<p><a href=\"http:\/\/www.duodecim.fi\/jasenyys\/\">Vem kan vara medlem i Duodecim?<\/a><\/p>\n<p><a href=\"http:\/\/www.duodecim.fi\/jasenyys\/jaseneksi-liittyminen\/\">Hur kan jag bli medlem i Duodecim?<\/a><\/p>\n","protected":false},"excerpt":{"rendered":"<p>Som medlemsf\u00f6rm\u00e5ner erbjuder Duodecim \u00e5t medlemmar tidskrifter, rabatter p\u00e5 Kustannus Oy Duodecims produkter och m\u00f6jlighet till att hyra semesterbost\u00e4der f\u00f6r medlemspris. Tidskriftsf\u00f6rm\u00e5ner Tidskriften Duodecim Medlemmarna f\u00e5r Tidskriften Duodecims \u00e5rg\u00e5ng per post (till en adress i Finland) och r\u00e4ttigheter till webbtidningen. D\u00e4rtill f\u00e5r de tidskriftens nyhetsbrev till sin e-post tv\u00e5 g\u00e5nger per m\u00e5nad om de s\u00e5 [&hellip;]<\/p>\n","protected":false},"author":26,"featured_media":0,"parent":0,"menu_order":0,"comment_status":"closed","ping_status":"closed","template":"","meta":{"_acf_changed":false,"footnotes":""},"tags":[],"page_categories":[4],"class_list":["post-435","page","type-page","status-publish","hentry","page_categories-medlemskap"],"acf":[],"_links":{"self":[{"href":"https:\/\/www.duodecim.fi\/svenska\/wp-json\/wp\/v2\/pages\/435","targetHints":{"allow":["GET"]}}],"collection":[{"href":"https:\/\/www.duodecim.fi\/svenska\/wp-json\/wp\/v2\/pages"}],"about":[{"href":"https:\/\/www.duodecim.fi\/svenska\/wp-json\/wp\/v2\/types\/page"}],"author":[{"embeddable":true,"href":"https:\/\/www.duodecim.fi\/svenska\/wp-json\/wp\/v2\/users\/26"}],"replies":[{"embeddable":true,"href":"https:\/\/www.duodecim.fi\/svenska\/wp-json\/wp\/v2\/comments?post=435"}],"version-history":[{"count":11,"href":"https:\/\/www.duodecim.fi\/svenska\/wp-json\/wp\/v2\/pages\/435\/revisions"}],"predecessor-version":[{"id":1082,"href":"https:\/\/www.duodecim.fi\/svenska\/wp-json\/wp\/v2\/pages\/435\/revisions\/1082"}],"wp:attachment":[{"href":"https:\/\/www.duodecim.fi\/svenska\/wp-json\/wp\/v2\/media?parent=435"}],"wp:term":[{"taxonomy":"post_tag","embeddable":true,"href":"https:\/\/www.duodecim.fi\/svenska\/wp-json\/wp\/v2\/tags?post=435"},{"taxonomy":"page_categories","embeddable":true,"href":"https:\/\/www.duodecim.fi\/svenska\/wp-json\/wp\/v2\/page_categories?post=435"}],"curies":[{"name":"wp","href":"https:\/\/api.w.org\/{rel}","templated":true}]}}