{"id":317,"date":"2025-04-01T12:33:04","date_gmt":"2025-04-01T12:33:04","guid":{"rendered":"http:\/\/kuura-health.local\/?page_id=317"},"modified":"2026-04-10T11:18:25","modified_gmt":"2026-04-10T08:18:25","slug":"d-mentori","status":"publish","type":"page","link":"https:\/\/www.duodecim.fi\/kuurahealth\/d-mentori\/","title":{"rendered":"D-mentori"},"content":{"rendered":"\n<div class=\"wp-block-cover alignwide\" style=\"margin-top:0;margin-bottom:0;padding-top:0;padding-bottom:0;min-height:370px;aspect-ratio:unset;\"><img loading=\"lazy\" decoding=\"async\" width=\"1829\" height=\"1220\" class=\"wp-block-cover__image-background wp-image-1463 size-full\" alt=\"Nelj\u00e4 l\u00e4\u00e4ketieteen opiskelijaa tietokoneen \u00e4\u00e4ress\u00e4, k\u00e4ytt\u00e4v\u00e4t D-mentoria opiskelun tukena.\" src=\"https:\/\/www.duodecim.fi\/kuurahealth\/wp-content\/uploads\/sites\/21\/2025\/12\/Laaketieteen-opiskelijat-D-mentoria-kayttamassa.png\" data-object-fit=\"cover\" srcset=\"https:\/\/www.duodecim.fi\/kuurahealth\/wp-content\/uploads\/sites\/21\/2025\/12\/Laaketieteen-opiskelijat-D-mentoria-kayttamassa.png 1829w, https:\/\/www.duodecim.fi\/kuurahealth\/wp-content\/uploads\/sites\/21\/2025\/12\/Laaketieteen-opiskelijat-D-mentoria-kayttamassa-300x200.png 300w, https:\/\/www.duodecim.fi\/kuurahealth\/wp-content\/uploads\/sites\/21\/2025\/12\/Laaketieteen-opiskelijat-D-mentoria-kayttamassa-1024x683.png 1024w, https:\/\/www.duodecim.fi\/kuurahealth\/wp-content\/uploads\/sites\/21\/2025\/12\/Laaketieteen-opiskelijat-D-mentoria-kayttamassa-768x512.png 768w, https:\/\/www.duodecim.fi\/kuurahealth\/wp-content\/uploads\/sites\/21\/2025\/12\/Laaketieteen-opiskelijat-D-mentoria-kayttamassa-1536x1025.png 1536w\" sizes=\"auto, (max-width: 1829px) 100vw, 1829px\" \/><span aria-hidden=\"true\" class=\"wp-block-cover__background has-tumma-sininen-background-color has-background-dim\"><\/span><div class=\"wp-block-cover__inner-container has-global-padding is-layout-constrained wp-container-core-cover-is-layout-93f53ff7 wp-block-cover-is-layout-constrained\">\n<h1 class=\"wp-block-heading has-text-align-center has-base-color has-text-color has-link-color wp-elements-afa5b57e1fdca4382e0e7f6dc14f9190\" style=\"font-size:clamp(22.041px, 1.378rem + ((1vw - 3.2px) * 1.091), 36px);font-style:normal;font-weight:400;line-height:1.4\">Opiskele ja hae tietoa D-mentorin avulla<\/h1>\n<\/div><\/div>\n\n\n\n<div class=\"wp-block-group has-global-padding is-layout-constrained wp-block-group-is-layout-constrained\">\n<div class=\"wp-block-columns is-layout-flex wp-container-core-columns-is-layout-fcacad70 wp-block-columns-is-layout-flex\" style=\"margin-top:var(--wp--preset--spacing--70);margin-bottom:var(--wp--preset--spacing--70)\">\n<div class=\"wp-block-column is-layout-flow wp-block-column-is-layout-flow\" style=\"padding-right:var(--wp--preset--spacing--40);padding-left:var(--wp--preset--spacing--40);flex-basis:25%\">\n<figure class=\"wp-block-image size-full is-resized subsite-nav-logo\"><img loading=\"lazy\" decoding=\"async\" width=\"690\" height=\"197\" src=\"https:\/\/www.duodecim.fi\/kuurahealth\/wp-content\/uploads\/sites\/21\/2025\/12\/D-mentori_logo_black_RGB.png\" alt=\"\" class=\"wp-image-1123\" style=\"width:auto;height:60px\" srcset=\"https:\/\/www.duodecim.fi\/kuurahealth\/wp-content\/uploads\/sites\/21\/2025\/12\/D-mentori_logo_black_RGB.png 690w, https:\/\/www.duodecim.fi\/kuurahealth\/wp-content\/uploads\/sites\/21\/2025\/12\/D-mentori_logo_black_RGB-300x86.png 300w\" sizes=\"auto, (max-width: 690px) 100vw, 690px\" \/><\/figure>\n<\/div>\n\n\n\n<div class=\"wp-block-column is-layout-flow wp-block-column-is-layout-flow\" style=\"padding-right:var(--wp--preset--spacing--40);padding-left:var(--wp--preset--spacing--40);flex-basis:60%\">\n<p class=\"has-tumma-sininen-color has-text-color has-link-color has-body-font-size wp-elements-6ebd535f15bd42617efc5527ee55c26b\" style=\"line-height:1.7\">D-mentori on keskusteleva teko\u00e4lysovellus, joka k\u00e4ytt\u00e4\u00e4 vastauksiensa pohjalla Duodecimin luotettavia aineistoja. Se toimii oppimisen ja tiedonhaun apuv\u00e4lineen\u00e4, eik\u00e4 sit\u00e4 ole tarkoitettu kliiniseen ty\u00f6h\u00f6n.<\/p>\n<\/div>\n<\/div>\n\n\n\n<div class=\"wp-block-group has-global-padding is-layout-constrained wp-container-core-group-is-layout-97829e9f wp-block-group-is-layout-constrained\" style=\"padding-right:var(--wp--preset--spacing--40);padding-left:var(--wp--preset--spacing--40)\">\n<hr class=\"wp-block-separator has-text-color has-tumma-sininen-color has-alpha-channel-opacity has-tumma-sininen-background-color has-background\" style=\"margin-top:0;margin-bottom:0\" \/>\n<\/div>\n\n\n\n<div class=\"wp-block-group alignwide has-global-padding is-layout-constrained wp-block-group-is-layout-constrained\" style=\"margin-top:0\">\n<div class=\"wp-block-group alignfull has-global-padding is-layout-constrained wp-container-core-group-is-layout-e170f89d wp-block-group-is-layout-constrained\" style=\"margin-top:0;margin-bottom:0;padding-top:0;padding-right:var(--wp--preset--spacing--40);padding-bottom:0;padding-left:var(--wp--preset--spacing--40)\">\n<div class=\"wp-block-group subsite-columns has-global-padding is-layout-constrained wp-block-group-is-layout-constrained\" style=\"margin-top:var(--wp--preset--spacing--70);margin-bottom:0\">\n<div class=\"wp-block-group has-global-padding is-layout-constrained wp-container-core-group-is-layout-f36bc466 wp-block-group-is-layout-constrained\">\n<h2 class=\"wp-block-heading has-text-align-center has-tumma-sininen-color has-text-color has-link-color has-h-3-font-size wp-elements-253bb0807c4ae687449fe86bb8ab658f\" style=\"margin-top:var(--wp--preset--spacing--40);line-height:1.3\">Duodecimin opiskelijaj\u00e4sen, ota D-mentori k\u00e4ytt\u00f6\u00f6n!<\/h2>\n<\/div>\n\n\n\n<div class=\"wp-block-columns is-layout-flex wp-container-core-columns-is-layout-30102343 wp-block-columns-is-layout-flex\" style=\"margin-top:var(--wp--preset--spacing--70);margin-bottom:var(--wp--preset--spacing--50)\">\n<div class=\"wp-block-column is-layout-flow wp-block-column-is-layout-flow\" style=\"padding-right:0;padding-left:0;flex-basis:35%\">\n<p class=\"has-tumma-sininen-color has-text-color has-link-color has-h-5-font-size wp-elements-c9ed36019e714596cd548db367265d3f\" style=\"line-height:1.5\">Duodecimin opiskelijaj\u00e4sen<\/p>\n<\/div>\n\n\n\n<div class=\"wp-block-column is-layout-flow wp-block-column-is-layout-flow\" style=\"padding-right:0;padding-left:0;flex-basis:60%\">\n<p class=\"has-tumma-sininen-color has-text-color has-link-color has-body-font-size wp-elements-69c31a8c729d436c5612cbec6fe5b53c\" style=\"line-height:1.5\">Duodecim tarjoaa opiskelijaj\u00e4senilleen k\u00e4ytt\u00f6oikeuden tuoreeseen D-mentoriin. <\/p>\n\n\n\n<p class=\"has-tumma-sininen-color has-text-color has-link-color has-body-font-size wp-elements-ba92b69474a75471ef0de2fe1d45a864\" style=\"line-height:1.5\">Kirjaudu sis\u00e4\u00e4n osoitteessa <a href=\"http:\/\/www.d-mentori.fi\" data-type=\"link\" data-id=\"www.d-mentori.fi\">www.d-mentori.fi<\/a> j\u00e4senyyteen kytketyll\u00e4 Duodecim-tilill\u00e4si. J\u00e4senpalvelumme auttavat k\u00e4ytt\u00f6oikeuksiin, tiliin ja j\u00e4senyyteen liittyviss\u00e4 kysymyksiss\u00e4 s\u00e4hk\u00f6postitse <a href=\"mailto:jasenpalvelut@duodecim.fi\" target=\"_blank\" rel=\"noreferrer noopener\">jasenpalvelut@duodecim.fi<\/a>.<\/p>\n\n\n\n<p class=\"has-tumma-sininen-color has-text-color has-link-color has-body-font-size wp-elements-12b760d00669fc62cb158a5de4219432\">Jos et viel\u00e4 ole opiskelijaj\u00e4sen, voit liitty\u00e4 <a href=\"https:\/\/www.duodecim.fi\/jasenyys\/opiskelijajasenliity\/\" data-type=\"link\" data-id=\"https:\/\/www.duodecim.fi\/jasenyys\/opiskelijajasenliity\/\">t\u00e4\u00e4ll\u00e4<\/a>. Opiskelijaj\u00e4senyys on maksuton. J\u00e4senyys jatkuu valmistumisen j\u00e4lkeen l\u00e4\u00e4k\u00e4rij\u00e4senyyten\u00e4.<\/p>\n<\/div>\n<\/div>\n\n\n\n<div class=\"wp-block-columns is-layout-flex wp-container-core-columns-is-layout-590b3b64 wp-block-columns-is-layout-flex\" style=\"margin-top:var(--wp--preset--spacing--50);margin-bottom:var(--wp--preset--spacing--50)\">\n<div class=\"wp-block-column is-layout-flow wp-block-column-is-layout-flow\" style=\"padding-right:0;padding-left:0;flex-basis:35%\">\n<p class=\"has-tumma-sininen-color has-text-color has-link-color has-h-5-font-size wp-elements-6929ed63c7369335962fd524a38d1f0f\" style=\"line-height:1.5\">Muut k\u00e4ytt\u00e4j\u00e4t<\/p>\n<\/div>\n\n\n\n<div class=\"wp-block-column is-layout-flow wp-block-column-is-layout-flow\" style=\"padding-right:0;padding-left:0;flex-basis:60%\">\n<p class=\"has-tumma-sininen-color has-text-color has-link-color has-body-font-size wp-elements-1ab1f64e7f39a9af8210c82baa19e853\" style=\"line-height:1.5\">D-mentori julkaistaan aivan l\u00e4hiaikoina my\u00f6s muiden terveydenhuollon ammattilaisten k\u00e4ytt\u00f6\u00f6n \u2013 seuraa kanaviamme!<\/p>\n<\/div>\n<\/div>\n<\/div>\n<\/div>\n\n\n\n<div class=\"wp-block-group alignwide has-tumma-sininen-background-color has-background has-global-padding is-layout-constrained wp-container-core-group-is-layout-70efad08 wp-block-group-is-layout-constrained\" style=\"margin-top:0;margin-bottom:0;padding-top:var(--wp--preset--spacing--40);padding-right:var(--wp--preset--spacing--40);padding-bottom:var(--wp--preset--spacing--50);padding-left:var(--wp--preset--spacing--40)\">\n<figure style=\"margin-top:var(--wp--preset--spacing--30);margin-bottom:var(--wp--preset--spacing--30)\" class=\"wp-block-video\"><video height=\"1080\" style=\"aspect-ratio: 1920 \/ 1080;\" width=\"1920\" autoplay loop muted preload=\"auto\" src=\"https:\/\/www.duodecim.fi\/kuurahealth\/wp-content\/uploads\/sites\/21\/2026\/01\/Verkkosivuille-D-mentori.mp4\" playsinline><\/video><\/figure>\n<\/div>\n<\/div>\n<\/div>\n\n\n\n<div class=\"wp-block-group alignfull has-global-padding is-layout-constrained wp-container-core-group-is-layout-e170f89d wp-block-group-is-layout-constrained\" style=\"margin-top:0;margin-bottom:0;padding-top:0;padding-right:var(--wp--preset--spacing--40);padding-bottom:0;padding-left:var(--wp--preset--spacing--40)\">\n<div class=\"wp-block-group subsite-columns has-global-padding is-layout-constrained wp-block-group-is-layout-constrained\" style=\"margin-top:var(--wp--preset--spacing--70);margin-bottom:0\">\n<div class=\"wp-block-group has-global-padding is-layout-constrained wp-container-core-group-is-layout-f36bc466 wp-block-group-is-layout-constrained\">\n<h2 class=\"wp-block-heading has-text-align-center has-tumma-sininen-color has-text-color has-link-color has-h-3-font-size wp-elements-fa9fea896076efbd589d567436f83cf4\" style=\"margin-top:var(--wp--preset--spacing--40);line-height:1.3\">Usein kysytyt kysymykset D-mentorista<\/h2>\n<\/div>\n\n\n\n<div class=\"wp-block-columns is-layout-flex wp-container-core-columns-is-layout-30102343 wp-block-columns-is-layout-flex\" style=\"margin-top:var(--wp--preset--spacing--70);margin-bottom:var(--wp--preset--spacing--50)\">\n<div class=\"wp-block-column is-layout-flow wp-block-column-is-layout-flow\" style=\"padding-right:0;padding-left:0;flex-basis:35%\">\n<p class=\"has-tumma-sininen-color has-text-color has-link-color has-body-font-size wp-elements-e0bd3a221eaca35124868b45a3507351\" style=\"line-height:1.5\">Olen l\u00e4\u00e4ketieteen opiskelija ja en p\u00e4\u00e4se kirjautumaan sis\u00e4\u00e4n<\/p>\n<\/div>\n\n\n\n<div class=\"wp-block-column is-layout-flow wp-block-column-is-layout-flow\" style=\"padding-right:0;padding-left:0;flex-basis:60%\">\n<p class=\"has-tumma-sininen-color has-text-color has-link-color has-body-font-size wp-elements-e07fac7a3f769c0ac89e9ad6627bcf57\">Oletko aktivoinut opiskelijaj\u00e4senetusi liittymisen yhteydess\u00e4 lis\u00e4\u00e4m\u00e4ll\u00e4 aktivointikoodin <a href=\"https:\/\/oma.duodecim.fi\/\" data-type=\"link\" data-id=\"https:\/\/oma.duodecim.fi\/\">Oma Duodecimissa<\/a>? Aktivointikoodi on toimitettu liittymisen yhteydess\u00e4 l\u00e4hetetyss\u00e4 s\u00e4hk\u00f6postissa. Tarvittaessa voit pyyt\u00e4\u00e4 koodin uudelleen <a href=\"mailto:jasenpalvelut@duodecim.fi\">j\u00e4senpalveluista<\/a>.<\/p>\n<\/div>\n<\/div>\n\n\n\n<div class=\"wp-block-columns is-layout-flex wp-container-core-columns-is-layout-590b3b64 wp-block-columns-is-layout-flex\" style=\"margin-top:var(--wp--preset--spacing--50);margin-bottom:var(--wp--preset--spacing--50)\">\n<div class=\"wp-block-column is-layout-flow wp-block-column-is-layout-flow\" style=\"padding-right:0;padding-left:0;flex-basis:35%\">\n<p class=\"has-tumma-sininen-color has-text-color has-link-color has-body-font-size wp-elements-3d83f347e83b930cc1cbe51f1bb45389\" style=\"line-height:1.5\">Olen Duodecimin opiskelijaj\u00e4sen ja aktivoinut etuni, mutta en p\u00e4\u00e4se sis\u00e4\u00e4n.<\/p>\n\n\n\n<p class=\"has-tumma-sininen-color has-text-color has-link-color has-body-font-size wp-elements-3e854c60bdb927ad23bde4d7f89ce5cd\" style=\"line-height:1.5\">En p\u00e4\u00e4se siirtym\u00e4\u00e4n D-mentorista l\u00e4hdeaineistoihin.<\/p>\n<\/div>\n\n\n\n<div class=\"wp-block-column is-layout-flow wp-block-column-is-layout-flow\" style=\"padding-right:0;padding-left:0;flex-basis:60%\">\n<p class=\"has-tumma-sininen-color has-text-color has-link-color has-body-font-size wp-elements-0f952811b74a28a50c90a83d93cab572\">Sinulla saattaa olla useampi Duodecim-tili. Esimerkiksi olet luonut Duodecim-tilin henkil\u00f6kohtaisella s\u00e4hk\u00f6postiosoitteellasi ja lis\u00e4ksi sinulle on muodostunut Duodecim-tili yliopiston kautta kirjautuessasi Duodecimin palveluihin. <\/p>\n\n\n\n<p class=\"has-tumma-sininen-color has-text-color has-link-color has-body-font-size wp-elements-b602c93177a0c8c8e5ee1ce39d9e9079\" style=\"line-height:1.5\">L\u00e4het\u00e4 tilien yhdist\u00e4mispyynt\u00f6 <a href=\"mailto:jasenpalvelut@duodecim.fi\">j\u00e4senpalveluille<\/a>. <\/p>\n<\/div>\n<\/div>\n<\/div>\n<\/div>\n","protected":false},"excerpt":{"rendered":"<p>D-mentori on keskusteleva teko\u00e4lysovellus, joka k\u00e4ytt\u00e4\u00e4 vastauksiensa pohjalla Duodecimin luotettavia aineistoja. Se toimii oppimisen ja tiedonhaun apuv\u00e4lineen\u00e4, eik\u00e4 sit\u00e4 ole tarkoitettu kliiniseen ty\u00f6h\u00f6n. Duodecimin opiskelijaj\u00e4sen, ota D-mentori k\u00e4ytt\u00f6\u00f6n! Duodecimin opiskelijaj\u00e4sen Duodecim tarjoaa opiskelijaj\u00e4senilleen k\u00e4ytt\u00f6oikeuden tuoreeseen D-mentoriin. Kirjaudu sis\u00e4\u00e4n osoitteessa www.d-mentori.fi j\u00e4senyyteen kytketyll\u00e4 Duodecim-tilill\u00e4si. J\u00e4senpalvelumme auttavat k\u00e4ytt\u00f6oikeuksiin, tiliin ja j\u00e4senyyteen liittyviss\u00e4 kysymyksiss\u00e4 s\u00e4hk\u00f6postitse jasenpalvelut@duodecim.fi. Jos et [&hellip;]<\/p>\n","protected":false},"author":3136,"featured_media":0,"parent":0,"menu_order":0,"comment_status":"closed","ping_status":"closed","template":"subsite-no-title","meta":{"footnotes":""},"class_list":["post-317","page","type-page","status-publish","hentry"],"_links":{"self":[{"href":"https:\/\/www.duodecim.fi\/kuurahealth\/wp-json\/wp\/v2\/pages\/317","targetHints":{"allow":["GET"]}}],"collection":[{"href":"https:\/\/www.duodecim.fi\/kuurahealth\/wp-json\/wp\/v2\/pages"}],"about":[{"href":"https:\/\/www.duodecim.fi\/kuurahealth\/wp-json\/wp\/v2\/types\/page"}],"author":[{"embeddable":true,"href":"https:\/\/www.duodecim.fi\/kuurahealth\/wp-json\/wp\/v2\/users\/3136"}],"replies":[{"embeddable":true,"href":"https:\/\/www.duodecim.fi\/kuurahealth\/wp-json\/wp\/v2\/comments?post=317"}],"version-history":[{"count":30,"href":"https:\/\/www.duodecim.fi\/kuurahealth\/wp-json\/wp\/v2\/pages\/317\/revisions"}],"predecessor-version":[{"id":1796,"href":"https:\/\/www.duodecim.fi\/kuurahealth\/wp-json\/wp\/v2\/pages\/317\/revisions\/1796"}],"wp:attachment":[{"href":"https:\/\/www.duodecim.fi\/kuurahealth\/wp-json\/wp\/v2\/media?parent=317"}],"curies":[{"name":"wp","href":"https:\/\/api.w.org\/{rel}","templated":true}]}}