{"id":441,"date":"2015-10-28T10:56:43","date_gmt":"2015-10-28T08:56:43","guid":{"rendered":"http:\/\/c20102plsrv24.duodecim.fi\/homesite\/?page_id=441"},"modified":"2020-06-12T11:25:09","modified_gmt":"2020-06-12T08:25:09","slug":"for-heath-care-professionals","status":"publish","type":"page","link":"https:\/\/www.duodecim.fi\/english\/products\/for-heath-care-professionals\/","title":{"rendered":"For medical professionals"},"content":{"rendered":"<h6>Duodecim&#8217;s aim is to develop the professional skills of doctors and to support their clinical practise. There is a wide range of products and services published in the Finnish language.<\/h6>\n<h2>Duodecim medical journal<\/h2>\n<hr \/>\n<h2><\/h2>\n<p>The Duodecim medical Journal, which is published in Finnish (under the name L\u00e4\u00e4ketieteellinen aikakauskirja Duodecim), is a general medical journal and was first published in 1885. The journal is published 24 times a year and is supplied to members of The Finnish Medical Society Duodecim. The main purpose of the Duodecim medical journal is to provide continuing scientific and professional education for doctors and medical students.<\/p>\n<p>The journal\u2019s medical content is the responsibility of the editor-in-chief, sub-editor and ten leading experts representing different specialist fields in medicine. All articles for the Duodecim medical journal are subjected to scientific peer review and language revision before publication. Ever since its founding, the journal has sought to promote and develop Finnish language usage in the medical field.<\/p>\n<h2>Terveysportti health portal<\/h2>\n<hr \/>\n<h2><\/h2>\n<p>The Terveysportti health portal brings together essential information for the everyday work of healthcare professionals. It includes up-to-date care and treatment recommendations, pharmaceutical information and numerous applications designed to help in everyday activities. The service is available throughout Finland\u2019s healthcare system, and each year about 50 million searches are made in the portal.<\/p>\n<p>At the core of the Terveysportti health portal is the L\u00e4\u00e4k\u00e4rin tietokanta doctor\u2019s database. Its concise and practical articles are aimed especially at doctors serving in outpatient treatment and hospital outpatient clinics. Details of the research data on which the guidance is based are presented in conjunction with the articles.<\/p>\n<h2>Professional literature<\/h2>\n<hr \/>\n<h2><\/h2>\n<p>Duodecim Medical Publications Ltd publishes medical textbooks, guides and handbooks as print publications and also in electronic form. The textbooks provide basic information about specialised fields of medicine and are designed for a wide readership, from students to consultants. The guides and handbooks are published as an aid to clinical practice and are intended to serve doctors and other healthcare professionals.<\/p>\n<h2>Oppiportti learning portal and training events<\/h2>\n<hr \/>\n<p>The provision of continuing education designed to maintain professional knowledge and skills is also one of Duodecim\u2019s key functions.s. The diverse training events arranged by Duodecim and the online Oppiportti learning portal published by Duodecim Medical Publications together provide opportunities for maintaining and developing the skills needed in the workplace.<\/p>\n<h2>Health Benefit Analysis EBMEDS<\/h2>\n<hr \/>\n<p><em>Duodecim\u2019s Health Benefit Analysis (EBMEDS) is based on structured data provided by electronic health record systems combined with the contents of the EBMEDS Clinical Decision Support. Combining the two makes it possible to analyse patient data both on the individual and population levels and identify the people in the population who would benefit from an intervention or whose care could be made safer.<\/em><\/p>\n<p>The Health Benefit Analysis comprises the following applications:<br \/>\n\u2013 risk calculators<br \/>\n\u2013 care gap<br \/>\n\u2013 clinical quality indicators<br \/>\n\u2013 population health reports<br \/>\n\u2013 health benefit calculator (an application that measures the amount of net benefit achieved with treatments.)<\/p>\n<p>Definitions of the care gap and the clinical quality indicators as well as the risk calculators and the health benefit calculator are based on Current Care Guidelines and other sources of best research information.<\/p>\n<p>The service is provided by Duodecim Publishing Company Ltd.<\/p>\n<p><a href=\"https:\/\/www.duodecim.fi\/2020\/04\/06\/kustannus-oy-duodecimille-laatusertifikaatti\/\">ISO 13485 certified<\/a><\/p>\n<h2>Comprehensive Medication Review EBMEDS<\/h2>\n<hr \/>\n<p><em>Currently, only one in three elderly patients and patients with multiple conditions receive the correct medication. Duodecim Publishing Company Ltd, together with the EU-funded PRIMA-eDS consortium, has developed a new feature for Clinical Decision Support: a Comprehensive Medication Review that gives an overview of medication.<\/em><\/p>\n<p><strong>The Comprehensive Medication Review includes<\/strong><\/p>\n<ul>\n<li>medication in case of kidney hypofunction<\/li>\n<li>serious medication interactions<\/li>\n<li>indications and contraindications related to the medication<\/li>\n<li>side effects caused by the medication<\/li>\n<li>laboratory tests.<\/li>\n<\/ul>\n<p><strong>The Comprehensive Medication Review also allows<\/strong><\/p>\n<ul>\n<li>promoting medication safety with automatic reminders and warnings<\/li>\n<li>guiding towards use of safer alternative medications.<\/li>\n<\/ul>\n<p>The service is provided by Duodecim Publishing Company Ltd.<\/p>\n","protected":false},"excerpt":{"rendered":"<p>Duodecim&#8217;s aim is to develop the professional skills of doctors and to support their clinical practise. There is a wide range of products and services published in the Finnish language. Duodecim medical journal The Duodecim medical Journal, which is published in Finnish (under the name L\u00e4\u00e4ketieteellinen aikakauskirja Duodecim), is a general medical journal and was [&hellip;]<\/p>\n","protected":false},"author":746,"featured_media":641,"parent":430,"menu_order":0,"comment_status":"closed","ping_status":"closed","template":"template-tuote.php","meta":{"_acf_changed":false,"footnotes":""},"tags":[],"page_categories":[4,9],"class_list":["post-441","page","type-page","status-publish","has-post-thumbnail","hentry","page_categories-products","page_categories-tuotteet"],"acf":[],"_links":{"self":[{"href":"https:\/\/www.duodecim.fi\/english\/wp-json\/wp\/v2\/pages\/441","targetHints":{"allow":["GET"]}}],"collection":[{"href":"https:\/\/www.duodecim.fi\/english\/wp-json\/wp\/v2\/pages"}],"about":[{"href":"https:\/\/www.duodecim.fi\/english\/wp-json\/wp\/v2\/types\/page"}],"author":[{"embeddable":true,"href":"https:\/\/www.duodecim.fi\/english\/wp-json\/wp\/v2\/users\/746"}],"replies":[{"embeddable":true,"href":"https:\/\/www.duodecim.fi\/english\/wp-json\/wp\/v2\/comments?post=441"}],"version-history":[{"count":14,"href":"https:\/\/www.duodecim.fi\/english\/wp-json\/wp\/v2\/pages\/441\/revisions"}],"predecessor-version":[{"id":1241,"href":"https:\/\/www.duodecim.fi\/english\/wp-json\/wp\/v2\/pages\/441\/revisions\/1241"}],"up":[{"embeddable":true,"href":"https:\/\/www.duodecim.fi\/english\/wp-json\/wp\/v2\/pages\/430"}],"wp:featuredmedia":[{"embeddable":true,"href":"https:\/\/www.duodecim.fi\/english\/wp-json\/wp\/v2\/media\/641"}],"wp:attachment":[{"href":"https:\/\/www.duodecim.fi\/english\/wp-json\/wp\/v2\/media?parent=441"}],"wp:term":[{"taxonomy":"post_tag","embeddable":true,"href":"https:\/\/www.duodecim.fi\/english\/wp-json\/wp\/v2\/tags?post=441"},{"taxonomy":"page_categories","embeddable":true,"href":"https:\/\/www.duodecim.fi\/english\/wp-json\/wp\/v2\/page_categories?post=441"}],"curies":[{"name":"wp","href":"https:\/\/api.w.org\/{rel}","templated":true}]}}