{"id":972,"date":"2025-05-02T09:41:48","date_gmt":"2025-05-02T06:41:48","guid":{"rendered":"https:\/\/ebmedsdev.alfonsdigital.dev\/?page_id=972"},"modified":"2026-03-06T14:32:20","modified_gmt":"2026-03-06T12:32:20","slug":"star-sv","status":"publish","type":"page","link":"https:\/\/www.duodecim.fi\/ebmeds\/sv\/star-sv\/","title":{"rendered":"Star"},"content":{"rendered":"\n<div class=\"wp-block-group has-global-padding is-layout-constrained wp-container-core-group-is-layout-5afeb8b5 wp-block-group-is-layout-constrained\" style=\"padding-top:var(--wp--preset--spacing--50);padding-right:var(--wp--preset--spacing--40);padding-bottom:0;padding-left:var(--wp--preset--spacing--40)\">\n<figure class=\"wp-block-image aligncenter size-full is-resized subsite-nav-logo\"><img decoding=\"async\" src=\"https:\/\/www.duodecim.fi\/ebmeds\/wp-content\/uploads\/sites\/20\/2025\/04\/logo-star.svg\" alt=\"\" class=\"wp-image-830\" style=\"width:auto;height:45px\"\/><\/figure>\n\n\n\n<h1 class=\"wp-block-heading has-text-align-center has-tumma-sininen-color has-text-color has-link-color has-h-1-font-size wp-elements-f2232e457f401dd8a45648c46691b43d\" style=\"margin-top:var(--wp--preset--spacing--40);margin-bottom:var(--wp--preset--spacing--50);padding-right:0;padding-left:0;line-height:1.5\">Aktivera inv\u00e5nare till digital egenv\u00e5rd, anv\u00e4nd egna resurser mer effektivt<\/h1>\n<\/div>\n\n\n\n<div class=\"wp-block-cover alignwide\" style=\"margin-top:0;margin-bottom:0;padding-top:0;padding-bottom:0\"><img loading=\"lazy\" decoding=\"async\" width=\"1024\" height=\"413\" class=\"wp-block-cover__image-background wp-image-1623 size-large\" alt=\"\" src=\"https:\/\/www.duodecim.fi\/ebmeds\/wp-content\/uploads\/sites\/20\/2025\/10\/Star_hero-1024x413.jpg\" data-object-fit=\"cover\" srcset=\"https:\/\/www.duodecim.fi\/ebmeds\/wp-content\/uploads\/sites\/20\/2025\/10\/Star_hero-1024x413.jpg 1024w, https:\/\/www.duodecim.fi\/ebmeds\/wp-content\/uploads\/sites\/20\/2025\/10\/Star_hero-300x121.jpg 300w, https:\/\/www.duodecim.fi\/ebmeds\/wp-content\/uploads\/sites\/20\/2025\/10\/Star_hero-768x309.jpg 768w, https:\/\/www.duodecim.fi\/ebmeds\/wp-content\/uploads\/sites\/20\/2025\/10\/Star_hero-1536x619.jpg 1536w, https:\/\/www.duodecim.fi\/ebmeds\/wp-content\/uploads\/sites\/20\/2025\/10\/Star_hero-2048x825.jpg 2048w\" sizes=\"auto, (max-width: 1024px) 100vw, 1024px\" \/><span aria-hidden=\"true\" class=\"wp-block-cover__background has-background-dim-0 has-background-dim\"><\/span><div class=\"wp-block-cover__inner-container has-global-padding is-layout-constrained wp-container-core-cover-is-layout-93f53ff7 wp-block-cover-is-layout-constrained\">\n<p><\/p>\n<\/div><\/div>\n\n\n\n<div class=\"wp-block-group has-global-padding is-layout-constrained wp-block-group-is-layout-constrained\">\n<div class=\"wp-block-columns is-layout-flex wp-container-core-columns-is-layout-30102343 wp-block-columns-is-layout-flex\" style=\"margin-top:var(--wp--preset--spacing--70);margin-bottom:var(--wp--preset--spacing--50)\">\n<div class=\"wp-block-column is-layout-flow wp-block-column-is-layout-flow\" style=\"padding-right:var(--wp--preset--spacing--40);padding-left:var(--wp--preset--spacing--40);flex-basis:25%\">\n<h2 class=\"wp-block-heading has-tumma-sininen-color has-text-color has-link-color has-h-3-font-size wp-elements-0ddad289350d3c5a9c29d670e9ebaff1\" style=\"line-height:1.4\">Duodecim<br>STAR\u00ae<\/h2>\n<\/div>\n\n\n\n<div class=\"wp-block-column is-layout-flow wp-block-column-is-layout-flow\" style=\"padding-right:var(--wp--preset--spacing--40);padding-left:var(--wp--preset--spacing--40);flex-basis:60%\">\n<p class=\"has-tumma-sininen-color has-text-color has-link-color has-body-font-size wp-elements-99b63a6e755b3ab3a08661e848481f41\" style=\"line-height:1.5\"><strong>Duodecim STAR \u00e4r en tj\u00e4nst f\u00f6r h\u00e4lsounders\u00f6kningar och coachning, d\u00e4r inv\u00e5narna sj\u00e4lva kan bed\u00f6ma sina h\u00e4lsorisker. Beroende p\u00e5 granskningens resultat ges r\u00e5d f\u00f6r konkreta livsstilsf\u00f6r\u00e4ndringar, och de coachningsprogram som erbjuds st\u00f6der en ny och h\u00e4lsosammare livsstil.<\/strong><\/p>\n\n\n\n<p class=\"has-tumma-sininen-color has-text-color has-link-color has-body-font-size wp-elements-6f59b7e385ba8305a6d69603f3f9ce66\" style=\"line-height:1.5\">F\u00f6r v\u00e5rdpersonal erbjuder Duodecim STAR ett effektivt s\u00e4tt att guida patienter till h\u00e4lsokontroller som utf\u00f6rs p\u00e5 egen hand. F\u00e4rdiga resultat sparar v\u00e5rdpersonalens tid, standardiserar processer och effektiviserar v\u00e5rden.<\/p>\n\n\n\n<p class=\"has-tumma-sininen-color has-text-color has-link-color has-body-font-size wp-elements-42423c35d045e5e2882b720da7995767\" style=\"line-height:1.5\">STAR kan anv\u00e4ndas f\u00f6r att identifiera indikatorer som p\u00e5verkar HYTE-faktorn samt styra HYTE-finansieringen till olika omr\u00e5den. STAR-coachningsprogrammen erbjuder interventioner som \u00e4r n\u00f6dv\u00e4ndiga f\u00f6r detta \u00e4ndam\u00e5l.<\/p>\n<\/div>\n<\/div>\n\n\n\n<div class=\"wp-block-cover alignwide\" style=\"margin-top:0;margin-bottom:0;padding-top:0;padding-bottom:0;min-height:32vw;aspect-ratio:unset;\"><img loading=\"lazy\" decoding=\"async\" width=\"1024\" height=\"413\" class=\"wp-block-cover__image-background wp-image-1297 size-large\" alt=\"\" src=\"https:\/\/www.duodecim.fi\/ebmeds\/wp-content\/uploads\/sites\/20\/2025\/08\/Star_SE-1024x413.jpg\" data-object-fit=\"cover\" srcset=\"https:\/\/www.duodecim.fi\/ebmeds\/wp-content\/uploads\/sites\/20\/2025\/08\/Star_SE-1024x413.jpg 1024w, https:\/\/www.duodecim.fi\/ebmeds\/wp-content\/uploads\/sites\/20\/2025\/08\/Star_SE-300x121.jpg 300w, https:\/\/www.duodecim.fi\/ebmeds\/wp-content\/uploads\/sites\/20\/2025\/08\/Star_SE-768x309.jpg 768w, https:\/\/www.duodecim.fi\/ebmeds\/wp-content\/uploads\/sites\/20\/2025\/08\/Star_SE-1536x619.jpg 1536w, https:\/\/www.duodecim.fi\/ebmeds\/wp-content\/uploads\/sites\/20\/2025\/08\/Star_SE-2048x825.jpg 2048w\" sizes=\"auto, (max-width: 1024px) 100vw, 1024px\" \/><span aria-hidden=\"true\" class=\"wp-block-cover__background has-background-dim-0 has-background-dim\"><\/span><div class=\"wp-block-cover__inner-container has-global-padding is-layout-constrained wp-container-core-cover-is-layout-93f53ff7 wp-block-cover-is-layout-constrained\">\n<p class=\"has-text-align-center has-large-font-size\"><\/p>\n<\/div><\/div>\n\n\n\n<div class=\"wp-block-group has-global-padding is-layout-constrained wp-block-group-is-layout-constrained\">\n<h2 class=\"wp-block-heading has-tumma-sininen-color has-text-color has-link-color has-h-3-font-size wp-elements-5b31d018e632800fbd2f47d1c7bcb182\" style=\"margin-top:var(--wp--preset--spacing--60);padding-right:var(--wp--preset--spacing--40);padding-left:var(--wp--preset--spacing--40)\">S\u00e5 hj\u00e4lper Duodecim STAR v\u00e5rdpersonal och -organisationer:<\/h2>\n\n\n\n<div class=\"wp-block-columns subsite-four-columns icon-columns is-layout-flex wp-container-core-columns-is-layout-ec876f46 wp-block-columns-is-layout-flex\" style=\"margin-top:var(--wp--preset--spacing--60);margin-bottom:var(--wp--preset--spacing--60);padding-right:var(--wp--preset--spacing--40);padding-left:var(--wp--preset--spacing--40)\">\n<div class=\"wp-block-column is-layout-flow wp-container-core-column-is-layout-f5bb311e wp-block-column-is-layout-flow\">\n<figure class=\"wp-block-image size-full is-resized\"><img decoding=\"async\" src=\"https:\/\/www.duodecim.fi\/ebmeds\/wp-content\/uploads\/sites\/20\/2025\/04\/Ikoni-potilas.svg\" alt=\"\" class=\"wp-image-809\" style=\"width:auto;height:120px\"\/><\/figure>\n\n\n\n<h3 class=\"wp-block-heading has-tumma-sininen-color has-text-color has-link-color has-h-5-font-size wp-elements-6ba1bb53339cfb86574e11f1feed61dd\" style=\"line-height:1.5\"><strong>Preventiv strategi<\/strong><\/h3>\n\n\n\n<p class=\"has-tumma-sininen-color has-text-color has-link-color has-body-font-size wp-elements-24c8efe4401083ed8434dd7f42f8bb96\" style=\"line-height:1.5\">STAR hj\u00e4lper till att f\u00f6rebygga livsstilssjukdomar hos stora folkgrupper. Till exempel kan lagstadgade h\u00e4lsokontroller genomf\u00f6ras som STAR-kontroller.<\/p>\n<\/div>\n\n\n\n<div class=\"wp-block-column is-layout-flow wp-container-core-column-is-layout-f5bb311e wp-block-column-is-layout-flow\">\n<figure class=\"wp-block-image size-full is-resized\"><img decoding=\"async\" src=\"https:\/\/www.duodecim.fi\/ebmeds\/wp-content\/uploads\/sites\/20\/2025\/04\/Ikoni-mobile-chat.svg\" alt=\"\" class=\"wp-image-808\" style=\"width:auto;height:120px\"\/><\/figure>\n\n\n\n<h3 class=\"wp-block-heading has-tumma-sininen-color has-text-color has-link-color has-h-5-font-size wp-elements-33a7acd5f5486df9dc4ba1294bd025b1\" style=\"line-height:1.5\"><strong>Prioritering av resurser<\/strong><\/h3>\n\n\n\n<p class=\"has-tumma-sininen-color has-text-color has-link-color has-body-font-size wp-elements-b58266ef80616ec844b882630db86ec4\" style=\"line-height:1.5\">N\u00e4r patienter sj\u00e4lva kan kartl\u00e4gga sina h\u00e4lsorisker och ta tag i livsstilsrelaterade sjukdomar med hj\u00e4lp av STAR-h\u00e4lsokontroller och -coachning, kan v\u00e5rdpersonal och -organisationer rikta sina resurser p\u00e5 ett mer effektivt s\u00e4tt.<\/p>\n<\/div>\n\n\n\n<div class=\"wp-block-column is-layout-flow wp-container-core-column-is-layout-f5bb311e wp-block-column-is-layout-flow\">\n<figure class=\"wp-block-image size-full is-resized\"><img decoding=\"async\" src=\"https:\/\/www.duodecim.fi\/ebmeds\/wp-content\/uploads\/sites\/20\/2025\/04\/Ikoni-hoito.svg\" alt=\"\" class=\"wp-image-805\" style=\"width:auto;height:120px\"\/><\/figure>\n\n\n\n<h3 class=\"wp-block-heading has-tumma-sininen-color has-text-color has-link-color has-h-5-font-size wp-elements-111757a4a42a13fdcab1ea5ea9567493\" style=\"line-height:1.5\"><strong>Optimering av processer<\/strong><\/h3>\n\n\n\n<p class=\"has-tumma-sininen-color has-text-color has-link-color has-body-font-size wp-elements-742bc647797efd6abc1cda5670856203\" style=\"line-height:1.5\">Proaktiva STAR-h\u00e4lsokontroller s\u00e4kerst\u00e4ller att friska patienter inte beh\u00f6ver bes\u00f6ka kliniken i on\u00f6dan.&nbsp; De s\u00e4kerst\u00e4ller dessutom att patienter som kommer till kliniken redan \u00e4r mer medvetna om sin situation, samt att v\u00e5rdpersonalen har en tydlig bild av deras behov tack vare STAR. P\u00e5 detta s\u00e4tt blir sj\u00e4lva bes\u00f6ket p\u00e5 kliniken s\u00e5 effektivt som m\u00f6jligt.<\/p>\n<\/div>\n\n\n\n<div class=\"wp-block-column is-layout-flow wp-container-core-column-is-layout-f5bb311e wp-block-column-is-layout-flow\">\n<figure class=\"wp-block-image size-full is-resized\"><img decoding=\"async\" src=\"https:\/\/www.duodecim.fi\/ebmeds\/wp-content\/uploads\/sites\/20\/2025\/04\/Ikoni-laite-sydan.svg\" alt=\"\" class=\"wp-image-807\" style=\"width:auto;height:120px\"\/><\/figure>\n\n\n\n<h3 class=\"wp-block-heading has-tumma-sininen-color has-text-color has-link-color has-h-5-font-size wp-elements-c4ad75b95e2eb5cb0e722bece6356090\" style=\"line-height:1.5\"><strong>V\u00e5rdens effektivitet<\/strong><\/h3>\n\n\n\n<p class=\"has-tumma-sininen-color has-text-color has-link-color has-body-font-size wp-elements-b53c086fa6ec217fc624897811f040ab\" style=\"line-height:1.5\">Konsekventa, upprepade STAR-\u00f6vningar och coachning hj\u00e4lper patienterna att verkligen l\u00f6sa sina livsstilsrelaterade h\u00e4lsoproblem. N\u00e4r till exempel viktkontroll eller s\u00f6mnrelaterade f\u00f6r\u00e4ndringar inte \u00e4r beroende av ett enda l\u00e4karbes\u00f6k, blir effekten i slut\u00e4ndan b\u00e4ttre b\u00e5de f\u00f6r individen och samh\u00e4llet.<\/p>\n<\/div>\n\n\n\n<div class=\"wp-block-column is-layout-flow wp-container-core-column-is-layout-f5bb311e wp-block-column-is-layout-flow\">\n<figure class=\"wp-block-image size-full is-resized\"><img decoding=\"async\" src=\"https:\/\/www.duodecim.fi\/ebmeds\/wp-content\/uploads\/sites\/20\/2025\/04\/Ikoni-kasi.svg\" alt=\"\" class=\"wp-image-806\" style=\"width:auto;height:120px\"\/><\/figure>\n\n\n\n<h3 class=\"wp-block-heading has-tumma-sininen-color has-text-color has-link-color has-h-5-font-size wp-elements-0a282fae39597e75174e49f6ff01e96a\" style=\"line-height:1.5\"><strong>HYTE-faktor<\/strong><\/h3>\n\n\n\n<p class=\"has-tumma-sininen-color has-text-color has-link-color has-body-font-size wp-elements-42423c35d045e5e2882b720da7995767\" style=\"line-height:1.5\">STAR kan anv\u00e4ndas f\u00f6r att identifiera indikatorer som p\u00e5verkar HYTE-faktorn samt styra HYTE-finansieringen till olika omr\u00e5den. STAR-coachningsprogrammen erbjuder interventioner som \u00e4r n\u00f6dv\u00e4ndiga f\u00f6r detta \u00e4ndam\u00e5l.<\/p>\n<\/div>\n<\/div>\n<\/div>\n<\/div>\n\n\n\n<div class=\"wp-block-columns alignfull has-tumma-sininen-background-color has-background is-layout-flex wp-container-core-columns-is-layout-d31bdbff wp-block-columns-is-layout-flex\" style=\"padding-top:var(--wp--preset--spacing--60);padding-right:var(--wp--preset--spacing--40);padding-bottom:var(--wp--preset--spacing--50);padding-left:var(--wp--preset--spacing--40)\">\n<div class=\"wp-block-column is-layout-flow wp-block-column-is-layout-flow\">\n<div class=\"wp-block-group has-global-padding is-layout-constrained wp-container-core-group-is-layout-abb6fe41 wp-block-group-is-layout-constrained\">\n<h2 class=\"wp-block-heading has-text-align-center has-base-color has-text-color has-link-color has-opensans-font-family has-h-3-font-size wp-elements-845899d28fb5a41a7f7dfb44c48eca15\" style=\"line-height:1.3\"><strong>Intresserad? L\u00e4mna dina kontaktuppgifter s\u00e5 kontaktar v\u00e5ra experter dig.<\/strong><\/h2>\n\n\n\n<div class=\"wp-block-buttons is-content-justification-center is-layout-flex wp-container-core-buttons-is-layout-a6d9f191 wp-block-buttons-is-layout-flex\" style=\"margin-top:var(--wp--preset--spacing--40);margin-bottom:var(--wp--preset--spacing--40)\">\n<div class=\"wp-block-button ota-yhteytta-btn btn-light\"><a class=\"wp-block-button__link has-tumma-sininen-color has-base-background-color has-text-color has-background has-link-color has-border-color has-base-border-color has-opensans-font-family has-h-4-font-size has-text-align-center has-custom-font-size wp-element-button\" style=\"border-width:1px;padding-top:var(--wp--preset--spacing--30);padding-right:var(--wp--preset--spacing--60);padding-bottom:var(--wp--preset--spacing--30);padding-left:var(--wp--preset--spacing--60)\">Kontakta oss<\/a><\/div>\n<\/div>\n<\/div>\n<\/div>\n<\/div>\n\n\n\n<div class=\"wp-block-columns alignfull is-layout-flex wp-container-core-columns-is-layout-44590b80 wp-block-columns-is-layout-flex\" style=\"margin-top:0;margin-bottom:0;padding-top:0;padding-bottom:0\">\n<div class=\"wp-block-column is-layout-flow wp-container-core-column-is-layout-92d440f1 wp-block-column-is-layout-flow\" style=\"padding-top:0;padding-bottom:0\">\n<figure class=\"wp-block-embed is-type-video is-provider-vimeo wp-block-embed-vimeo wp-embed-aspect-16-9 wp-has-aspect-ratio\" style=\"margin-top:0;margin-bottom:0\"><div class=\"wp-block-embed__wrapper\">\n<iframe loading=\"lazy\" title=\"STAR EN\" src=\"https:\/\/player.vimeo.com\/video\/1123461807?h=bc382a3159&amp;dnt=1&amp;app_id=122963\" width=\"500\" height=\"281\" frameborder=\"0\" allow=\"autoplay; fullscreen; picture-in-picture; clipboard-write; encrypted-media; web-share\" referrerpolicy=\"strict-origin-when-cross-origin\"><\/iframe>\n<\/div><\/figure>\n<\/div>\n<\/div>\n\n\n\n<div class=\"wp-block-group alignfull has-background has-global-padding is-layout-constrained wp-container-core-group-is-layout-8657f4d6 wp-block-group-is-layout-constrained\" style=\"background-color:#f2f3f7;margin-top:0;margin-bottom:0;padding-top:var(--wp--preset--spacing--60);padding-right:var(--wp--preset--spacing--40);padding-bottom:var(--wp--preset--spacing--60);padding-left:var(--wp--preset--spacing--40)\">\n<div class=\"wp-block-group subsite-columns has-global-padding is-layout-constrained wp-block-group-is-layout-constrained\" style=\"margin-top:0;margin-bottom:0\">\n<h2 class=\"wp-block-heading has-text-align-center has-tumma-sininen-color has-text-color has-link-color wp-elements-becb266823667fc9f4201b001b1d8d75\" style=\"margin-top:var(--wp--preset--spacing--50);font-size:clamp(24.034px, 1.502rem + ((1vw - 3.2px) * 1.247), 40px);\">Duodecim STAR\u00ae &#8211; f\u00f6r att st\u00f6dja livsstilsf\u00f6r\u00e4ndringar<\/h2>\n\n\n\n<div class=\"wp-block-columns is-layout-flex wp-container-core-columns-is-layout-63f6cc5e wp-block-columns-is-layout-flex\" style=\"margin-top:var(--wp--preset--spacing--70);margin-bottom:var(--wp--preset--spacing--70)\">\n<div class=\"wp-block-column is-layout-flow wp-block-column-is-layout-flow\" style=\"padding-right:0;padding-left:0;flex-basis:40%\">\n<h3 class=\"wp-block-heading has-tumma-sininen-color has-text-color has-link-color has-h-5-font-size wp-elements-68cef69949124e1e6c02ed4b35b813e5\" style=\"line-height:1.5\"><strong>Digitala verktyg f\u00f6r livsstilsf\u00f6r\u00e4ndringar<\/strong><\/h3>\n<\/div>\n\n\n\n<div class=\"wp-block-column is-layout-flow wp-block-column-is-layout-flow\" style=\"padding-right:0;padding-left:0;flex-basis:60%\">\n<p class=\"has-tumma-sininen-color has-text-color has-link-color has-body-font-size wp-elements-dc388f0a3d4eb2a41d8975e8b9bda414\" style=\"line-height:1.5\"><strong>Digital h\u00e4lsokontroll<\/strong><\/p>\n\n\n\n<p class=\"has-tumma-sininen-color has-text-color has-link-color has-body-font-size wp-elements-954f8ae1d7da8863fdb08a80151a487c\" style=\"line-height:1.5\">H\u00e4lsokontroller g\u00f6r det m\u00f6jligt f\u00f6r anv\u00e4ndare att utv\u00e4rdera sin egen livsstil och mentala v\u00e4lbefinnande. Baserat p\u00e5 den information som anv\u00e4ndare inl\u00e4mnar om sin livsstil ger tj\u00e4nsten en bed\u00f6mning av risken f\u00f6r att utveckla allvarliga hj\u00e4rt- och k\u00e4rlsjukdomar, samt en uppskattning av genomsnittlig livsl\u00e4ngd. <\/p>\n\n\n\n<p class=\"has-tumma-sininen-color has-text-color has-link-color has-body-font-size wp-elements-6d2b488ea27a4c7a8db84e4f0b3ac6b3\" style=\"line-height:1.5\">H\u00e4lsokontrollerna ger ocks\u00e5 en sammanfattning av livsstilsfaktorer som p\u00e5verkar h\u00e4lsan och ger f\u00f6rslag p\u00e5 s\u00e4tt att f\u00f6rb\u00e4ttra v\u00e4lbefinnandet. Tj\u00e4nstens ber\u00e4kningsformler baseras p\u00e5 omfattande finska forskningsdata och stora internationella studier. Tj\u00e4nsten finns tillg\u00e4nglig p\u00e5 finska, svenska och engelska.<\/p>\n\n\n\n<div style=\"height:40px\" aria-hidden=\"true\" class=\"wp-block-spacer\"><\/div>\n\n\n\n<p class=\"has-tumma-sininen-color has-text-color has-link-color has-body-font-size wp-elements-52717c93533db62a1a3e72019032de77\" style=\"line-height:1.5\"><strong>H\u00e4lsocoachning<\/strong><\/p>\n\n\n\n<p class=\"has-tumma-sininen-color has-text-color has-link-color has-body-font-size wp-elements-8992cc125e931c5475efa7d60db8e6cf\" style=\"line-height:1.5\">Sj\u00e4lvst\u00e4ndigt genomf\u00f6rda h\u00e4lsocoachningsprogram st\u00f6der livsstilsf\u00f6r\u00e4ndringar och inneh\u00e5ller information, tips och \u00f6vningar som hj\u00e4lper anv\u00e4ndaren att g\u00f6ra varaktiga f\u00f6r\u00e4ndringar i sin vardag. Veckobrev via e-post uppmuntrar och guidar anv\u00e4ndaren mot ett b\u00e4ttre liv. <\/p>\n\n\n\n<p class=\"has-tumma-sininen-color has-text-color has-link-color has-body-font-size wp-elements-22f75e49298624128849452f016d97d6\" style=\"line-height:1.5\">Man kan v\u00e4lja coachning inom flera olika omr\u00e5den som \u00e4r viktiga f\u00f6r h\u00e4lsa och v\u00e4lbefinnande, till exempel viktkontroll, motion, h\u00e4lsosam kost, s\u00f6mn, psyksikt v\u00e4lbefinnande, relations, minskad alkoholkonsumtion och r\u00f6kavv\u00e4njning.<\/p>\n<\/div>\n<\/div>\n<\/div>\n<\/div>\n\n\n\n<div class=\"wp-block-group alignwide has-tumma-sininen-background-color has-background has-global-padding is-layout-constrained wp-container-core-group-is-layout-ca038469 wp-block-group-is-layout-constrained\" style=\"margin-top:0;margin-bottom:0;padding-top:var(--wp--preset--spacing--50);padding-right:var(--wp--preset--spacing--40);padding-bottom:var(--wp--preset--spacing--50);padding-left:var(--wp--preset--spacing--40)\">\n<h2 class=\"wp-block-heading has-base-color has-text-color has-link-color has-h-3-font-size wp-elements-55bbcece880e5c098e9eacb7ae263bb6\">Professionell v\u00e4gledning f\u00f6r att n\u00e5 dina h\u00e4lso- och v\u00e4lbefinnandem\u00e5l!<\/h2>\n\n\n\n<div class=\"wp-block-columns is-layout-flex wp-container-core-columns-is-layout-be65f10a wp-block-columns-is-layout-flex\" style=\"margin-top:var(--wp--preset--spacing--50);margin-bottom:var(--wp--preset--spacing--30)\">\n<div class=\"wp-block-column manual-block is-layout-flow wp-container-core-column-is-layout-9e7c6d94 wp-block-column-is-layout-flow\" style=\"padding-right:var(--wp--preset--spacing--70);flex-basis:20%\">\n<div class=\"wp-block-group is-nowrap is-layout-flex wp-container-core-group-is-layout-3ba50e2a wp-block-group-is-layout-flex\" style=\"margin-top:0;margin-bottom:0\">\n<p class=\"has-base-color has-text-color has-link-color has-body-font-size wp-elements-d36f6ce339e6a0b0722d6bb4215a3439\" style=\"line-height:1.7\"><\/p>\n<\/div>\n<\/div>\n\n\n\n<div class=\"wp-block-column courses-block is-layout-flow wp-block-column-is-layout-flow\" style=\"flex-basis:80%\">\n<div class=\"wp-block-group is-content-justification-left is-layout-flex wp-container-core-group-is-layout-b20be981 wp-block-group-is-layout-flex\">\n<p><\/p>\n\n\n\n<ul style=\"line-height:1.7\" class=\"wp-block-list\">\n<li class=\"has-base-color has-text-color has-link-color has-body-font-size wp-elements-2914b2261bc82474fdcd0ee831636a0d\"><a href=\"https:\/\/www.terveyskirjasto.fi\/dlk00918\" data-type=\"link\" data-id=\"https:\/\/www.terveyskirjasto.fi\/dlk00918\">Digitaalinen terveystarkastus ja \u2013valmennus Duodecim STAR\u00ae (p\u00e5 finska) <\/a><img decoding=\"async\" class=\"wp-image-414\" style=\"width: 18px\" src=\"https:\/\/www.duodecim.fi\/ebmeds\/wp-content\/themes\/ebmeds\/assets\/images\/ext-link.svg\" alt=\"\"><\/li>\n\n\n\n<li class=\"has-base-color has-text-color has-link-color has-body-font-size wp-elements-9b655abc1f89a8f4f3da2b5acbc775cc\"><a href=\"https:\/\/star3.duodecim.fi\/sv-FI\/d\/me\" data-type=\"link\" data-id=\"https:\/\/star3.duodecim.fi\/sv-FI\/d\/me\">Duodecim STAR\u00ae &#8211;  tj\u00e4nsten<\/a> <img decoding=\"async\" class=\"wp-image-414\" style=\"width: 18px\" src=\"https:\/\/www.duodecim.fi\/ebmeds\/wp-content\/themes\/ebmeds\/assets\/images\/ext-link.svg\" alt=\"\"><\/li>\n<\/ul>\n<\/div>\n<\/div>\n\n\n\n<div class=\"wp-block-column is-layout-flow wp-block-column-is-layout-flow\"><\/div>\n<\/div>\n<\/div>\n\n\n\n<p><\/p>\n","protected":false},"excerpt":{"rendered":"<p>Aktivera inv\u00e5nare till digital egenv\u00e5rd, anv\u00e4nd egna resurser mer effektivt DuodecimSTAR\u00ae Duodecim STAR \u00e4r en tj\u00e4nst f\u00f6r h\u00e4lsounders\u00f6kningar och coachning, d\u00e4r inv\u00e5narna sj\u00e4lva kan bed\u00f6ma sina h\u00e4lsorisker. Beroende p\u00e5 granskningens resultat ges r\u00e5d f\u00f6r konkreta livsstilsf\u00f6r\u00e4ndringar, och de coachningsprogram som erbjuds st\u00f6der en ny och h\u00e4lsosammare livsstil. F\u00f6r v\u00e5rdpersonal erbjuder Duodecim STAR ett effektivt s\u00e4tt [&hellip;]<\/p>\n","protected":false},"author":746,"featured_media":0,"parent":0,"menu_order":0,"comment_status":"closed","ping_status":"closed","template":"subsite-sv","meta":{"_desktop_image":"","_mobile_image":"","footnotes":""},"class_list":["post-972","page","type-page","status-publish","hentry"],"_links":{"self":[{"href":"https:\/\/www.duodecim.fi\/ebmeds\/wp-json\/wp\/v2\/pages\/972","targetHints":{"allow":["GET"]}}],"collection":[{"href":"https:\/\/www.duodecim.fi\/ebmeds\/wp-json\/wp\/v2\/pages"}],"about":[{"href":"https:\/\/www.duodecim.fi\/ebmeds\/wp-json\/wp\/v2\/types\/page"}],"author":[{"embeddable":true,"href":"https:\/\/www.duodecim.fi\/ebmeds\/wp-json\/wp\/v2\/users\/746"}],"replies":[{"embeddable":true,"href":"https:\/\/www.duodecim.fi\/ebmeds\/wp-json\/wp\/v2\/comments?post=972"}],"version-history":[{"count":32,"href":"https:\/\/www.duodecim.fi\/ebmeds\/wp-json\/wp\/v2\/pages\/972\/revisions"}],"predecessor-version":[{"id":1839,"href":"https:\/\/www.duodecim.fi\/ebmeds\/wp-json\/wp\/v2\/pages\/972\/revisions\/1839"}],"wp:attachment":[{"href":"https:\/\/www.duodecim.fi\/ebmeds\/wp-json\/wp\/v2\/media?parent=972"}],"curies":[{"name":"wp","href":"https:\/\/api.w.org\/{rel}","templated":true}]}}