{"id":956,"date":"2025-04-30T14:37:18","date_gmt":"2025-04-30T11:37:18","guid":{"rendered":"https:\/\/ebmedsdev.alfonsdigital.dev\/?page_id=956"},"modified":"2026-03-06T14:26:40","modified_gmt":"2026-03-06T12:26:40","slug":"health-benefit-analysis","status":"publish","type":"page","link":"https:\/\/www.duodecim.fi\/ebmeds\/en\/health-benefit-analysis\/","title":{"rendered":"Health Benefit Analysis"},"content":{"rendered":"\n<div class=\"wp-block-group has-global-padding is-layout-constrained wp-container-core-group-is-layout-5afeb8b5 wp-block-group-is-layout-constrained\" style=\"padding-top:var(--wp--preset--spacing--50);padding-right:var(--wp--preset--spacing--40);padding-bottom:0;padding-left:var(--wp--preset--spacing--40)\">\n<figure class=\"wp-block-image aligncenter size-full is-resized subsite-nav-logo\"><img decoding=\"async\" src=\"https:\/\/www.duodecim.fi\/ebmeds\/wp-content\/uploads\/sites\/20\/2025\/06\/Health_Benefit_Analysis.svg\" alt=\"\" class=\"wp-image-1194\" style=\"width:auto;height:45px\"\/><\/figure>\n\n\n\n<h1 class=\"wp-block-heading has-text-align-center has-tumma-sininen-color has-text-color has-link-color has-h-1-font-size wp-elements-6f6166a21333e22f2bd868c5b21fce12\" style=\"margin-top:var(--wp--preset--spacing--40);margin-bottom:var(--wp--preset--spacing--50);padding-right:0;padding-left:0;line-height:1.5\">Increase impact and resources for the well-being of the population<\/h1>\n<\/div>\n\n\n\n<div class=\"wp-block-cover alignwide is-light\" style=\"margin-top:0;margin-bottom:0;padding-top:0;padding-bottom:0\"><img loading=\"lazy\" decoding=\"async\" width=\"1024\" height=\"576\" class=\"wp-block-cover__image-background wp-image-1019 size-large\" alt=\"terveyshy\u00f6tyarvio L\u00e4\u00e4k\u00e4rin tietokoneella\" src=\"https:\/\/www.duodecim.fi\/ebmeds\/wp-content\/uploads\/sites\/20\/2025\/05\/Terveyshyotyarvio_hero-kuva-1024x576.jpg\" data-object-fit=\"cover\" srcset=\"https:\/\/www.duodecim.fi\/ebmeds\/wp-content\/uploads\/sites\/20\/2025\/05\/Terveyshyotyarvio_hero-kuva-1024x576.jpg 1024w, https:\/\/www.duodecim.fi\/ebmeds\/wp-content\/uploads\/sites\/20\/2025\/05\/Terveyshyotyarvio_hero-kuva-300x169.jpg 300w, https:\/\/www.duodecim.fi\/ebmeds\/wp-content\/uploads\/sites\/20\/2025\/05\/Terveyshyotyarvio_hero-kuva-768x432.jpg 768w, https:\/\/www.duodecim.fi\/ebmeds\/wp-content\/uploads\/sites\/20\/2025\/05\/Terveyshyotyarvio_hero-kuva-1536x864.jpg 1536w, https:\/\/www.duodecim.fi\/ebmeds\/wp-content\/uploads\/sites\/20\/2025\/05\/Terveyshyotyarvio_hero-kuva.jpg 2000w\" sizes=\"auto, (max-width: 1024px) 100vw, 1024px\" \/><span aria-hidden=\"true\" class=\"wp-block-cover__background has-background-dim-0 has-background-dim\"><\/span><div class=\"wp-block-cover__inner-container has-global-padding is-layout-constrained wp-container-core-cover-is-layout-93f53ff7 wp-block-cover-is-layout-constrained\">\n<p class=\"has-text-align-center has-large-font-size\"><\/p>\n<\/div><\/div>\n\n\n\n<div class=\"wp-block-group has-global-padding is-layout-constrained wp-block-group-is-layout-constrained\">\n<div class=\"wp-block-columns is-layout-flex wp-container-core-columns-is-layout-fcacad70 wp-block-columns-is-layout-flex\" style=\"margin-top:var(--wp--preset--spacing--70);margin-bottom:var(--wp--preset--spacing--70)\">\n<div class=\"wp-block-column is-layout-flow wp-block-column-is-layout-flow\" style=\"padding-right:var(--wp--preset--spacing--40);padding-left:var(--wp--preset--spacing--40);flex-basis:25%\">\n<h2 class=\"wp-block-heading has-tumma-sininen-color has-text-color has-link-color has-h-3-font-size wp-elements-3e6e29968eb2e7a17726045d2a31488a\" style=\"line-height:1.4\">Duodecim Health Benefit Analysis<\/h2>\n<\/div>\n\n\n\n<div class=\"wp-block-column is-layout-flow wp-block-column-is-layout-flow\" style=\"padding-right:var(--wp--preset--spacing--40);padding-left:var(--wp--preset--spacing--40);flex-basis:60%\">\n<p class=\"has-tumma-sininen-color has-text-color has-link-color has-body-font-size wp-elements-a24c786ad284af21344c9855067f2560\" style=\"line-height:1.5\"><strong>Duodecim Health Benefit Analysis is an information-based operational management tool for welfare sectors, hospitals, and private chains.<\/strong><\/p>\n\n\n\n<p class=\"has-tumma-sininen-color has-text-color has-link-color has-body-font-size wp-elements-544e2ce7827e70ad7bbc489dc8965c5a\" style=\"line-height:1.5\">Knowledge-based management helps develop operations and allocate resources where they are most needed.<\/p>\n\n\n\n<p class=\"has-tumma-sininen-color has-text-color has-link-color has-body-font-size wp-elements-a7cc92aa62bfdc2f9d89e26e091b6c0a\" style=\"line-height:1.5\">With Duodecim Health Benefit Analysis, healthcare professionals can see the health status of their population, identify patients in need of care, and assess the effectiveness of the care they provide.<\/p>\n<\/div>\n<\/div>\n\n\n\n<div class=\"wp-block-columns is-layout-flex wp-container-core-columns-is-layout-954ec4bb wp-block-columns-is-layout-flex\" style=\"padding-right:var(--wp--preset--spacing--40);padding-left:var(--wp--preset--spacing--40)\">\n<div class=\"wp-block-column is-layout-flow wp-block-column-is-layout-flow\">\n<hr class=\"wp-block-separator has-text-color has-tumma-sininen-color has-alpha-channel-opacity has-tumma-sininen-background-color has-background\" style=\"margin-top:0;margin-bottom:0\"\/>\n<\/div>\n<\/div>\n\n\n\n<div class=\"wp-block-group has-global-padding is-layout-constrained wp-block-group-is-layout-constrained\">\n<h2 class=\"wp-block-heading has-tumma-sininen-color has-text-color has-link-color has-h-4-font-size wp-elements-64f65afe26688232a89f5c08b4f0618d\" style=\"margin-top:var(--wp--preset--spacing--60);padding-right:var(--wp--preset--spacing--40);padding-left:var(--wp--preset--spacing--40)\">This is how Duodecim Health Benefit Analysis helps professionals and organizations:<\/h2>\n\n\n\n<div class=\"wp-block-columns subsite-four-columns icon-columns is-layout-flex wp-container-core-columns-is-layout-ec876f46 wp-block-columns-is-layout-flex\" style=\"margin-top:var(--wp--preset--spacing--60);margin-bottom:var(--wp--preset--spacing--60);padding-right:var(--wp--preset--spacing--40);padding-left:var(--wp--preset--spacing--40)\">\n<div class=\"wp-block-column is-layout-flow wp-container-core-column-is-layout-f5bb311e wp-block-column-is-layout-flow\">\n<figure class=\"wp-block-image size-full is-resized\"><img decoding=\"async\" src=\"https:\/\/www.duodecim.fi\/ebmeds\/wp-content\/uploads\/sites\/20\/2025\/04\/Ikoni-potilas.svg\" alt=\"\" class=\"wp-image-809\" style=\"width:auto;height:120px\"\/><\/figure>\n\n\n\n<h3 class=\"wp-block-heading has-tumma-sininen-color has-text-color has-link-color has-h-5-font-size wp-elements-8df1d37baf44f2d27d77b74e51426778\" style=\"line-height:1.5\"><strong>Proactive identification of care gaps<\/strong><\/h3>\n\n\n\n<p class=\"has-tumma-sininen-color has-text-color has-link-color has-body-font-size wp-elements-db4b21b3536e14bfcc94d194be63098e\" style=\"line-height:1.5\">The data can be used to identify subgroups within the patient population whose treatment needs to be changed in order to improve patient safety or reduce health risks.<\/p>\n<\/div>\n\n\n\n<div class=\"wp-block-column is-layout-flow wp-container-core-column-is-layout-f5bb311e wp-block-column-is-layout-flow\">\n<figure class=\"wp-block-image size-full is-resized\"><img decoding=\"async\" src=\"https:\/\/www.duodecim.fi\/ebmeds\/wp-content\/uploads\/sites\/20\/2025\/04\/Ikoni-mobile-chat.svg\" alt=\"\" class=\"wp-image-808\" style=\"width:auto;height:120px\"\/><\/figure>\n\n\n\n<h3 class=\"wp-block-heading has-tumma-sininen-color has-text-color has-link-color has-h-5-font-size wp-elements-b4f235b0cd70e1b8448b80330f6989c4\" style=\"line-height:1.5\"><strong>Information management<\/strong><\/h3>\n\n\n\n<p class=\"has-tumma-sininen-color has-text-color has-link-color has-body-font-size wp-elements-fbddc873b96b9806e1833bd0d0f04489\" style=\"line-height:1.5\">Analyzing health data, treatment gaps, quality indicators, and impact assessments at the population or client group level reveals treatment needs so that resources can be allocated appropriately and the quality of care can be improved.<\/p>\n<\/div>\n\n\n\n<div class=\"wp-block-column is-layout-flow wp-container-core-column-is-layout-f5bb311e wp-block-column-is-layout-flow\">\n<figure class=\"wp-block-image size-full is-resized\"><img decoding=\"async\" src=\"https:\/\/www.duodecim.fi\/ebmeds\/wp-content\/uploads\/sites\/20\/2025\/04\/Ikoni-hoito.svg\" alt=\"\" class=\"wp-image-805\" style=\"width:auto;height:120px\"\/><\/figure>\n\n\n\n<h3 class=\"wp-block-heading has-tumma-sininen-color has-text-color has-link-color has-h-5-font-size wp-elements-f0ce30ae25dc8a604c5635ee51e9e9a5\" style=\"line-height:1.5\"><strong>Quality measurement<\/strong><\/h3>\n\n\n\n<p class=\"has-tumma-sininen-color has-text-color has-link-color has-body-font-size wp-elements-81077200d384f107a44ce1ebecad1738\" style=\"line-height:1.5\">For individual patients, reminders triggered in Duodecim Decision Support can be displayed at the population level, allowing potential quality deviations to be identified and responded to.<\/p>\n<\/div>\n\n\n\n<div class=\"wp-block-column is-layout-flow wp-container-core-column-is-layout-f5bb311e wp-block-column-is-layout-flow\">\n<figure class=\"wp-block-image size-full is-resized\"><img decoding=\"async\" src=\"https:\/\/www.duodecim.fi\/ebmeds\/wp-content\/uploads\/sites\/20\/2025\/04\/Ikoni-laite-sydan.svg\" alt=\"\" class=\"wp-image-807\" style=\"width:auto;height:120px\"\/><\/figure>\n\n\n\n<h3 class=\"wp-block-heading has-tumma-sininen-color has-text-color has-link-color has-h-5-font-size wp-elements-83adada5e54e5ec24b6f6edd2b470e4e\" style=\"line-height:1.5\"><strong>Benchmarking<\/strong><\/h3>\n\n\n\n<p class=\"has-tumma-sininen-color has-text-color has-link-color has-body-font-size wp-elements-1d87944ad3adfff75f1ae1d4a1fc93de\" style=\"line-height:1.5\">By measuring the quality, costs, effectiveness and results of services and comparing them with other organisations, you get fact-based support for decision-making and improving your own operations.<\/p>\n<\/div>\n<\/div>\n<\/div>\n<\/div>\n\n\n\n<div class=\"wp-block-columns alignfull has-tumma-sininen-background-color has-background is-layout-flex wp-container-core-columns-is-layout-d31bdbff wp-block-columns-is-layout-flex\" style=\"padding-top:var(--wp--preset--spacing--60);padding-right:var(--wp--preset--spacing--40);padding-bottom:var(--wp--preset--spacing--50);padding-left:var(--wp--preset--spacing--40)\">\n<div class=\"wp-block-column is-layout-flow wp-block-column-is-layout-flow\">\n<div class=\"wp-block-group has-global-padding is-layout-constrained wp-container-core-group-is-layout-abb6fe41 wp-block-group-is-layout-constrained\">\n<h2 class=\"wp-block-heading has-text-align-center has-base-color has-text-color has-link-color has-opensans-font-family wp-elements-e292263af31e01809eb60e4a936afe78\" style=\"font-size:clamp(27.894px, 1.743rem + ((1vw - 3.2px) * 1.571), 48px);line-height:1.3\"><strong>Interested? Leave your contact details and our expert will get in touch with you.<\/strong><\/h2>\n\n\n\n<div class=\"wp-block-buttons is-content-justification-center is-layout-flex wp-container-core-buttons-is-layout-a6d9f191 wp-block-buttons-is-layout-flex\" style=\"margin-top:var(--wp--preset--spacing--40);margin-bottom:var(--wp--preset--spacing--40)\">\n<div class=\"wp-block-button ota-yhteytta-btn btn-light\"><a class=\"wp-block-button__link has-tumma-sininen-color has-base-background-color has-text-color has-background has-link-color has-border-color has-base-border-color has-opensans-font-family has-h-4-font-size has-text-align-center has-custom-font-size wp-element-button\" style=\"border-width:1px;padding-top:var(--wp--preset--spacing--30);padding-right:var(--wp--preset--spacing--60);padding-bottom:var(--wp--preset--spacing--30);padding-left:var(--wp--preset--spacing--60)\">Contact us<\/a><\/div>\n<\/div>\n<\/div>\n<\/div>\n<\/div>\n\n\n\n<div class=\"wp-block-columns alignfull is-layout-flex wp-container-core-columns-is-layout-44590b80 wp-block-columns-is-layout-flex\" style=\"margin-top:0;margin-bottom:0;padding-top:0;padding-bottom:0\">\n<div class=\"wp-block-column is-layout-flow wp-container-core-column-is-layout-92d440f1 wp-block-column-is-layout-flow\" style=\"padding-top:0;padding-bottom:0\">\n<figure class=\"wp-block-embed is-type-video is-provider-vimeo wp-block-embed-vimeo wp-embed-aspect-16-9 wp-has-aspect-ratio\" style=\"margin-top:0;margin-bottom:0\"><div class=\"wp-block-embed__wrapper\">\n<iframe loading=\"lazy\" title=\"Health Benefit Analysis\" src=\"https:\/\/player.vimeo.com\/video\/1123462065?h=ee3a013073&amp;dnt=1&amp;app_id=122963\" width=\"500\" height=\"281\" frameborder=\"0\" allow=\"autoplay; fullscreen; picture-in-picture; clipboard-write; encrypted-media; web-share\" referrerpolicy=\"strict-origin-when-cross-origin\"><\/iframe>\n<\/div><\/figure>\n<\/div>\n<\/div>\n\n\n\n<div class=\"wp-block-group alignfull has-background has-global-padding is-layout-constrained wp-container-core-group-is-layout-a53bd4ed wp-block-group-is-layout-constrained\" style=\"background-color:#f2f3f7;margin-top:0;margin-bottom:0;padding-top:var(--wp--preset--spacing--60);padding-right:var(--wp--preset--spacing--40);padding-bottom:0;padding-left:var(--wp--preset--spacing--40)\">\n<div class=\"wp-block-group subsite-columns has-global-padding is-layout-constrained wp-container-core-group-is-layout-0a462392 wp-block-group-is-layout-constrained\" style=\"margin-top:0;margin-bottom:0\">\n<div class=\"wp-block-group subsite-chart-info has-global-padding is-layout-constrained wp-container-core-group-is-layout-5a30f31b wp-block-group-is-layout-constrained\">\n<h2 class=\"wp-block-heading has-text-align-center has-tumma-sininen-color has-text-color has-link-color wp-elements-0aa33e7b2a106d339486bf88b4685d89\" style=\"margin-top:var(--wp--preset--spacing--50);font-size:clamp(24.034px, 1.502rem + ((1vw - 3.2px) * 1.247), 40px);line-height:1.3\">By combining patient information and clinical knowledge, you not only get a situation analysis, but also recommendations for action.<\/h2>\n\n\n\n<p class=\"has-text-align-center has-tumma-sininen-color has-text-color has-link-color has-body-font-size wp-elements-1e987ec85ab4757a827e12c49279a9e1\" style=\"line-height:1.5\">Health Benefit Analysis integrates structured patient data with clinical data, leveraging Decision Support Systems to generate insights at a population level. Risk calculators, the identification of care gaps and clinical quality indicators are based on current care guidelines and other sources of best research evidence.<\/p>\n<\/div>\n\n\n\n<div class=\"wp-block-group has-global-padding is-layout-constrained wp-container-core-group-is-layout-6104aab8 wp-block-group-is-layout-constrained\" style=\"margin-top:var(--wp--preset--spacing--70)\">\n<div class=\"wp-block-columns is-not-stacked-on-mobile subsite-border-columns is-layout-flex wp-container-core-columns-is-layout-658170e2 wp-block-columns-is-layout-flex\">\n<div class=\"wp-block-column is-vertically-aligned-stretch arrow-block small-arrow-block has-border-color has-tumma-sininen-border-color is-layout-flow wp-block-column-is-layout-flow\" style=\"border-width:1px;padding-top:var(--wp--preset--spacing--40);padding-right:var(--wp--preset--spacing--40);padding-bottom:var(--wp--preset--spacing--40);padding-left:var(--wp--preset--spacing--40)\">\n<p class=\"has-text-align-center has-tumma-sininen-color has-text-color has-link-color has-body-font-size wp-elements-c23c37007b29b3641bef0711b6895a9a\" style=\"line-height:1.5\"><strong>Structured patient data<\/strong><\/p>\n<\/div>\n\n\n\n<div class=\"wp-block-column is-vertically-aligned-stretch arrow-block small-arrow-block has-border-color has-tumma-sininen-border-color is-layout-flow wp-container-core-column-is-layout-d0228d13 wp-block-column-is-layout-flow\" style=\"border-width:1px;padding-top:var(--wp--preset--spacing--40);padding-right:var(--wp--preset--spacing--40);padding-bottom:var(--wp--preset--spacing--40);padding-left:var(--wp--preset--spacing--40)\">\n<p class=\"has-text-align-center has-tumma-sininen-color has-text-color has-link-color has-body-font-size wp-elements-43aa309fdd6ea3c929c1aed3259e7e40\"><strong>Clinical knowledge<\/strong><\/p>\n\n\n\n<p class=\"has-text-align-center has-tumma-sininen-color has-text-color has-link-color has-body-font-size wp-elements-b063cc17e69858e68a53b062f5a37f4e\" style=\"line-height:1.5\">treatment recommendations, evidence-based research data<\/p>\n<\/div>\n<\/div>\n\n\n\n<div class=\"wp-block-columns is-layout-flex wp-container-core-columns-is-layout-28f84493 wp-block-columns-is-layout-flex\">\n<div class=\"wp-block-column arrow-block has-border-color has-tumma-sininen-border-color is-layout-flow wp-block-column-is-layout-flow\" style=\"border-width:1px;padding-top:var(--wp--preset--spacing--40);padding-right:var(--wp--preset--spacing--40);padding-bottom:var(--wp--preset--spacing--40);padding-left:var(--wp--preset--spacing--40)\">\n<p class=\"has-text-align-center has-tumma-sininen-color has-text-color has-link-color has-body-font-size wp-elements-5ace7831bf0290ed413e269005f3e3e1\" style=\"line-height:1.5\"><strong>Individual-level analysis of patient data<\/strong><\/p>\n<\/div>\n<\/div>\n\n\n\n<div class=\"wp-block-columns is-layout-flex wp-container-core-columns-is-layout-28f84493 wp-block-columns-is-layout-flex\">\n<div class=\"wp-block-column has-base-color has-tumma-sininen-background-color has-text-color has-background has-link-color wp-elements-79cd6b8ccb7770dc27368483d2da7d01 is-layout-flow wp-block-column-is-layout-flow\" style=\"padding-top:var(--wp--preset--spacing--40);padding-right:var(--wp--preset--spacing--40);padding-bottom:var(--wp--preset--spacing--40);padding-left:var(--wp--preset--spacing--40)\">\n<p class=\"has-text-align-center has-h-4-font-size\" style=\"line-height:1.5\"><strong>Graphs and dashboards of population health<\/strong><\/p>\n<\/div>\n<\/div>\n<\/div>\n\n\n\n<hr class=\"wp-block-separator has-text-color has-tumma-sininen-color has-alpha-channel-opacity has-tumma-sininen-background-color has-background\" style=\"margin-top:var(--wp--preset--spacing--60)\"\/>\n<\/div>\n<\/div>\n\n\n\n<div class=\"wp-block-group alignwide has-global-padding is-layout-constrained wp-block-group-is-layout-constrained\" style=\"margin-top:0\">\n<div class=\"wp-block-group alignfull has-background has-global-padding is-layout-constrained wp-container-core-group-is-layout-43a48a1b wp-block-group-is-layout-constrained\" style=\"background-color:#f2f3f7;margin-top:0;margin-bottom:0;padding-top:var(--wp--preset--spacing--20);padding-right:var(--wp--preset--spacing--40);padding-bottom:var(--wp--preset--spacing--80);padding-left:var(--wp--preset--spacing--40)\">\n<div class=\"wp-block-group subsite-columns has-global-padding is-layout-constrained wp-block-group-is-layout-constrained\" style=\"margin-top:var(--wp--preset--spacing--70);margin-bottom:0\">\n<div class=\"wp-block-group has-global-padding is-layout-constrained wp-container-core-group-is-layout-f36bc466 wp-block-group-is-layout-constrained\">\n<h2 class=\"wp-block-heading has-text-align-center has-tumma-sininen-color has-text-color has-link-color wp-elements-5276c50461e55a5ded739472d9787ef8\" style=\"margin-top:var(--wp--preset--spacing--50);font-size:clamp(24.034px, 1.502rem + ((1vw - 3.2px) * 1.247), 40px);line-height:1.3\">Features of Duodecim Health Benefit Analysis<\/h2>\n<\/div>\n\n\n\n<div class=\"wp-block-columns is-layout-flex wp-container-core-columns-is-layout-5852ceef wp-block-columns-is-layout-flex\" style=\"margin-top:var(--wp--preset--spacing--70);margin-bottom:var(--wp--preset--spacing--80)\">\n<div class=\"wp-block-column is-layout-flow wp-block-column-is-layout-flow\" style=\"padding-right:0;padding-left:0;flex-basis:35%\">\n<p class=\"has-tumma-sininen-color has-text-color has-link-color has-h-5-font-size wp-elements-93d63c954426c2ea5b0bd481a5008066\" style=\"line-height:1.5\"><strong>Dynamically customizable dahsboards enable patient data to be examined from different perspectives.<\/strong><\/p>\n<\/div>\n\n\n\n<div class=\"wp-block-column is-layout-flow wp-block-column-is-layout-flow\" style=\"padding-right:0;padding-left:0;flex-basis:60%\">\n<p class=\"has-tumma-sininen-color has-text-color has-link-color has-body-font-size wp-elements-ddeaeaa9f3b700edcc541e58c3cdb165\" style=\"line-height:1.5\">Dashboards for population health enable the visual and interactive presentation of data related to the health status and trends of a population, and decision-making.<\/p>\n<\/div>\n<\/div>\n<\/div>\n<\/div>\n\n\n\n<div class=\"wp-block-group alignwide has-tumma-sininen-background-color has-background has-global-padding is-layout-constrained wp-container-core-group-is-layout-eed1be57 wp-block-group-is-layout-constrained\" style=\"margin-top:0;margin-bottom:0;padding-top:var(--wp--preset--spacing--30);padding-right:var(--wp--preset--spacing--40);padding-bottom:var(--wp--preset--spacing--50);padding-left:var(--wp--preset--spacing--40)\">\n<figure class=\"wp-block-embed is-type-video is-provider-vimeo wp-block-embed-vimeo wp-embed-aspect-4-3 wp-has-aspect-ratio chart\"><div class=\"wp-block-embed__wrapper\">\n<iframe loading=\"lazy\" title=\"Health benefit analysis dashboard\" src=\"https:\/\/player.vimeo.com\/video\/1125103817?h=77e3bc8f05&amp;dnt=1&amp;app_id=122963\" width=\"500\" height=\"365\" frameborder=\"0\" allow=\"autoplay; fullscreen; picture-in-picture; clipboard-write; encrypted-media; web-share\" referrerpolicy=\"strict-origin-when-cross-origin\"><\/iframe>\n<\/div><\/figure>\n\n\n\n<div class=\"wp-block-columns is-layout-flex wp-container-core-columns-is-layout-f7be2742 wp-block-columns-is-layout-flex\" style=\"margin-top:0;margin-bottom:var(--wp--preset--spacing--50);padding-top:0;padding-right:0;padding-bottom:0;padding-left:0\">\n<div class=\"wp-block-column is-layout-flow wp-container-core-column-is-layout-b108c007 wp-block-column-is-layout-flow\" style=\"padding-right:0;padding-left:0;flex-basis:35%\">\n<p class=\"has-base-color has-text-color has-link-color has-h-5-font-size wp-elements-ed87a6eeaa477c84850e5a4ddbea274c\" style=\"line-height:1.5\"><strong>Dashboards<\/strong><\/p>\n<\/div>\n\n\n\n<div class=\"wp-block-column is-layout-flow wp-block-column-is-layout-flow\" style=\"padding-right:0;padding-left:0;flex-basis:60%\">\n<p class=\"has-base-color has-text-color has-link-color has-body-font-size wp-elements-89615a69ed0ee8fccc6f0dc3c9ca92a9\" style=\"line-height:1.5\">The product comes with pre-built dashboards that can be customized to suit the customer&#8217;s local environment and needs. In addition, the organization can create its own dashboards.<\/p>\n<\/div>\n<\/div>\n<\/div>\n<\/div>\n\n\n\n<div class=\"wp-block-group alignwide has-base-background-color has-background has-global-padding is-layout-constrained wp-container-core-group-is-layout-ca038469 wp-block-group-is-layout-constrained\" style=\"margin-top:0;margin-bottom:0;padding-top:var(--wp--preset--spacing--50);padding-right:var(--wp--preset--spacing--40);padding-bottom:var(--wp--preset--spacing--50);padding-left:var(--wp--preset--spacing--40)\">\n<h2 class=\"wp-block-heading has-text-align-center has-tumma-sininen-color has-text-color has-link-color wp-elements-dceffbe0a88a50ffb16b25788c41e7e0\">Processing of personal data<\/h2>\n\n\n\n<div class=\"wp-block-columns is-layout-flex wp-container-core-columns-is-layout-a30c2978 wp-block-columns-is-layout-flex\" style=\"margin-top:var(--wp--preset--spacing--60);margin-bottom:var(--wp--preset--spacing--60)\">\n<div class=\"wp-block-column is-layout-flow wp-block-column-is-layout-flow\" style=\"padding-right:0;padding-left:0;flex-basis:35%\">\n<p class=\"has-tumma-sininen-color has-text-color has-link-color has-h-5-font-size wp-elements-8bda5c447baf4c81c426eed8dc377529\" style=\"line-height:1.5\">All personal data processed by Health Benefit Analysis is pseudonymized.<\/p>\n<\/div>\n\n\n\n<div class=\"wp-block-column is-layout-flow wp-block-column-is-layout-flow\" style=\"padding-right:0;padding-left:0;flex-basis:60%\">\n<p class=\"has-tumma-sininen-color has-text-color has-link-color has-body-font-size wp-elements-47d1d9bc113aa51a207407e8727b2522\" style=\"line-height:1.5\">Information on individual persons is not stored in the Health Benefit Analysis database in a recognizable format, i.e., it is pseudonymized.<\/p>\n\n\n\n<p class=\"has-tumma-sininen-color has-text-color has-link-color has-body-font-size wp-elements-c8ed05481c9b4b503ed604d6ce68ef03\" style=\"line-height:1.5\">Pseudonymized patient identifiers can be returned to the patient information system used by the organization. If there is a possibility of improving the patient&#8217;s health or the safety of their care, the patient&#8217;s personal data may be returned, but only within the healthcare organization&#8217;s own environment. This requires that the person disclosing the personal data has an existing care relationship with the patient.<\/p>\n<\/div>\n<\/div>\n<\/div>\n\n\n\n<div class=\"wp-block-group alignwide has-tumma-sininen-background-color has-background has-global-padding is-layout-constrained wp-container-core-group-is-layout-ca038469 wp-block-group-is-layout-constrained\" style=\"margin-top:0;margin-bottom:0;padding-top:var(--wp--preset--spacing--50);padding-right:var(--wp--preset--spacing--40);padding-bottom:var(--wp--preset--spacing--50);padding-left:var(--wp--preset--spacing--40)\">\n<h2 class=\"wp-block-heading has-text-align-center has-base-color has-text-color has-link-color has-h-5-font-size wp-elements-96cf5c6d79b28fb123c85aa8233fd848\">Let&#8217;s work together to create the world&#8217;s highest quality healthcare systems<\/h2>\n<\/div>\n\n\n\n<p><\/p>\n","protected":false},"excerpt":{"rendered":"<p>Increase impact and resources for the well-being of the population Duodecim Health Benefit Analysis Duodecim Health Benefit Analysis is an information-based operational management tool for welfare sectors, hospitals, and private chains. Knowledge-based management helps develop operations and allocate resources where they are most needed. With Duodecim Health Benefit Analysis, healthcare professionals can see the health [&hellip;]<\/p>\n","protected":false},"author":746,"featured_media":0,"parent":0,"menu_order":0,"comment_status":"closed","ping_status":"closed","template":"subsite-eng","meta":{"_desktop_image":"","_mobile_image":"","footnotes":""},"class_list":["post-956","page","type-page","status-publish","hentry"],"_links":{"self":[{"href":"https:\/\/www.duodecim.fi\/ebmeds\/wp-json\/wp\/v2\/pages\/956","targetHints":{"allow":["GET"]}}],"collection":[{"href":"https:\/\/www.duodecim.fi\/ebmeds\/wp-json\/wp\/v2\/pages"}],"about":[{"href":"https:\/\/www.duodecim.fi\/ebmeds\/wp-json\/wp\/v2\/types\/page"}],"author":[{"embeddable":true,"href":"https:\/\/www.duodecim.fi\/ebmeds\/wp-json\/wp\/v2\/users\/746"}],"replies":[{"embeddable":true,"href":"https:\/\/www.duodecim.fi\/ebmeds\/wp-json\/wp\/v2\/comments?post=956"}],"version-history":[{"count":17,"href":"https:\/\/www.duodecim.fi\/ebmeds\/wp-json\/wp\/v2\/pages\/956\/revisions"}],"predecessor-version":[{"id":1829,"href":"https:\/\/www.duodecim.fi\/ebmeds\/wp-json\/wp\/v2\/pages\/956\/revisions\/1829"}],"wp:attachment":[{"href":"https:\/\/www.duodecim.fi\/ebmeds\/wp-json\/wp\/v2\/media?parent=956"}],"curies":[{"name":"wp","href":"https:\/\/api.w.org\/{rel}","templated":true}]}}