{"id":321,"date":"2025-04-01T12:33:25","date_gmt":"2025-04-01T12:33:25","guid":{"rendered":"http:\/\/duodecim.local\/?page_id=321"},"modified":"2026-03-06T14:04:21","modified_gmt":"2026-03-06T12:04:21","slug":"oirearviot","status":"publish","type":"page","link":"https:\/\/www.duodecim.fi\/ebmeds\/oirearviot\/","title":{"rendered":"Oirearviot"},"content":{"rendered":"\n<div class=\"wp-block-group has-global-padding is-layout-constrained wp-container-core-group-is-layout-5afeb8b5 wp-block-group-is-layout-constrained\" style=\"padding-top:var(--wp--preset--spacing--50);padding-right:var(--wp--preset--spacing--40);padding-bottom:0;padding-left:var(--wp--preset--spacing--40)\">\n<figure class=\"wp-block-image aligncenter size-full is-resized subsite-nav-logo\"><img decoding=\"async\" src=\"https:\/\/www.duodecim.fi\/ebmeds\/wp-content\/uploads\/sites\/20\/2025\/04\/logo-oirearviot.svg\" alt=\"\" class=\"wp-image-824\" style=\"width:auto;height:45px\"\/><\/figure>\n\n\n\n<h1 class=\"wp-block-heading has-text-align-center has-tumma-sininen-color has-text-color has-link-color has-h-1-font-size wp-elements-27be8a96e1c4192d9d6a012e083c9ffb\" style=\"margin-top:var(--wp--preset--spacing--40);margin-bottom:var(--wp--preset--spacing--50);padding-right:0;padding-left:0;line-height:1.3\">Palvelun sujuvoittamista \u2028digitaalisen itsearvioinnin avulla<\/h1>\n<\/div>\n\n\n\n<div class=\"wp-block-cover alignwide\" style=\"margin-top:0;margin-bottom:0;padding-top:0;padding-bottom:0\"><img loading=\"lazy\" decoding=\"async\" width=\"1024\" height=\"413\" class=\"wp-block-cover__image-background wp-image-1283 size-large\" alt=\"\" src=\"https:\/\/www.duodecim.fi\/ebmeds\/wp-content\/uploads\/sites\/20\/2025\/08\/Oirearviot_hero-scaled-1-1024x413.jpeg\" data-object-fit=\"cover\" srcset=\"https:\/\/www.duodecim.fi\/ebmeds\/wp-content\/uploads\/sites\/20\/2025\/08\/Oirearviot_hero-scaled-1-1024x413.jpeg 1024w, https:\/\/www.duodecim.fi\/ebmeds\/wp-content\/uploads\/sites\/20\/2025\/08\/Oirearviot_hero-scaled-1-300x121.jpeg 300w, https:\/\/www.duodecim.fi\/ebmeds\/wp-content\/uploads\/sites\/20\/2025\/08\/Oirearviot_hero-scaled-1-768x310.jpeg 768w, https:\/\/www.duodecim.fi\/ebmeds\/wp-content\/uploads\/sites\/20\/2025\/08\/Oirearviot_hero-scaled-1-1536x619.jpeg 1536w, https:\/\/www.duodecim.fi\/ebmeds\/wp-content\/uploads\/sites\/20\/2025\/08\/Oirearviot_hero-scaled-1-2048x826.jpeg 2048w\" sizes=\"auto, (max-width: 1024px) 100vw, 1024px\" \/><span aria-hidden=\"true\" class=\"wp-block-cover__background has-background-dim-0 has-background-dim\"><\/span><div class=\"wp-block-cover__inner-container has-global-padding is-layout-constrained wp-container-core-cover-is-layout-93f53ff7 wp-block-cover-is-layout-constrained\">\n<p class=\"has-text-align-center has-large-font-size\"><\/p>\n<\/div><\/div>\n\n\n\n<div class=\"wp-block-group has-global-padding is-layout-constrained wp-block-group-is-layout-constrained\">\n<div class=\"wp-block-columns is-layout-flex wp-container-core-columns-is-layout-fcacad70 wp-block-columns-is-layout-flex\" style=\"margin-top:var(--wp--preset--spacing--70);margin-bottom:var(--wp--preset--spacing--70)\">\n<div class=\"wp-block-column is-layout-flow wp-block-column-is-layout-flow\" style=\"padding-right:var(--wp--preset--spacing--40);padding-left:var(--wp--preset--spacing--40);flex-basis:25%\">\n<h2 class=\"wp-block-heading has-tumma-sininen-color has-text-color has-link-color has-h-3-font-size wp-elements-fc0dbaa02974e797a8f41e657f4c1a99\" style=\"line-height:1.4\">Duodecim<br>Oirearviot<\/h2>\n<\/div>\n\n\n\n<div class=\"wp-block-column is-layout-flow wp-container-core-column-is-layout-faf1bbce wp-block-column-is-layout-flow\" style=\"padding-right:var(--wp--preset--spacing--40);padding-left:var(--wp--preset--spacing--40);flex-basis:60%\">\n<p class=\"has-tumma-sininen-color has-text-color has-link-color has-body-font-size wp-elements-a6e3b4fcc458cccc30a00085f9626ae2\" style=\"line-height:1.5\"><strong>Duodecim Oirearviot koostuvat useista digitaalisista<br>oirearviolomakkeista, jotka on luotu sujuvoittamaan<br>terveydenhuollon ammattilaisten ja organisaatioiden ty\u00f6t\u00e4.<br>Asukas voi t\u00e4ytt\u00e4\u00e4 ajasta ja paikasta riippumatta itsen\u00e4isesti<br>oireisiinsa sopivan oirearvion, joka tukee hoidon tarpeen ja<br>kiireellisyyden arviointia.<\/strong><\/p>\n\n\n\n<p class=\"has-tumma-sininen-color has-text-color has-link-color has-body-font-size wp-elements-535ca0e0dfcaad428b895f6b63f71b38\" style=\"line-height:1.5\">Oirearvioita on laadittu yleisempiin tilanteisiin, joissa asukkaat etsiv\u00e4t<br>verkosta tietoa terveysongelman ratkaisuun. Oirearvioiden avulla<br>asukas saa oireisiinsa liittyvi\u00e4, luotettavaan l\u00e4\u00e4ketieteelliseen tietoon<br>perustuvia itsehoito-ohjeita tai ohjeita hoitoon hakeutumisesta.<br><br>Oirearviot auttavat ammattilaisia priorisoimaan hoitoa tarvitsevat<br>potilaat ja keskittym\u00e4\u00e4n ensin kiireellisempiin tapauksiin tai<br>mahdollisuuksien mukaan hoitoa voidaan edist\u00e4\u00e4 my\u00f6s digitaalisesti.<br>Jos asukkaan oireeseen riitt\u00e4\u00e4 oirearvion antama itsehoito-ohje, h\u00e4nen<br>ei tarvitse lainkaan kuormittaa terveydenhuollon ammattilaisen<br>vastaanottoa. N\u00e4in organisaation resurssit pystyt\u00e4\u00e4n kohdistamaan<br>mahdollisimman tehokkaasti.<\/p>\n<\/div>\n<\/div>\n\n\n\n<div class=\"wp-block-columns is-layout-flex wp-container-core-columns-is-layout-954ec4bb wp-block-columns-is-layout-flex\" style=\"padding-right:var(--wp--preset--spacing--40);padding-left:var(--wp--preset--spacing--40)\">\n<div class=\"wp-block-column is-layout-flow wp-block-column-is-layout-flow\">\n<hr class=\"wp-block-separator has-text-color has-tumma-sininen-color has-alpha-channel-opacity has-tumma-sininen-background-color has-background\" style=\"margin-top:0;margin-bottom:0\"\/>\n<\/div>\n<\/div>\n\n\n\n<div class=\"wp-block-group has-global-padding is-layout-constrained wp-block-group-is-layout-constrained\">\n<h2 class=\"wp-block-heading has-tumma-sininen-color has-text-color has-link-color has-h-3-font-size wp-elements-7eb4c9749f3abf25e38beb24321a8e8a\" style=\"margin-top:var(--wp--preset--spacing--60);padding-right:var(--wp--preset--spacing--40);padding-left:var(--wp--preset--spacing--40)\">N\u00e4in Oirearviot auttaa ammattilaista ja organisaatiota:<\/h2>\n\n\n\n<div class=\"wp-block-columns subsite-four-columns icon-columns is-layout-flex wp-container-core-columns-is-layout-ec876f46 wp-block-columns-is-layout-flex\" style=\"margin-top:var(--wp--preset--spacing--60);margin-bottom:var(--wp--preset--spacing--60);padding-right:var(--wp--preset--spacing--40);padding-left:var(--wp--preset--spacing--40)\">\n<div class=\"wp-block-column is-layout-flow wp-container-core-column-is-layout-f5bb311e wp-block-column-is-layout-flow\">\n<figure class=\"wp-block-image size-full is-resized\"><img decoding=\"async\" src=\"https:\/\/www.duodecim.fi\/ebmeds\/wp-content\/uploads\/sites\/20\/2025\/04\/Ikoni-potilas.svg\" alt=\"\" class=\"wp-image-809\" style=\"width:auto;height:120px\"\/><\/figure>\n\n\n\n<h3 class=\"wp-block-heading has-tumma-sininen-color has-text-color has-link-color has-h-5-font-size wp-elements-e8ae90c013befae5da2c82a15e21e3ab\" style=\"line-height:1.5\"><strong>Hoidon kohdentaminen tehokkaasti<\/strong><\/h3>\n\n\n\n<p class=\"has-tumma-sininen-color has-text-color has-link-color has-body-font-size wp-elements-c346dd3645cb71cc8599bb5c3ef230b5\" style=\"line-height:1.5\">L\u00e4\u00e4ketieteelliseen tietoon perustuva hoidon tarpeen ja kiireellisyyden arviointi sujuvoittaa potilaan palvelua: oikeaa hoitoa oikeaan aikaan.<\/p>\n<\/div>\n\n\n\n<div class=\"wp-block-column is-layout-flow wp-container-core-column-is-layout-f5bb311e wp-block-column-is-layout-flow\">\n<figure class=\"wp-block-image size-full is-resized\"><img decoding=\"async\" src=\"https:\/\/www.duodecim.fi\/ebmeds\/wp-content\/uploads\/sites\/20\/2025\/04\/Ikoni-mobile-chat.svg\" alt=\"\" class=\"wp-image-808\" style=\"width:auto;height:120px\"\/><\/figure>\n\n\n\n<h3 class=\"wp-block-heading has-tumma-sininen-color has-text-color has-link-color has-h-5-font-size wp-elements-264c3a49b1d1c16aee52b043357181b9\" style=\"line-height:1.5\"><strong>Kustannuss\u00e4\u00e4st\u00f6j\u00e4 hoitopolun optimoinnilla<\/strong><\/h3>\n\n\n\n<p class=\"has-tumma-sininen-color has-text-color has-link-color has-body-font-size wp-elements-b91848b1a4337db10e7c51c603ad28a0\" style=\"line-height:1.5\">Palvelun tuottaja voi saavuttaa kustannuss\u00e4\u00e4st\u00f6j\u00e4, kun Oirearvioiden toimintasuosituksen avulla osa potilaista on mahdollista ohjata<br>digitaalisesti tai heille riitt\u00e4\u00e4 itsehoito-ohjeet.<\/p>\n<\/div>\n\n\n\n<div class=\"wp-block-column is-layout-flow wp-container-core-column-is-layout-f5bb311e wp-block-column-is-layout-flow\">\n<figure class=\"wp-block-image size-full is-resized\"><img decoding=\"async\" src=\"https:\/\/www.duodecim.fi\/ebmeds\/wp-content\/uploads\/sites\/20\/2025\/04\/Ikoni-hoito.svg\" alt=\"\" class=\"wp-image-805\" style=\"width:auto;height:120px\"\/><\/figure>\n\n\n\n<h3 class=\"wp-block-heading has-tumma-sininen-color has-text-color has-link-color has-h-5-font-size wp-elements-49fd63fd7e377f2a023fabbd234eaa35\" style=\"line-height:1.5\"><strong>Ajans\u00e4\u00e4st\u00f6\u00e4 m\u00e4\u00e4r\u00e4muotoisella tiedolla<\/strong><\/h3>\n\n\n\n<p class=\"has-tumma-sininen-color has-text-color has-link-color has-body-font-size wp-elements-4bdb5cbe39b635f705487aa1e074b095\" style=\"line-height:1.5\">Oirearviot tuottavat m\u00e4\u00e4r\u00e4muotoista ja ammattilaiselle olennaista<br>tietoa. T\u00e4m\u00e4 varmistaa tiedon v\u00e4littymisen oikeanlaisena ja tehostaa<br>hoitoa.<\/p>\n<\/div>\n\n\n\n<div class=\"wp-block-column is-layout-flow wp-container-core-column-is-layout-f5bb311e wp-block-column-is-layout-flow\">\n<figure class=\"wp-block-image size-full is-resized\"><img decoding=\"async\" src=\"https:\/\/www.duodecim.fi\/ebmeds\/wp-content\/uploads\/sites\/20\/2025\/04\/Ikoni-laite-sydan.svg\" alt=\"\" class=\"wp-image-807\" style=\"width:auto;height:120px\"\/><\/figure>\n\n\n\n<h3 class=\"wp-block-heading has-tumma-sininen-color has-text-color has-link-color has-h-5-font-size wp-elements-b9593add1aaf7e41b9a1042da3471453\" style=\"line-height:1.5\"><strong>Asukkaan itsearviointi<\/strong><\/h3>\n\n\n\n<p class=\"has-tumma-sininen-color has-text-color has-link-color has-body-font-size wp-elements-ec22082b98904f9164e3f29719dadcd2\" style=\"line-height:1.5\">Oirearvioiden avulla asukas voi arvioida itsen\u00e4isesti oireitaan ajasta ja<br>paikasta riippumatta, ja saada niihin luotettavaan l\u00e4\u00e4ketieteelliseen<br>tietoon perustuvia itsehoito-ohjeita tai ohjeita hoitoon hakeutumisesta.<\/p>\n<\/div>\n<\/div>\n<\/div>\n<\/div>\n\n\n\n<div class=\"wp-block-columns alignfull has-tumma-sininen-background-color has-background is-layout-flex wp-container-core-columns-is-layout-d31bdbff wp-block-columns-is-layout-flex\" style=\"padding-top:var(--wp--preset--spacing--60);padding-right:var(--wp--preset--spacing--40);padding-bottom:var(--wp--preset--spacing--50);padding-left:var(--wp--preset--spacing--40)\">\n<div class=\"wp-block-column is-layout-flow wp-block-column-is-layout-flow\">\n<div class=\"wp-block-group has-global-padding is-layout-constrained wp-container-core-group-is-layout-abb6fe41 wp-block-group-is-layout-constrained\">\n<h2 class=\"wp-block-heading has-text-align-center has-base-color has-text-color has-link-color has-opensans-font-family has-h-3-font-size wp-elements-03f15b8a998c97b09ab1248fc8cd1d96\" style=\"line-height:1.3\"><strong>Kiinnostuitko? J\u00e4t\u00e4 yhteystietosi, niin asiantuntijamme on sinuun yhteydess\u00e4.<\/strong><\/h2>\n\n\n\n<div class=\"wp-block-buttons is-content-justification-center is-layout-flex wp-container-core-buttons-is-layout-a6d9f191 wp-block-buttons-is-layout-flex\" style=\"margin-top:var(--wp--preset--spacing--40);margin-bottom:var(--wp--preset--spacing--40)\">\n<div class=\"wp-block-button ota-yhteytta-btn btn-light\"><a class=\"wp-block-button__link has-tumma-sininen-color has-base-background-color has-text-color has-background has-link-color has-border-color has-base-border-color has-opensans-font-family has-h-4-font-size has-text-align-center has-custom-font-size wp-element-button\" style=\"border-width:1px;padding-top:var(--wp--preset--spacing--30);padding-right:var(--wp--preset--spacing--60);padding-bottom:var(--wp--preset--spacing--30);padding-left:var(--wp--preset--spacing--60)\">Ota yhteytt\u00e4<\/a><\/div>\n<\/div>\n<\/div>\n<\/div>\n<\/div>\n\n\n\n<div class=\"wp-block-columns alignfull is-layout-flex wp-container-core-columns-is-layout-44590b80 wp-block-columns-is-layout-flex\" style=\"margin-top:0;margin-bottom:0;padding-top:0;padding-bottom:0\">\n<div class=\"wp-block-column is-layout-flow wp-container-core-column-is-layout-92d440f1 wp-block-column-is-layout-flow\" style=\"padding-top:0;padding-bottom:0\"><\/div>\n<\/div>\n\n\n\n<p><\/p>\n","protected":false},"excerpt":{"rendered":"<p>Palvelun sujuvoittamista \u2028digitaalisen itsearvioinnin avulla DuodecimOirearviot Duodecim Oirearviot koostuvat useista digitaalisistaoirearviolomakkeista, jotka on luotu sujuvoittamaanterveydenhuollon ammattilaisten ja organisaatioiden ty\u00f6t\u00e4.Asukas voi t\u00e4ytt\u00e4\u00e4 ajasta ja paikasta riippumatta itsen\u00e4isestioireisiinsa sopivan oirearvion, joka tukee hoidon tarpeen jakiireellisyyden arviointia. Oirearvioita on laadittu yleisempiin tilanteisiin, joissa asukkaat etsiv\u00e4tverkosta tietoa terveysongelman ratkaisuun. Oirearvioiden avullaasukas saa oireisiinsa liittyvi\u00e4, luotettavaan l\u00e4\u00e4ketieteelliseen tietoonperustuvia itsehoito-ohjeita tai [&hellip;]<\/p>\n","protected":false},"author":746,"featured_media":0,"parent":0,"menu_order":0,"comment_status":"closed","ping_status":"closed","template":"subsite-no-title","meta":{"_desktop_image":"","_mobile_image":"","footnotes":""},"class_list":["post-321","page","type-page","status-publish","hentry"],"_links":{"self":[{"href":"https:\/\/www.duodecim.fi\/ebmeds\/wp-json\/wp\/v2\/pages\/321","targetHints":{"allow":["GET"]}}],"collection":[{"href":"https:\/\/www.duodecim.fi\/ebmeds\/wp-json\/wp\/v2\/pages"}],"about":[{"href":"https:\/\/www.duodecim.fi\/ebmeds\/wp-json\/wp\/v2\/types\/page"}],"author":[{"embeddable":true,"href":"https:\/\/www.duodecim.fi\/ebmeds\/wp-json\/wp\/v2\/users\/746"}],"replies":[{"embeddable":true,"href":"https:\/\/www.duodecim.fi\/ebmeds\/wp-json\/wp\/v2\/comments?post=321"}],"version-history":[{"count":7,"href":"https:\/\/www.duodecim.fi\/ebmeds\/wp-json\/wp\/v2\/pages\/321\/revisions"}],"predecessor-version":[{"id":1813,"href":"https:\/\/www.duodecim.fi\/ebmeds\/wp-json\/wp\/v2\/pages\/321\/revisions\/1813"}],"wp:attachment":[{"href":"https:\/\/www.duodecim.fi\/ebmeds\/wp-json\/wp\/v2\/media?parent=321"}],"curies":[{"name":"wp","href":"https:\/\/api.w.org\/{rel}","templated":true}]}}