{"id":319,"date":"2025-04-01T12:33:13","date_gmt":"2025-04-01T12:33:13","guid":{"rendered":"http:\/\/duodecim.local\/?page_id=319"},"modified":"2026-03-06T14:03:31","modified_gmt":"2026-03-06T12:03:31","slug":"omahoito","status":"publish","type":"page","link":"https:\/\/www.duodecim.fi\/ebmeds\/omahoito\/","title":{"rendered":"Omahoito"},"content":{"rendered":"\n<div class=\"wp-block-group has-global-padding is-layout-constrained wp-container-core-group-is-layout-5afeb8b5 wp-block-group-is-layout-constrained\" style=\"padding-top:var(--wp--preset--spacing--50);padding-right:var(--wp--preset--spacing--40);padding-bottom:0;padding-left:var(--wp--preset--spacing--40)\">\n<figure class=\"wp-block-image aligncenter size-full is-resized subsite-nav-logo\"><img decoding=\"async\" src=\"https:\/\/www.duodecim.fi\/ebmeds\/wp-content\/uploads\/sites\/20\/2025\/04\/logo-omahoito.svg\" alt=\"\" class=\"wp-image-826\" style=\"width:auto;height:45px\"\/><\/figure>\n\n\n\n<h1 class=\"wp-block-heading has-text-align-center has-tumma-sininen-color has-text-color has-link-color has-h-1-font-size wp-elements-9b12573dad49d4caba3469ef737126b2\" style=\"margin-top:var(--wp--preset--spacing--40);margin-bottom:var(--wp--preset--spacing--50);padding-right:0;padding-left:0;line-height:1.5\">Vaikuttavaa ja tasalaatuista hoitoa \u2028tietopakettien tuella<\/h1>\n<\/div>\n\n\n\n<div class=\"wp-block-cover alignwide is-light\" style=\"margin-top:0;margin-bottom:0;padding-top:0;padding-bottom:0\"><img loading=\"lazy\" decoding=\"async\" width=\"1024\" height=\"413\" class=\"wp-block-cover__image-background wp-image-1281 size-large\" alt=\"\" src=\"https:\/\/www.duodecim.fi\/ebmeds\/wp-content\/uploads\/sites\/20\/2025\/08\/Omahoito_hero-scaled-3-1024x413.jpeg\" data-object-fit=\"cover\" srcset=\"https:\/\/www.duodecim.fi\/ebmeds\/wp-content\/uploads\/sites\/20\/2025\/08\/Omahoito_hero-scaled-3-1024x413.jpeg 1024w, https:\/\/www.duodecim.fi\/ebmeds\/wp-content\/uploads\/sites\/20\/2025\/08\/Omahoito_hero-scaled-3-300x121.jpeg 300w, https:\/\/www.duodecim.fi\/ebmeds\/wp-content\/uploads\/sites\/20\/2025\/08\/Omahoito_hero-scaled-3-768x310.jpeg 768w, https:\/\/www.duodecim.fi\/ebmeds\/wp-content\/uploads\/sites\/20\/2025\/08\/Omahoito_hero-scaled-3-1536x620.jpeg 1536w, https:\/\/www.duodecim.fi\/ebmeds\/wp-content\/uploads\/sites\/20\/2025\/08\/Omahoito_hero-scaled-3-2048x826.jpeg 2048w\" sizes=\"auto, (max-width: 1024px) 100vw, 1024px\" \/><span aria-hidden=\"true\" class=\"wp-block-cover__background has-background-dim-0 has-background-dim\"><\/span><div class=\"wp-block-cover__inner-container has-global-padding is-layout-constrained wp-container-core-cover-is-layout-93f53ff7 wp-block-cover-is-layout-constrained\">\n<p class=\"has-text-align-center has-large-font-size\"><\/p>\n<\/div><\/div>\n\n\n\n<div class=\"wp-block-group has-global-padding is-layout-constrained wp-block-group-is-layout-constrained\">\n<div class=\"wp-block-columns is-layout-flex wp-container-core-columns-is-layout-fcacad70 wp-block-columns-is-layout-flex\" style=\"margin-top:var(--wp--preset--spacing--70);margin-bottom:var(--wp--preset--spacing--70)\">\n<div class=\"wp-block-column is-layout-flow wp-block-column-is-layout-flow\" style=\"padding-right:var(--wp--preset--spacing--40);padding-left:var(--wp--preset--spacing--40);flex-basis:25%\">\n<h2 class=\"wp-block-heading has-tumma-sininen-color has-text-color has-link-color has-h-3-font-size wp-elements-8b79cbc0da5a40c8c27287ba5d66b2fc\" style=\"line-height:1.4\">Duodecim<br>Omahoito<\/h2>\n<\/div>\n\n\n\n<div class=\"wp-block-column is-layout-flow wp-block-column-is-layout-flow\" style=\"padding-right:var(--wp--preset--spacing--40);padding-left:var(--wp--preset--spacing--40);flex-basis:60%\">\n<p class=\"has-tumma-sininen-color has-text-color has-link-color has-body-font-size wp-elements-8bcc83078017fc0533fd9557e20f45b4\" style=\"line-height:1.5\"><strong>Duodecim Omahoito -palvelu tarjoaa kansalaiselle konkreettista tietoa oman pitk\u00e4aikaissairauden hoidon ja seurannan toteuttamisesta \u2013 my\u00f6s omaisten ja l\u00e4heisten k\u00e4ytt\u00f6\u00f6n.<\/strong><\/p>\n\n\n\n<p class=\"has-tumma-sininen-color has-text-color has-link-color has-body-font-size wp-elements-91c5312f04ff89bae749041036b6143c\" style=\"line-height:1.5\">Omahoito-ty\u00f6kalu tukee ja t\u00e4ydent\u00e4\u00e4 terveydenhuollon ammattihenkil\u00f6iden vastaanotoilla antamaa omahoidon ohjausta.<br><br>Luotettavaa Omahoitoa hy\u00f6dynt\u00e4m\u00e4ll\u00e4 terveydenhuollon ammattilaiset ja organisaatiot pystyv\u00e4t parantamaan hoidon vaikuttavuutta sek\u00e4 varmistamaan hoidon tasalaatuisuuden.<\/p>\n<\/div>\n<\/div>\n\n\n\n<div class=\"wp-block-columns is-layout-flex wp-container-core-columns-is-layout-954ec4bb wp-block-columns-is-layout-flex\" style=\"padding-right:var(--wp--preset--spacing--40);padding-left:var(--wp--preset--spacing--40)\">\n<div class=\"wp-block-column is-layout-flow wp-block-column-is-layout-flow\">\n<hr class=\"wp-block-separator has-text-color has-tumma-sininen-color has-alpha-channel-opacity has-tumma-sininen-background-color has-background\" style=\"margin-top:0;margin-bottom:0\"\/>\n<\/div>\n<\/div>\n\n\n\n<div class=\"wp-block-group has-global-padding is-layout-constrained wp-block-group-is-layout-constrained\">\n<h2 class=\"wp-block-heading has-tumma-sininen-color has-text-color has-link-color has-h-3-font-size wp-elements-652b87221dc0e77be53f52c9bc2ca2c7\" style=\"margin-top:var(--wp--preset--spacing--60);padding-right:var(--wp--preset--spacing--40);padding-left:var(--wp--preset--spacing--40)\">N\u00e4in Omahoito-ty\u00f6kalu auttaa ammattilaista ja organisaatiota:<\/h2>\n\n\n\n<div class=\"wp-block-columns subsite-four-columns icon-columns is-layout-flex wp-container-core-columns-is-layout-ec876f46 wp-block-columns-is-layout-flex\" style=\"margin-top:var(--wp--preset--spacing--60);margin-bottom:var(--wp--preset--spacing--60);padding-right:var(--wp--preset--spacing--40);padding-left:var(--wp--preset--spacing--40)\">\n<div class=\"wp-block-column is-layout-flow wp-container-core-column-is-layout-f5bb311e wp-block-column-is-layout-flow\">\n<figure class=\"wp-block-image size-full is-resized\"><img decoding=\"async\" src=\"https:\/\/www.duodecim.fi\/ebmeds\/wp-content\/uploads\/sites\/20\/2025\/04\/Ikoni-potilas.svg\" alt=\"\" class=\"wp-image-809\" style=\"width:auto;height:120px\"\/><\/figure>\n\n\n\n<h3 class=\"wp-block-heading has-tumma-sininen-color has-text-color has-link-color has-h-5-font-size wp-elements-050dfbbd88cafcf00a35c8e742456b85\" style=\"line-height:1.5\"><strong>Potilaista omatoimisempia<\/strong><\/h3>\n\n\n\n<p class=\"has-tumma-sininen-color has-text-color has-link-color has-body-font-size wp-elements-86789b4174e086201c72f9c4b5043bfc\" style=\"line-height:1.5\">Terveydenhuollon resursseja vapautuu, kun potilaat pystyv\u00e4t esimerkiksi kuntouttamaan itse itse\u00e4\u00e4n Omahoito-ty\u00f6kalun ohjeiden mukaisesti.<\/p>\n<\/div>\n\n\n\n<div class=\"wp-block-column is-layout-flow wp-container-core-column-is-layout-f5bb311e wp-block-column-is-layout-flow\">\n<figure class=\"wp-block-image size-full is-resized\"><img decoding=\"async\" src=\"https:\/\/www.duodecim.fi\/ebmeds\/wp-content\/uploads\/sites\/20\/2025\/04\/Ikoni-mobile-chat.svg\" alt=\"\" class=\"wp-image-808\" style=\"width:auto;height:120px\"\/><\/figure>\n\n\n\n<h3 class=\"wp-block-heading has-tumma-sininen-color has-text-color has-link-color has-h-5-font-size wp-elements-a6f3946abd65f46081857212bf00dc10\" style=\"line-height:1.5\"><strong>Varmasti tasalaatuinen hoito<\/strong><\/h3>\n\n\n\n<p class=\"has-tumma-sininen-color has-text-color has-link-color has-body-font-size wp-elements-85187505f7e7c919684ca84efe2db1ea\" style=\"line-height:1.5\">Organisaatio varmistaa hoidon tasalaatuisuuden, kun jokainen ammattilainen pystyy jakamaan potilaalleen saman, yhten\u00e4isen, ajantasaisen tiedon Omahoito-tietopankeista.<\/p>\n<\/div>\n\n\n\n<div class=\"wp-block-column is-layout-flow wp-container-core-column-is-layout-f5bb311e wp-block-column-is-layout-flow\">\n<figure class=\"wp-block-image size-full is-resized\"><img decoding=\"async\" src=\"https:\/\/www.duodecim.fi\/ebmeds\/wp-content\/uploads\/sites\/20\/2025\/04\/Ikoni-hoito.svg\" alt=\"\" class=\"wp-image-805\" style=\"width:auto;height:120px\"\/><\/figure>\n\n\n\n<h3 class=\"wp-block-heading has-tumma-sininen-color has-text-color has-link-color has-h-5-font-size wp-elements-a7fc87a966897c3e8e4df0f06231fdc9\" style=\"line-height:1.5\"><strong>Luotettava tieto potilaan tukena<\/strong><\/h3>\n\n\n\n<p class=\"has-tumma-sininen-color has-text-color has-link-color has-body-font-size wp-elements-10fd906e1295970e9e74339f91219afe\" style=\"line-height:1.5\">Ammattilainen voi olla varma, ett\u00e4 potilas p\u00e4\u00e4see hoitoa edesauttavan tiedon \u00e4\u00e4relle my\u00f6s vastaanoton ulkopuolella, jolloin hoito varmasti edistyy.<\/p>\n<\/div>\n\n\n\n<div class=\"wp-block-column is-layout-flow wp-container-core-column-is-layout-f5bb311e wp-block-column-is-layout-flow\">\n<figure class=\"wp-block-image size-full is-resized\"><img decoding=\"async\" src=\"https:\/\/www.duodecim.fi\/ebmeds\/wp-content\/uploads\/sites\/20\/2025\/04\/Ikoni-laite-sydan.svg\" alt=\"\" class=\"wp-image-807\" style=\"width:auto;height:120px\"\/><\/figure>\n\n\n\n<h3 class=\"wp-block-heading has-tumma-sininen-color has-text-color has-link-color has-h-5-font-size wp-elements-2b636f740a84cf051b374cec905979dd\" style=\"line-height:1.5\"><strong>Hoidon vaikuttavuus<\/strong><\/h3>\n\n\n\n<p class=\"has-tumma-sininen-color has-text-color has-link-color has-body-font-size wp-elements-ca55f65e05e9ef058cc157bcf8470d04\" style=\"line-height:1.5\">Omahoito-ty\u00f6kalun kokoamat ohjeet ja neuvot ovat perusteellisia ja selkeit\u00e4, eli ne varmistavat hoidon vaikuttavuuden.<\/p>\n<\/div>\n<\/div>\n<\/div>\n<\/div>\n\n\n\n<div class=\"wp-block-columns alignfull is-layout-flex wp-container-core-columns-is-layout-44590b80 wp-block-columns-is-layout-flex\" style=\"margin-top:0;margin-bottom:0;padding-top:0;padding-bottom:0\">\n<div class=\"wp-block-column is-layout-flow wp-container-core-column-is-layout-92d440f1 wp-block-column-is-layout-flow\" style=\"padding-top:0;padding-bottom:0\"><\/div>\n<\/div>\n\n\n\n<div class=\"wp-block-group alignwide has-tumma-sininen-background-color has-background has-global-padding is-layout-constrained wp-container-core-group-is-layout-ca038469 wp-block-group-is-layout-constrained\" style=\"margin-top:0;margin-bottom:0;padding-top:var(--wp--preset--spacing--50);padding-right:var(--wp--preset--spacing--40);padding-bottom:var(--wp--preset--spacing--50);padding-left:var(--wp--preset--spacing--40)\">\n<h2 class=\"wp-block-heading has-base-color has-text-color has-link-color has-h-3-font-size wp-elements-fd163191bbcddc592cb22a6370b2de52\">Asiantuntevia ohjeita terveytesi tueksi!<\/h2>\n\n\n\n<div class=\"wp-block-columns is-layout-flex wp-container-core-columns-is-layout-be65f10a wp-block-columns-is-layout-flex\" style=\"margin-top:var(--wp--preset--spacing--50);margin-bottom:var(--wp--preset--spacing--30)\">\n<div class=\"wp-block-column manual-block is-layout-flow wp-container-core-column-is-layout-9e7c6d94 wp-block-column-is-layout-flow\" style=\"padding-right:var(--wp--preset--spacing--70);flex-basis:20%\"><\/div>\n\n\n\n<div class=\"wp-block-column is-layout-flow wp-block-column-is-layout-flow\"><\/div>\n\n\n\n<div class=\"wp-block-column courses-block is-layout-flow wp-block-column-is-layout-flow\" style=\"flex-basis:80%\">\n<div class=\"wp-block-group is-content-justification-left is-layout-flex wp-container-core-group-is-layout-b20be981 wp-block-group-is-layout-flex\">\n<p><\/p>\n<\/div>\n<\/div>\n\n\n\n<div class=\"wp-block-column is-layout-flow wp-block-column-is-layout-flow\"><\/div>\n<\/div>\n<\/div>\n","protected":false},"excerpt":{"rendered":"<p>Vaikuttavaa ja tasalaatuista hoitoa \u2028tietopakettien tuella DuodecimOmahoito Duodecim Omahoito -palvelu tarjoaa kansalaiselle konkreettista tietoa oman pitk\u00e4aikaissairauden hoidon ja seurannan toteuttamisesta \u2013 my\u00f6s omaisten ja l\u00e4heisten k\u00e4ytt\u00f6\u00f6n. Omahoito-ty\u00f6kalu tukee ja t\u00e4ydent\u00e4\u00e4 terveydenhuollon ammattihenkil\u00f6iden vastaanotoilla antamaa omahoidon ohjausta. Luotettavaa Omahoitoa hy\u00f6dynt\u00e4m\u00e4ll\u00e4 terveydenhuollon ammattilaiset ja organisaatiot pystyv\u00e4t parantamaan hoidon vaikuttavuutta sek\u00e4 varmistamaan hoidon tasalaatuisuuden. N\u00e4in Omahoito-ty\u00f6kalu auttaa ammattilaista [&hellip;]<\/p>\n","protected":false},"author":746,"featured_media":0,"parent":0,"menu_order":0,"comment_status":"closed","ping_status":"closed","template":"subsite-no-title","meta":{"_desktop_image":"","_mobile_image":"","footnotes":""},"class_list":["post-319","page","type-page","status-publish","hentry"],"_links":{"self":[{"href":"https:\/\/www.duodecim.fi\/ebmeds\/wp-json\/wp\/v2\/pages\/319","targetHints":{"allow":["GET"]}}],"collection":[{"href":"https:\/\/www.duodecim.fi\/ebmeds\/wp-json\/wp\/v2\/pages"}],"about":[{"href":"https:\/\/www.duodecim.fi\/ebmeds\/wp-json\/wp\/v2\/types\/page"}],"author":[{"embeddable":true,"href":"https:\/\/www.duodecim.fi\/ebmeds\/wp-json\/wp\/v2\/users\/746"}],"replies":[{"embeddable":true,"href":"https:\/\/www.duodecim.fi\/ebmeds\/wp-json\/wp\/v2\/comments?post=319"}],"version-history":[{"count":8,"href":"https:\/\/www.duodecim.fi\/ebmeds\/wp-json\/wp\/v2\/pages\/319\/revisions"}],"predecessor-version":[{"id":1812,"href":"https:\/\/www.duodecim.fi\/ebmeds\/wp-json\/wp\/v2\/pages\/319\/revisions\/1812"}],"wp:attachment":[{"href":"https:\/\/www.duodecim.fi\/ebmeds\/wp-json\/wp\/v2\/media?parent=319"}],"curies":[{"name":"wp","href":"https:\/\/api.w.org\/{rel}","templated":true}]}}